{"id":7748,"date":"2024-12-24T12:41:54","date_gmt":"2024-12-24T11:41:54","guid":{"rendered":"https:\/\/buonamici.it\/?post_type=product&#038;p=7748"},"modified":"2024-03-25T16:51:20","modified_gmt":"2024-03-25T15:51:20","slug":"huile-dolive-extra-vierge-italienne-biologique-750ml","status":"publish","type":"product","link":"https:\/\/buonamici.it\/fr\/prodotto\/huile-dolive-extra-vierge-italienne-biologique-750ml\/","title":{"rendered":"Huile d&rsquo;Olive Extra Vierge Italienne Biologique 750ml"},"content":{"rendered":"<pre class=\"tw-data-text tw-text-large tw-ta\" dir=\"ltr\" data-placeholder=\"Traduzione\" aria-label=\"Testo tradotto\" data-ved=\"2ahUKEwjWp-Dr4Y-FAxVqgP0HHcFDAmAQ3ewLegQIFBAU\"><span class=\"Y2IQFc\" lang=\"fr\">Cette huile biologique est obtenue \u00e0 partir d'une s\u00e9lection rigoureuse des meilleures olives italiennes.\r\n\r\n<\/span><\/pre>\n<pre id=\"tw-target-text\" class=\"tw-data-text tw-text-large tw-ta\" dir=\"ltr\" data-placeholder=\"Traduzione\" aria-label=\"Testo tradotto\" data-ved=\"2ahUKEwjWp-Dr4Y-FAxVqgP0HHcFDAmAQ3ewLegQIFBAU\"><span class=\"Y2IQFc\" lang=\"fr\">Les olives sont r\u00e9colt\u00e9es entre octobre et novembre et press\u00e9es \u00e0 froid dans les 24 heures suivant la r\u00e9colte dans un moulin \u00e0 cycle continu\r\n\u00e0 impact oxydatif r\u00e9duit.<\/span><\/pre>\n<pre id=\"tw-target-text\" class=\"tw-data-text tw-text-large tw-ta\" dir=\"ltr\" data-placeholder=\"Traduzione\" aria-label=\"Testo tradotto\" data-ved=\"2ahUKEwjWp-Dr4Y-FAxVqgP0HHcFDAmAQ3ewLegQIFBAU\"><span class=\"Y2IQFc\" lang=\"fr\">Son ar\u00f4me est intense et fruit\u00e9 avec des notes d'olive verte et d'amande. Le go\u00fbt \u00e9quilibr\u00e9.<\/span><\/pre>\n","protected":false},"excerpt":{"rendered":"<p>Cette huile biologique est obtenue \u00e0 partir d&rsquo;une s\u00e9lection rigoureuse des meilleures olives italiennes. Les olives sont r\u00e9colt\u00e9es entre octobre et novembre et press\u00e9es \u00e0 froid dans les 24 heures suivant la r\u00e9colte dans un moulin \u00e0 cycle continu \u00e0 impact oxydatif r\u00e9duit. Son ar\u00f4me est intense et fruit\u00e9 avec des notes d&rsquo;olive verte et <a href=\"https:\/\/buonamici.it\/fr\/prodotto\/huile-dolive-extra-vierge-italienne-biologique-750ml\/\" class=\"more-link\">&#8230;<span class=\"screen-reader-text\">  Huile d&rsquo;Olive Extra Vierge Italienne Biologique 750ml<\/span><\/a><\/p>\n","protected":false},"featured_media":0,"template":"","meta":{"_acf_changed":false,"_uag_custom_page_level_css":""},"product_cat":[35],"product_tag":[],"class_list":{"0":"post-7748","1":"product","2":"type-product","3":"status-publish","5":"product_cat-oli-fr","7":"first","8":"outofstock","9":"shipping-taxable","10":"purchasable","11":"product-type-simple"},"acf":[],"yoast_head":"<!-- This site is optimized with the Yoast SEO plugin v24.2 - https:\/\/yoast.com\/wordpress\/plugins\/seo\/ -->\n<title>Huile d&#039;Olive Extra Vierge Italienne Biologique 750ml - Buonamici<\/title>\n<meta name=\"robots\" content=\"index, follow, max-snippet:-1, max-image-preview:large, max-video-preview:-1\" \/>\n<link rel=\"canonical\" href=\"https:\/\/buonamici.it\/?post_type=product&p=7745\" \/>\n<meta property=\"og:locale\" content=\"fr_FR\" \/>\n<meta property=\"og:type\" content=\"article\" \/>\n<meta property=\"og:title\" content=\"Huile d&#039;Olive Extra Vierge Italienne Biologique 750ml - Buonamici\" \/>\n<meta property=\"og:description\" content=\"Cette huile biologique est obtenue \u00e0 partir d&#039;une s\u00e9lection rigoureuse des meilleures olives italiennes. Les olives sont r\u00e9colt\u00e9es entre octobre et novembre et press\u00e9es \u00e0 froid dans les 24 heures suivant la r\u00e9colte dans un moulin \u00e0 cycle continu \u00e0 impact oxydatif r\u00e9duit. Son ar\u00f4me est intense et fruit\u00e9 avec des notes d&#039;olive verte et ... Huile d&rsquo;Olive Extra Vierge Italienne Biologique 750ml\" \/>\n<meta property=\"og:url\" content=\"https:\/\/buonamici.it\/?post_type=product&amp;p=7745\" \/>\n<meta property=\"og:site_name\" content=\"Buonamici\" \/>\n<meta property=\"article:modified_time\" content=\"2024-03-25T15:51:20+00:00\" \/>\n<meta name=\"twitter:card\" content=\"summary_large_image\" \/>\n<script type=\"application\/ld+json\" class=\"yoast-schema-graph\">{\"@context\":\"https:\/\/schema.org\",\"@graph\":[{\"@type\":\"WebPage\",\"@id\":\"https:\/\/buonamici.it\/?post_type=product&p=7745\",\"url\":\"https:\/\/buonamici.it\/?post_type=product&p=7745\",\"name\":\"Huile d'Olive Extra Vierge Italienne Biologique 750ml - Buonamici\",\"isPartOf\":{\"@id\":\"https:\/\/buonamici.it\/en\/#website\"},\"datePublished\":\"2024-12-24T11:41:54+00:00\",\"dateModified\":\"2024-03-25T15:51:20+00:00\",\"breadcrumb\":{\"@id\":\"https:\/\/buonamici.it\/?post_type=product&p=7745#breadcrumb\"},\"inLanguage\":\"fr-FR\",\"potentialAction\":[{\"@type\":\"ReadAction\",\"target\":[\"https:\/\/buonamici.it\/?post_type=product&p=7745\"]}]},{\"@type\":\"BreadcrumbList\",\"@id\":\"https:\/\/buonamici.it\/?post_type=product&p=7745#breadcrumb\",\"itemListElement\":[{\"@type\":\"ListItem\",\"position\":1,\"name\":\"Home\",\"item\":\"https:\/\/buonamici.it\/fr\/\"},{\"@type\":\"ListItem\",\"position\":2,\"name\":\"Shop\",\"item\":\"https:\/\/buonamici.it\/fr\/negozio\/\"},{\"@type\":\"ListItem\",\"position\":3,\"name\":\"Huile d&#8217;Olive Extra Vierge Italienne Biologique 750ml\"}]},{\"@type\":\"WebSite\",\"@id\":\"https:\/\/buonamici.it\/en\/#website\",\"url\":\"https:\/\/buonamici.it\/en\/\",\"name\":\"Buonamici\",\"description\":\"Un nuovo sito targato WordPress\",\"potentialAction\":[{\"@type\":\"SearchAction\",\"target\":{\"@type\":\"EntryPoint\",\"urlTemplate\":\"https:\/\/buonamici.it\/en\/?s={search_term_string}\"},\"query-input\":{\"@type\":\"PropertyValueSpecification\",\"valueRequired\":true,\"valueName\":\"search_term_string\"}}],\"inLanguage\":\"fr-FR\"}]}<\/script>\n<!-- \/ Yoast SEO plugin. -->","yoast_head_json":{"title":"Huile d'Olive Extra Vierge Italienne Biologique 750ml - Buonamici","robots":{"index":"index","follow":"follow","max-snippet":"max-snippet:-1","max-image-preview":"max-image-preview:large","max-video-preview":"max-video-preview:-1"},"canonical":"https:\/\/buonamici.it\/?post_type=product&p=7745","og_locale":"fr_FR","og_type":"article","og_title":"Huile d'Olive Extra Vierge Italienne Biologique 750ml - Buonamici","og_description":"Cette huile biologique est obtenue \u00e0 partir d'une s\u00e9lection rigoureuse des meilleures olives italiennes. Les olives sont r\u00e9colt\u00e9es entre octobre et novembre et press\u00e9es \u00e0 froid dans les 24 heures suivant la r\u00e9colte dans un moulin \u00e0 cycle continu \u00e0 impact oxydatif r\u00e9duit. Son ar\u00f4me est intense et fruit\u00e9 avec des notes d'olive verte et ... Huile d&rsquo;Olive Extra Vierge Italienne Biologique 750ml","og_url":"https:\/\/buonamici.it\/?post_type=product&p=7745","og_site_name":"Buonamici","article_modified_time":"2024-03-25T15:51:20+00:00","twitter_card":"summary_large_image","schema":{"@context":"https:\/\/schema.org","@graph":[{"@type":"WebPage","@id":"https:\/\/buonamici.it\/?post_type=product&p=7745","url":"https:\/\/buonamici.it\/?post_type=product&p=7745","name":"Huile d'Olive Extra Vierge Italienne Biologique 750ml - Buonamici","isPartOf":{"@id":"https:\/\/buonamici.it\/en\/#website"},"datePublished":"2024-12-24T11:41:54+00:00","dateModified":"2024-03-25T15:51:20+00:00","breadcrumb":{"@id":"https:\/\/buonamici.it\/?post_type=product&p=7745#breadcrumb"},"inLanguage":"fr-FR","potentialAction":[{"@type":"ReadAction","target":["https:\/\/buonamici.it\/?post_type=product&p=7745"]}]},{"@type":"BreadcrumbList","@id":"https:\/\/buonamici.it\/?post_type=product&p=7745#breadcrumb","itemListElement":[{"@type":"ListItem","position":1,"name":"Home","item":"https:\/\/buonamici.it\/fr\/"},{"@type":"ListItem","position":2,"name":"Shop","item":"https:\/\/buonamici.it\/fr\/negozio\/"},{"@type":"ListItem","position":3,"name":"Huile d&#8217;Olive Extra Vierge Italienne Biologique 750ml"}]},{"@type":"WebSite","@id":"https:\/\/buonamici.it\/en\/#website","url":"https:\/\/buonamici.it\/en\/","name":"Buonamici","description":"Un nuovo sito targato WordPress","potentialAction":[{"@type":"SearchAction","target":{"@type":"EntryPoint","urlTemplate":"https:\/\/buonamici.it\/en\/?s={search_term_string}"},"query-input":{"@type":"PropertyValueSpecification","valueRequired":true,"valueName":"search_term_string"}}],"inLanguage":"fr-FR"}]}},"uagb_featured_image_src":{"full":false,"thumbnail":false,"medium":false,"medium_large":false,"large":false,"1536x1536":false,"2048x2048":false,"woocommerce_thumbnail":false,"woocommerce_single":false,"woocommerce_gallery_thumbnail":false},"uagb_author_info":{"display_name":"info@buonamici.it","author_link":"https:\/\/buonamici.it\/fr\/author\/"},"uagb_comment_info":0,"uagb_excerpt":"Cette huile biologique est obtenue \u00e0 partir d'une s\u00e9lection rigoureuse des meilleures olives italiennes. Les olives sont r\u00e9colt\u00e9es entre octobre et novembre et press\u00e9es \u00e0 froid dans les 24 heures suivant la r\u00e9colte dans un moulin \u00e0 cycle continu \u00e0 impact oxydatif r\u00e9duit. Son ar\u00f4me est intense et fruit\u00e9 avec des notes d'olive verte et\u2026","_links":{"self":[{"href":"https:\/\/buonamici.it\/fr\/wp-json\/wp\/v2\/product\/7748","targetHints":{"allow":["GET"]}}],"collection":[{"href":"https:\/\/buonamici.it\/fr\/wp-json\/wp\/v2\/product"}],"about":[{"href":"https:\/\/buonamici.it\/fr\/wp-json\/wp\/v2\/types\/product"}],"wp:attachment":[{"href":"https:\/\/buonamici.it\/fr\/wp-json\/wp\/v2\/media?parent=7748"}],"wp:term":[{"taxonomy":"product_cat","embeddable":true,"href":"https:\/\/buonamici.it\/fr\/wp-json\/wp\/v2\/product_cat?post=7748"},{"taxonomy":"product_tag","embeddable":true,"href":"https:\/\/buonamici.it\/fr\/wp-json\/wp\/v2\/product_tag?post=7748"}],"curies":[{"name":"wp","href":"https:\/\/api.w.org\/{rel}","templated":true}]}}