{"id":7723,"date":"2024-02-26T18:32:02","date_gmt":"2024-02-26T17:32:02","guid":{"rendered":"https:\/\/buonamici.it\/?post_type=product&#038;p=7723"},"modified":"2024-02-26T21:38:16","modified_gmt":"2024-02-26T20:38:16","slug":"huile-dolive-extra-vierge-biologique-coratina-cesare-buonamici","status":"publish","type":"product","link":"https:\/\/buonamici.it\/fr\/prodotto\/huile-dolive-extra-vierge-biologique-coratina-cesare-buonamici\/","title":{"rendered":"Huile d\u2019olive extra vierge biologique Coratina Cesare Buonamici"},"content":{"rendered":"<p>Cette huile biologique monocultivar Coratina est obtenue \u00e0 partir des seules olives de la vari\u00e9t\u00e9 Coratina. Les olives sont r\u00e9colt\u00e9es entre Octobre et Novembre et broy\u00e9es \u00e0 froid dans les 12 heures suivant la r\u00e9colte dans le moulin \u00e0 cycle continu avec un impact oxydatif r\u00e9duit. L\u2019odeur est intense et fruit\u00e9e, avec des notes d\u2019herbe fra\u00eeche et d\u2019amande et un go\u00fbt tr\u00e8s harmonieux. La couleur est vert \u00e9meraude claire.<\/p>\n","protected":false},"excerpt":{"rendered":"<p>Cette huile biologique monocultivar Coratina est obtenue \u00e0 partir des seules olives de la vari\u00e9t\u00e9 Coratina. Les olives sont r\u00e9colt\u00e9es entre Octobre et Novembre et broy\u00e9es \u00e0 froid dans les 12 heures suivant la r\u00e9colte dans le moulin \u00e0 cycle continu avec un impact oxydatif r\u00e9duit. L\u2019odeur est intense et fruit\u00e9e, avec des notes d\u2019herbe <a href=\"https:\/\/buonamici.it\/fr\/prodotto\/huile-dolive-extra-vierge-biologique-coratina-cesare-buonamici\/\" class=\"more-link\">&#8230;<span class=\"screen-reader-text\">  Huile d\u2019olive extra vierge biologique Coratina Cesare Buonamici<\/span><\/a><\/p>\n","protected":false},"featured_media":7726,"template":"","meta":{"_acf_changed":false,"_uag_custom_page_level_css":""},"product_cat":[35],"product_tag":[],"class_list":{"0":"post-7723","1":"product","2":"type-product","3":"status-publish","4":"has-post-thumbnail","6":"product_cat-oli-fr","8":"first","9":"instock","10":"shipping-taxable","11":"purchasable","12":"product-type-simple"},"acf":[],"yoast_head":"<!-- This site is optimized with the Yoast SEO plugin v24.2 - https:\/\/yoast.com\/wordpress\/plugins\/seo\/ -->\n<title>Huile d\u2019olive extra vierge biologique Coratina Cesare Buonamici - Buonamici<\/title>\n<meta name=\"robots\" content=\"index, follow, max-snippet:-1, max-image-preview:large, max-video-preview:-1\" \/>\n<link rel=\"canonical\" href=\"https:\/\/buonamici.it\/fr\/prodotto\/huile-dolive-extra-vierge-biologique-coratina-cesare-buonamici\/\" \/>\n<meta property=\"og:locale\" content=\"fr_FR\" \/>\n<meta property=\"og:type\" content=\"article\" \/>\n<meta property=\"og:title\" content=\"Huile d\u2019olive extra vierge biologique Coratina Cesare Buonamici - Buonamici\" \/>\n<meta property=\"og:description\" content=\"Cette huile biologique monocultivar Coratina est obtenue \u00e0 partir des seules olives de la vari\u00e9t\u00e9 Coratina. Les olives sont r\u00e9colt\u00e9es entre Octobre et Novembre et broy\u00e9es \u00e0 froid dans les 12 heures suivant la r\u00e9colte dans le moulin \u00e0 cycle continu avec un impact oxydatif r\u00e9duit. L\u2019odeur est intense et fruit\u00e9e, avec des notes d\u2019herbe ... Huile d\u2019olive extra vierge biologique Coratina Cesare Buonamici\" \/>\n<meta property=\"og:url\" content=\"https:\/\/buonamici.it\/fr\/prodotto\/huile-dolive-extra-vierge-biologique-coratina-cesare-buonamici\/\" \/>\n<meta property=\"og:site_name\" content=\"Buonamici\" \/>\n<meta property=\"article:modified_time\" content=\"2024-02-26T20:38:16+00:00\" \/>\n<meta name=\"twitter:card\" content=\"summary_large_image\" \/>\n<meta name=\"twitter:label1\" content=\"Dur\u00e9e de lecture estim\u00e9e\" \/>\n\t<meta name=\"twitter:data1\" content=\"1 minute\" \/>\n<script type=\"application\/ld+json\" class=\"yoast-schema-graph\">{\"@context\":\"https:\/\/schema.org\",\"@graph\":[{\"@type\":\"WebPage\",\"@id\":\"https:\/\/buonamici.it\/fr\/prodotto\/huile-dolive-extra-vierge-biologique-coratina-cesare-buonamici\/\",\"url\":\"https:\/\/buonamici.it\/fr\/prodotto\/huile-dolive-extra-vierge-biologique-coratina-cesare-buonamici\/\",\"name\":\"Huile d\u2019olive extra vierge biologique Coratina Cesare Buonamici - Buonamici\",\"isPartOf\":{\"@id\":\"https:\/\/buonamici.it\/en\/#website\"},\"primaryImageOfPage\":{\"@id\":\"https:\/\/buonamici.it\/fr\/prodotto\/huile-dolive-extra-vierge-biologique-coratina-cesare-buonamici\/#primaryimage\"},\"image\":{\"@id\":\"https:\/\/buonamici.it\/fr\/prodotto\/huile-dolive-extra-vierge-biologique-coratina-cesare-buonamici\/#primaryimage\"},\"thumbnailUrl\":\"https:\/\/buonamici.it\/wp-content\/uploads\/2024\/02\/CORATINA-pdf.jpg\",\"datePublished\":\"2024-02-26T17:32:02+00:00\",\"dateModified\":\"2024-02-26T20:38:16+00:00\",\"breadcrumb\":{\"@id\":\"https:\/\/buonamici.it\/fr\/prodotto\/huile-dolive-extra-vierge-biologique-coratina-cesare-buonamici\/#breadcrumb\"},\"inLanguage\":\"fr-FR\",\"potentialAction\":[{\"@type\":\"ReadAction\",\"target\":[\"https:\/\/buonamici.it\/fr\/prodotto\/huile-dolive-extra-vierge-biologique-coratina-cesare-buonamici\/\"]}]},{\"@type\":\"ImageObject\",\"inLanguage\":\"fr-FR\",\"@id\":\"https:\/\/buonamici.it\/fr\/prodotto\/huile-dolive-extra-vierge-biologique-coratina-cesare-buonamici\/#primaryimage\",\"url\":\"https:\/\/buonamici.it\/wp-content\/uploads\/2024\/02\/CORATINA-pdf.jpg\",\"contentUrl\":\"https:\/\/buonamici.it\/wp-content\/uploads\/2024\/02\/CORATINA-pdf.jpg\"},{\"@type\":\"BreadcrumbList\",\"@id\":\"https:\/\/buonamici.it\/fr\/prodotto\/huile-dolive-extra-vierge-biologique-coratina-cesare-buonamici\/#breadcrumb\",\"itemListElement\":[{\"@type\":\"ListItem\",\"position\":1,\"name\":\"Home\",\"item\":\"https:\/\/buonamici.it\/fr\/\"},{\"@type\":\"ListItem\",\"position\":2,\"name\":\"Shop\",\"item\":\"https:\/\/buonamici.it\/fr\/negozio\/\"},{\"@type\":\"ListItem\",\"position\":3,\"name\":\"Huile d\u2019olive extra vierge biologique Coratina Cesare Buonamici\"}]},{\"@type\":\"WebSite\",\"@id\":\"https:\/\/buonamici.it\/en\/#website\",\"url\":\"https:\/\/buonamici.it\/en\/\",\"name\":\"Buonamici\",\"description\":\"Un nuovo sito targato WordPress\",\"potentialAction\":[{\"@type\":\"SearchAction\",\"target\":{\"@type\":\"EntryPoint\",\"urlTemplate\":\"https:\/\/buonamici.it\/en\/?s={search_term_string}\"},\"query-input\":{\"@type\":\"PropertyValueSpecification\",\"valueRequired\":true,\"valueName\":\"search_term_string\"}}],\"inLanguage\":\"fr-FR\"}]}<\/script>\n<!-- \/ Yoast SEO plugin. -->","yoast_head_json":{"title":"Huile d\u2019olive extra vierge biologique Coratina Cesare Buonamici - Buonamici","robots":{"index":"index","follow":"follow","max-snippet":"max-snippet:-1","max-image-preview":"max-image-preview:large","max-video-preview":"max-video-preview:-1"},"canonical":"https:\/\/buonamici.it\/fr\/prodotto\/huile-dolive-extra-vierge-biologique-coratina-cesare-buonamici\/","og_locale":"fr_FR","og_type":"article","og_title":"Huile d\u2019olive extra vierge biologique Coratina Cesare Buonamici - Buonamici","og_description":"Cette huile biologique monocultivar Coratina est obtenue \u00e0 partir des seules olives de la vari\u00e9t\u00e9 Coratina. Les olives sont r\u00e9colt\u00e9es entre Octobre et Novembre et broy\u00e9es \u00e0 froid dans les 12 heures suivant la r\u00e9colte dans le moulin \u00e0 cycle continu avec un impact oxydatif r\u00e9duit. L\u2019odeur est intense et fruit\u00e9e, avec des notes d\u2019herbe ... Huile d\u2019olive extra vierge biologique Coratina Cesare Buonamici","og_url":"https:\/\/buonamici.it\/fr\/prodotto\/huile-dolive-extra-vierge-biologique-coratina-cesare-buonamici\/","og_site_name":"Buonamici","article_modified_time":"2024-02-26T20:38:16+00:00","twitter_card":"summary_large_image","twitter_misc":{"Dur\u00e9e de lecture estim\u00e9e":"1 minute"},"schema":{"@context":"https:\/\/schema.org","@graph":[{"@type":"WebPage","@id":"https:\/\/buonamici.it\/fr\/prodotto\/huile-dolive-extra-vierge-biologique-coratina-cesare-buonamici\/","url":"https:\/\/buonamici.it\/fr\/prodotto\/huile-dolive-extra-vierge-biologique-coratina-cesare-buonamici\/","name":"Huile d\u2019olive extra vierge biologique Coratina Cesare Buonamici - Buonamici","isPartOf":{"@id":"https:\/\/buonamici.it\/en\/#website"},"primaryImageOfPage":{"@id":"https:\/\/buonamici.it\/fr\/prodotto\/huile-dolive-extra-vierge-biologique-coratina-cesare-buonamici\/#primaryimage"},"image":{"@id":"https:\/\/buonamici.it\/fr\/prodotto\/huile-dolive-extra-vierge-biologique-coratina-cesare-buonamici\/#primaryimage"},"thumbnailUrl":"https:\/\/buonamici.it\/wp-content\/uploads\/2024\/02\/CORATINA-pdf.jpg","datePublished":"2024-02-26T17:32:02+00:00","dateModified":"2024-02-26T20:38:16+00:00","breadcrumb":{"@id":"https:\/\/buonamici.it\/fr\/prodotto\/huile-dolive-extra-vierge-biologique-coratina-cesare-buonamici\/#breadcrumb"},"inLanguage":"fr-FR","potentialAction":[{"@type":"ReadAction","target":["https:\/\/buonamici.it\/fr\/prodotto\/huile-dolive-extra-vierge-biologique-coratina-cesare-buonamici\/"]}]},{"@type":"ImageObject","inLanguage":"fr-FR","@id":"https:\/\/buonamici.it\/fr\/prodotto\/huile-dolive-extra-vierge-biologique-coratina-cesare-buonamici\/#primaryimage","url":"https:\/\/buonamici.it\/wp-content\/uploads\/2024\/02\/CORATINA-pdf.jpg","contentUrl":"https:\/\/buonamici.it\/wp-content\/uploads\/2024\/02\/CORATINA-pdf.jpg"},{"@type":"BreadcrumbList","@id":"https:\/\/buonamici.it\/fr\/prodotto\/huile-dolive-extra-vierge-biologique-coratina-cesare-buonamici\/#breadcrumb","itemListElement":[{"@type":"ListItem","position":1,"name":"Home","item":"https:\/\/buonamici.it\/fr\/"},{"@type":"ListItem","position":2,"name":"Shop","item":"https:\/\/buonamici.it\/fr\/negozio\/"},{"@type":"ListItem","position":3,"name":"Huile d\u2019olive extra vierge biologique Coratina Cesare Buonamici"}]},{"@type":"WebSite","@id":"https:\/\/buonamici.it\/en\/#website","url":"https:\/\/buonamici.it\/en\/","name":"Buonamici","description":"Un nuovo sito targato WordPress","potentialAction":[{"@type":"SearchAction","target":{"@type":"EntryPoint","urlTemplate":"https:\/\/buonamici.it\/en\/?s={search_term_string}"},"query-input":{"@type":"PropertyValueSpecification","valueRequired":true,"valueName":"search_term_string"}}],"inLanguage":"fr-FR"}]}},"uagb_featured_image_src":{"full":["https:\/\/buonamici.it\/wp-content\/uploads\/2024\/02\/CORATINA-pdf.jpg",1059,1497,true],"thumbnail":["https:\/\/buonamici.it\/wp-content\/uploads\/2024\/02\/CORATINA-pdf-106x150.jpg",106,150,true],"medium":["https:\/\/buonamici.it\/wp-content\/uploads\/2024\/02\/CORATINA-pdf-212x300.jpg",212,300,true],"medium_large":["https:\/\/buonamici.it\/wp-content\/uploads\/2024\/02\/CORATINA-pdf.jpg",768,1086,false],"large":["https:\/\/buonamici.it\/wp-content\/uploads\/2024\/02\/CORATINA-pdf-724x1024.jpg",724,1024,true],"1536x1536":["https:\/\/buonamici.it\/wp-content\/uploads\/2024\/02\/CORATINA-pdf.jpg",1059,1497,false],"2048x2048":["https:\/\/buonamici.it\/wp-content\/uploads\/2024\/02\/CORATINA-pdf.jpg",1059,1497,false],"woocommerce_thumbnail":["https:\/\/buonamici.it\/wp-content\/uploads\/2024\/02\/CORATINA-pdf.jpg",212,300,false],"woocommerce_single":["https:\/\/buonamici.it\/wp-content\/uploads\/2024\/02\/CORATINA-pdf.jpg",600,848,false],"woocommerce_gallery_thumbnail":["https:\/\/buonamici.it\/wp-content\/uploads\/2024\/02\/CORATINA-pdf.jpg",71,100,false]},"uagb_author_info":{"display_name":"info@buonamici.it","author_link":"https:\/\/buonamici.it\/fr\/author\/"},"uagb_comment_info":0,"uagb_excerpt":"Cette huile biologique monocultivar Coratina est obtenue \u00e0 partir des seules olives de la vari\u00e9t\u00e9 Coratina. Les olives sont r\u00e9colt\u00e9es entre Octobre et Novembre et broy\u00e9es \u00e0 froid dans les 12 heures suivant la r\u00e9colte dans le moulin \u00e0 cycle continu avec un impact oxydatif r\u00e9duit. L\u2019odeur est intense et fruit\u00e9e, avec des notes d\u2019herbe\u2026","_links":{"self":[{"href":"https:\/\/buonamici.it\/fr\/wp-json\/wp\/v2\/product\/7723","targetHints":{"allow":["GET"]}}],"collection":[{"href":"https:\/\/buonamici.it\/fr\/wp-json\/wp\/v2\/product"}],"about":[{"href":"https:\/\/buonamici.it\/fr\/wp-json\/wp\/v2\/types\/product"}],"wp:featuredmedia":[{"embeddable":true,"href":"https:\/\/buonamici.it\/fr\/wp-json\/wp\/v2\/media\/7726"}],"wp:attachment":[{"href":"https:\/\/buonamici.it\/fr\/wp-json\/wp\/v2\/media?parent=7723"}],"wp:term":[{"taxonomy":"product_cat","embeddable":true,"href":"https:\/\/buonamici.it\/fr\/wp-json\/wp\/v2\/product_cat?post=7723"},{"taxonomy":"product_tag","embeddable":true,"href":"https:\/\/buonamici.it\/fr\/wp-json\/wp\/v2\/product_tag?post=7723"}],"curies":[{"name":"wp","href":"https:\/\/api.w.org\/{rel}","templated":true}]}}