{"id":663,"date":"2023-08-02T15:02:50","date_gmt":"2023-08-02T13:02:50","guid":{"rendered":"https:\/\/buonamici.it\/prodotto\/olio-extra-vergine-di-oliva-biologico-toscano-igp-fiesole\/"},"modified":"2024-05-21T11:41:22","modified_gmt":"2024-05-21T09:41:22","slug":"huile-dolive-biologique-extra-vierge-de-toscane-fiesole-igp","status":"publish","type":"product","link":"https:\/\/buonamici.it\/fr\/prodotto\/huile-dolive-biologique-extra-vierge-de-toscane-fiesole-igp\/","title":{"rendered":"HUILE D&rsquo;OLIVE BIOLOGIQUE EXTRA VIERGE DE TOSCANE FIESOLE IGP"},"content":{"rendered":"<p>L&rsquo;huile d&rsquo;olive extra vierge biologique Toscano IGP Fiesole est une huile d&rsquo;olive extra vierge de haute qualit\u00e9, obtenue exclusivement \u00e0 partir d&rsquo;olives biologiques des cultivars Frantoio et Moraiolo, r\u00e9colt\u00e9es \u00e0 partir de la mi-octobre. Les olives sont exclusivement press\u00e9es \u00e0 froid dans les 6 heures suivant la r\u00e9colte. Le r\u00e9sultat est une huile extra vierge au go\u00fbt excellent et un alli\u00e9 pr\u00e9cieux pour la sant\u00e9 gr\u00e2ce \u00e0 la richesse en bioph\u00e9nols et en vitamine E pr\u00e9sents dans les olives. De couleur verte avec des reflets jaunes dor\u00e9s, l&rsquo;huile est fruit\u00e9e au niveau gustatif et olfactif, avec des notes marqu\u00e9es d&rsquo;herbe fra\u00eeche, d&rsquo;olive et de chardon, mais aussi des notes v\u00e9g\u00e9tales d&rsquo;herbes sauvages et d&rsquo;artichaut. Elle est cependant harmonieuse et \u00e9l\u00e9gante, avec une amertume et un piquant bien \u00e9quilibr\u00e9s. Il est excellent sur les l\u00e9gumineuses, les soupes de c\u00e9r\u00e9ales, les carpaccio de viande et de poisson, les l\u00e9gumes grill\u00e9s et les r\u00f4tis.<\/p>\n<h2>Prix et r\u00e9compenses<\/h2>\n<ul>\n<li>Milan International Olive Oil Award, Olioofficina, 2022<\/li>\n<li>CONCORSO \u201cIL MAGNIFICO\u201c, European Extra Quality Olive Oil Award, 2022<\/li>\n<li>OIL CHINA, 17th China International Olive Oil Competition, 2022<\/li>\n<li>CONCORSO \u201cMERUM\u201d, Die Zeitschrift f\u00fcr Wein und Oliven\u00f6l aus Italien, 2020<\/li>\n<li><span data-sheets-value=\"{\" data-sheets-userformat=\"{\">CONCORSO \u201cIL MAGNIFICO\u201d, European Extra Quality Olive Oil Award, 2020<\/span><\/li>\n<\/ul>\n","protected":false},"excerpt":{"rendered":"<p>L&rsquo;huile d&rsquo;olive extra vierge biologique Toscano IGP Fiesole est une huile d&rsquo;olive extra vierge de haute qualit\u00e9, obtenue exclusivement \u00e0 partir d&rsquo;olives biologiques des cultivars Frantoio et Moraiolo, r\u00e9colt\u00e9es \u00e0 partir de la mi-octobre. Les olives sont exclusivement press\u00e9es \u00e0 froid dans les 6 heures suivant la r\u00e9colte. Le r\u00e9sultat est une huile extra vierge <a href=\"https:\/\/buonamici.it\/fr\/prodotto\/huile-dolive-biologique-extra-vierge-de-toscane-fiesole-igp\/\" class=\"more-link\">&#8230;<span class=\"screen-reader-text\">  HUILE D&rsquo;OLIVE BIOLOGIQUE EXTRA VIERGE DE TOSCANE FIESOLE IGP<\/span><\/a><\/p>\n","protected":false},"featured_media":495,"template":"","meta":{"_acf_changed":false,"_uag_custom_page_level_css":""},"product_cat":[35],"product_tag":[],"class_list":{"0":"post-663","1":"product","2":"type-product","3":"status-publish","4":"has-post-thumbnail","6":"product_cat-oli-fr","8":"first","9":"instock","10":"shipping-taxable","11":"purchasable","12":"product-type-variable"},"acf":[],"yoast_head":"<!-- This site is optimized with the Yoast SEO plugin v24.2 - https:\/\/yoast.com\/wordpress\/plugins\/seo\/ -->\n<title>HUILE D&#039;OLIVE BIOLOGIQUE EXTRA VIERGE DE TOSCANE FIESOLE IGP - Buonamici<\/title>\n<meta name=\"robots\" content=\"index, follow, max-snippet:-1, max-image-preview:large, max-video-preview:-1\" \/>\n<link rel=\"canonical\" href=\"https:\/\/buonamici.it\/prodotto\/olio-extra-vergine-di-oliva-biologico-toscano-igp-fiesole\/\" \/>\n<meta property=\"og:locale\" content=\"fr_FR\" \/>\n<meta property=\"og:type\" content=\"article\" \/>\n<meta property=\"og:title\" content=\"HUILE D&#039;OLIVE BIOLOGIQUE EXTRA VIERGE DE TOSCANE FIESOLE IGP - Buonamici\" \/>\n<meta property=\"og:description\" content=\"L&rsquo;huile d&rsquo;olive extra vierge biologique Toscano IGP Fiesole est une huile d&rsquo;olive extra vierge de haute qualit\u00e9, obtenue exclusivement \u00e0 partir d&rsquo;olives biologiques des cultivars Frantoio et Moraiolo, r\u00e9colt\u00e9es \u00e0 partir de la mi-octobre. Les olives sont exclusivement press\u00e9es \u00e0 froid dans les 6 heures suivant la r\u00e9colte. Le r\u00e9sultat est une huile extra vierge ... HUILE D&rsquo;OLIVE BIOLOGIQUE EXTRA VIERGE DE TOSCANE FIESOLE IGP\" \/>\n<meta property=\"og:url\" content=\"https:\/\/buonamici.it\/prodotto\/olio-extra-vergine-di-oliva-biologico-toscano-igp-fiesole\/\" \/>\n<meta property=\"og:site_name\" content=\"Buonamici\" \/>\n<meta property=\"article:modified_time\" content=\"2024-05-21T09:41:22+00:00\" \/>\n<meta property=\"og:image\" content=\"https:\/\/buonamici.it\/wp-content\/uploads\/2023\/08\/prodotto-1-Fiesole.jpg\" \/>\n\t<meta property=\"og:image:width\" content=\"1500\" \/>\n\t<meta property=\"og:image:height\" content=\"1500\" \/>\n\t<meta property=\"og:image:type\" content=\"image\/jpeg\" \/>\n<meta name=\"twitter:card\" content=\"summary_large_image\" \/>\n<meta name=\"twitter:label1\" content=\"Dur\u00e9e de lecture estim\u00e9e\" \/>\n\t<meta name=\"twitter:data1\" content=\"2 minutes\" \/>\n<script type=\"application\/ld+json\" class=\"yoast-schema-graph\">{\"@context\":\"https:\/\/schema.org\",\"@graph\":[{\"@type\":\"WebPage\",\"@id\":\"https:\/\/buonamici.it\/prodotto\/olio-extra-vergine-di-oliva-biologico-toscano-igp-fiesole\/\",\"url\":\"https:\/\/buonamici.it\/prodotto\/olio-extra-vergine-di-oliva-biologico-toscano-igp-fiesole\/\",\"name\":\"HUILE D'OLIVE BIOLOGIQUE EXTRA VIERGE DE TOSCANE FIESOLE IGP - Buonamici\",\"isPartOf\":{\"@id\":\"https:\/\/buonamici.it\/en\/#website\"},\"primaryImageOfPage\":{\"@id\":\"https:\/\/buonamici.it\/prodotto\/olio-extra-vergine-di-oliva-biologico-toscano-igp-fiesole\/#primaryimage\"},\"image\":{\"@id\":\"https:\/\/buonamici.it\/prodotto\/olio-extra-vergine-di-oliva-biologico-toscano-igp-fiesole\/#primaryimage\"},\"thumbnailUrl\":\"https:\/\/buonamici.it\/wp-content\/uploads\/2023\/08\/prodotto-1-Fiesole.jpg\",\"datePublished\":\"2023-08-02T13:02:50+00:00\",\"dateModified\":\"2024-05-21T09:41:22+00:00\",\"breadcrumb\":{\"@id\":\"https:\/\/buonamici.it\/prodotto\/olio-extra-vergine-di-oliva-biologico-toscano-igp-fiesole\/#breadcrumb\"},\"inLanguage\":\"fr-FR\",\"potentialAction\":[{\"@type\":\"ReadAction\",\"target\":[\"https:\/\/buonamici.it\/prodotto\/olio-extra-vergine-di-oliva-biologico-toscano-igp-fiesole\/\"]}]},{\"@type\":\"ImageObject\",\"inLanguage\":\"fr-FR\",\"@id\":\"https:\/\/buonamici.it\/prodotto\/olio-extra-vergine-di-oliva-biologico-toscano-igp-fiesole\/#primaryimage\",\"url\":\"https:\/\/buonamici.it\/wp-content\/uploads\/2023\/08\/prodotto-1-Fiesole.jpg\",\"contentUrl\":\"https:\/\/buonamici.it\/wp-content\/uploads\/2023\/08\/prodotto-1-Fiesole.jpg\",\"width\":1500,\"height\":1500},{\"@type\":\"BreadcrumbList\",\"@id\":\"https:\/\/buonamici.it\/prodotto\/olio-extra-vergine-di-oliva-biologico-toscano-igp-fiesole\/#breadcrumb\",\"itemListElement\":[{\"@type\":\"ListItem\",\"position\":1,\"name\":\"Home\",\"item\":\"https:\/\/buonamici.it\/fr\/\"},{\"@type\":\"ListItem\",\"position\":2,\"name\":\"Shop\",\"item\":\"https:\/\/buonamici.it\/fr\/negozio\/\"},{\"@type\":\"ListItem\",\"position\":3,\"name\":\"HUILE D&#8217;OLIVE BIOLOGIQUE EXTRA VIERGE DE TOSCANE FIESOLE IGP\"}]},{\"@type\":\"WebSite\",\"@id\":\"https:\/\/buonamici.it\/en\/#website\",\"url\":\"https:\/\/buonamici.it\/en\/\",\"name\":\"Buonamici\",\"description\":\"Un nuovo sito targato WordPress\",\"potentialAction\":[{\"@type\":\"SearchAction\",\"target\":{\"@type\":\"EntryPoint\",\"urlTemplate\":\"https:\/\/buonamici.it\/en\/?s={search_term_string}\"},\"query-input\":{\"@type\":\"PropertyValueSpecification\",\"valueRequired\":true,\"valueName\":\"search_term_string\"}}],\"inLanguage\":\"fr-FR\"}]}<\/script>\n<!-- \/ Yoast SEO plugin. -->","yoast_head_json":{"title":"HUILE D'OLIVE BIOLOGIQUE EXTRA VIERGE DE TOSCANE FIESOLE IGP - Buonamici","robots":{"index":"index","follow":"follow","max-snippet":"max-snippet:-1","max-image-preview":"max-image-preview:large","max-video-preview":"max-video-preview:-1"},"canonical":"https:\/\/buonamici.it\/prodotto\/olio-extra-vergine-di-oliva-biologico-toscano-igp-fiesole\/","og_locale":"fr_FR","og_type":"article","og_title":"HUILE D'OLIVE BIOLOGIQUE EXTRA VIERGE DE TOSCANE FIESOLE IGP - Buonamici","og_description":"L&rsquo;huile d&rsquo;olive extra vierge biologique Toscano IGP Fiesole est une huile d&rsquo;olive extra vierge de haute qualit\u00e9, obtenue exclusivement \u00e0 partir d&rsquo;olives biologiques des cultivars Frantoio et Moraiolo, r\u00e9colt\u00e9es \u00e0 partir de la mi-octobre. Les olives sont exclusivement press\u00e9es \u00e0 froid dans les 6 heures suivant la r\u00e9colte. Le r\u00e9sultat est une huile extra vierge ... HUILE D&rsquo;OLIVE BIOLOGIQUE EXTRA VIERGE DE TOSCANE FIESOLE IGP","og_url":"https:\/\/buonamici.it\/prodotto\/olio-extra-vergine-di-oliva-biologico-toscano-igp-fiesole\/","og_site_name":"Buonamici","article_modified_time":"2024-05-21T09:41:22+00:00","og_image":[{"width":1500,"height":1500,"url":"https:\/\/buonamici.it\/wp-content\/uploads\/2023\/08\/prodotto-1-Fiesole.jpg","type":"image\/jpeg"}],"twitter_card":"summary_large_image","twitter_misc":{"Dur\u00e9e de lecture estim\u00e9e":"2 minutes"},"schema":{"@context":"https:\/\/schema.org","@graph":[{"@type":"WebPage","@id":"https:\/\/buonamici.it\/prodotto\/olio-extra-vergine-di-oliva-biologico-toscano-igp-fiesole\/","url":"https:\/\/buonamici.it\/prodotto\/olio-extra-vergine-di-oliva-biologico-toscano-igp-fiesole\/","name":"HUILE D'OLIVE BIOLOGIQUE EXTRA VIERGE DE TOSCANE FIESOLE IGP - Buonamici","isPartOf":{"@id":"https:\/\/buonamici.it\/en\/#website"},"primaryImageOfPage":{"@id":"https:\/\/buonamici.it\/prodotto\/olio-extra-vergine-di-oliva-biologico-toscano-igp-fiesole\/#primaryimage"},"image":{"@id":"https:\/\/buonamici.it\/prodotto\/olio-extra-vergine-di-oliva-biologico-toscano-igp-fiesole\/#primaryimage"},"thumbnailUrl":"https:\/\/buonamici.it\/wp-content\/uploads\/2023\/08\/prodotto-1-Fiesole.jpg","datePublished":"2023-08-02T13:02:50+00:00","dateModified":"2024-05-21T09:41:22+00:00","breadcrumb":{"@id":"https:\/\/buonamici.it\/prodotto\/olio-extra-vergine-di-oliva-biologico-toscano-igp-fiesole\/#breadcrumb"},"inLanguage":"fr-FR","potentialAction":[{"@type":"ReadAction","target":["https:\/\/buonamici.it\/prodotto\/olio-extra-vergine-di-oliva-biologico-toscano-igp-fiesole\/"]}]},{"@type":"ImageObject","inLanguage":"fr-FR","@id":"https:\/\/buonamici.it\/prodotto\/olio-extra-vergine-di-oliva-biologico-toscano-igp-fiesole\/#primaryimage","url":"https:\/\/buonamici.it\/wp-content\/uploads\/2023\/08\/prodotto-1-Fiesole.jpg","contentUrl":"https:\/\/buonamici.it\/wp-content\/uploads\/2023\/08\/prodotto-1-Fiesole.jpg","width":1500,"height":1500},{"@type":"BreadcrumbList","@id":"https:\/\/buonamici.it\/prodotto\/olio-extra-vergine-di-oliva-biologico-toscano-igp-fiesole\/#breadcrumb","itemListElement":[{"@type":"ListItem","position":1,"name":"Home","item":"https:\/\/buonamici.it\/fr\/"},{"@type":"ListItem","position":2,"name":"Shop","item":"https:\/\/buonamici.it\/fr\/negozio\/"},{"@type":"ListItem","position":3,"name":"HUILE D&#8217;OLIVE BIOLOGIQUE EXTRA VIERGE DE TOSCANE FIESOLE IGP"}]},{"@type":"WebSite","@id":"https:\/\/buonamici.it\/en\/#website","url":"https:\/\/buonamici.it\/en\/","name":"Buonamici","description":"Un nuovo sito targato WordPress","potentialAction":[{"@type":"SearchAction","target":{"@type":"EntryPoint","urlTemplate":"https:\/\/buonamici.it\/en\/?s={search_term_string}"},"query-input":{"@type":"PropertyValueSpecification","valueRequired":true,"valueName":"search_term_string"}}],"inLanguage":"fr-FR"}]}},"uagb_featured_image_src":{"full":["https:\/\/buonamici.it\/wp-content\/uploads\/2023\/08\/prodotto-1-Fiesole.jpg",1500,1500,false],"thumbnail":["https:\/\/buonamici.it\/wp-content\/uploads\/2023\/08\/prodotto-1-Fiesole-150x150.jpg",150,150,true],"medium":["https:\/\/buonamici.it\/wp-content\/uploads\/2023\/08\/prodotto-1-Fiesole-300x300.jpg",300,300,true],"medium_large":["https:\/\/buonamici.it\/wp-content\/uploads\/2023\/08\/prodotto-1-Fiesole.jpg",768,768,false],"large":["https:\/\/buonamici.it\/wp-content\/uploads\/2023\/08\/prodotto-1-Fiesole-1024x1024.jpg",1024,1024,true],"1536x1536":["https:\/\/buonamici.it\/wp-content\/uploads\/2023\/08\/prodotto-1-Fiesole.jpg",1500,1500,false],"2048x2048":["https:\/\/buonamici.it\/wp-content\/uploads\/2023\/08\/prodotto-1-Fiesole.jpg",1500,1500,false],"woocommerce_thumbnail":["https:\/\/buonamici.it\/wp-content\/uploads\/2023\/08\/prodotto-1-Fiesole-300x300.jpg",300,300,true],"woocommerce_single":["https:\/\/buonamici.it\/wp-content\/uploads\/2023\/08\/prodotto-1-Fiesole-600x600.jpg",600,600,true],"woocommerce_gallery_thumbnail":["https:\/\/buonamici.it\/wp-content\/uploads\/2023\/08\/prodotto-1-Fiesole-100x100.jpg",100,100,true]},"uagb_author_info":{"display_name":"MarcoGruppoCo","author_link":"https:\/\/buonamici.it\/fr\/author\/"},"uagb_comment_info":0,"uagb_excerpt":"L&rsquo;huile d&rsquo;olive extra vierge biologique Toscano IGP Fiesole est une huile d&rsquo;olive extra vierge de haute qualit\u00e9, obtenue exclusivement \u00e0 partir d&rsquo;olives biologiques des cultivars Frantoio et Moraiolo, r\u00e9colt\u00e9es \u00e0 partir de la mi-octobre. Les olives sont exclusivement press\u00e9es \u00e0 froid dans les 6 heures suivant la r\u00e9colte. Le r\u00e9sultat est une huile extra vierge\u2026","_links":{"self":[{"href":"https:\/\/buonamici.it\/fr\/wp-json\/wp\/v2\/product\/663","targetHints":{"allow":["GET"]}}],"collection":[{"href":"https:\/\/buonamici.it\/fr\/wp-json\/wp\/v2\/product"}],"about":[{"href":"https:\/\/buonamici.it\/fr\/wp-json\/wp\/v2\/types\/product"}],"wp:featuredmedia":[{"embeddable":true,"href":"https:\/\/buonamici.it\/fr\/wp-json\/wp\/v2\/media\/495"}],"wp:attachment":[{"href":"https:\/\/buonamici.it\/fr\/wp-json\/wp\/v2\/media?parent=663"}],"wp:term":[{"taxonomy":"product_cat","embeddable":true,"href":"https:\/\/buonamici.it\/fr\/wp-json\/wp\/v2\/product_cat?post=663"},{"taxonomy":"product_tag","embeddable":true,"href":"https:\/\/buonamici.it\/fr\/wp-json\/wp\/v2\/product_tag?post=663"}],"curies":[{"name":"wp","href":"https:\/\/api.w.org\/{rel}","templated":true}]}}