{"id":658,"date":"2023-08-07T09:23:08","date_gmt":"2023-08-07T07:23:08","guid":{"rendered":"https:\/\/buonamici.it\/prodotto\/olio-extra-vergine-di-oliva-toscano-igp-firenze-cesare-buonamici\/"},"modified":"2024-05-21T11:19:18","modified_gmt":"2024-05-21T09:19:18","slug":"huile-dolive-vierge-extra-toscane-igp-firenze-cesare-buonamici","status":"publish","type":"product","link":"https:\/\/buonamici.it\/fr\/prodotto\/huile-dolive-vierge-extra-toscane-igp-firenze-cesare-buonamici\/","title":{"rendered":"HUILE D&rsquo;OLIVE VIERGE EXTRA TOSCANE IGP FIRENZE \u00ab\u00a0CESARE BUONAMICI\u00a0\u00bb"},"content":{"rendered":"<p>L&rsquo;huile d&rsquo;olive extra vierge Toscano IGP est obtenue \u00e0 partir d&rsquo;une s\u00e9lection d&rsquo;olives typiquement toscanes telles que Frantoio, Leccino, Moraiolo et Pendolino. Les olives sont r\u00e9colt\u00e9es entre octobre et novembre et press\u00e9es \u00e0 froid dans les 24 heures suivant la cueillette dans le moulin \u00e0 cycle continu de haute technologie avec un impact oxydatif r\u00e9duit. Le nez est intense et fruit\u00e9, avec des notes d&rsquo;olive verte, d&rsquo;artichaut et d&rsquo;herbe des champs. Le go\u00fbt est harmonieux, avec une amertume et un piquant \u00e9quilibr\u00e9s. Elle se caract\u00e9rise par une couleur jaune avec des reflets verts.<\/p>\n<h2>Prix et r\u00e9compenses<\/h2>\n<ul>\n<li>Concorso \u201cSirena d\u2019Oro di Sorrento\u201c, 2018, 2019, 2020<\/li>\n<li>Concorso \u201cPremio Nazionale MONTIFERRU, 2018, 2019<\/li>\n<li>Concorso \u201cOLIO CAPITALE\u00a0\u00bb, 2018<\/li>\n<li>LOS ANGELES INTERNATIONAL, Extra Virgin Olive Oil Competition, 2018<\/li>\n<li>BIOL, Selezione migliori Oli Extra Vergine di Oliva Biologici International Prize, 2018<\/li>\n<li>CONCORSO \u201cERCOLE OLIVARIO\u201d, 2018, 2019, 2020, 2022<\/li>\n<li>REGIONE TOSCANA, Selezione degli oli extra vergini di oliva DOP e IGP della Toscana, 2018, 2019, 2020, 2022<\/li>\n<li>SLOW FOOD ITALIA, GUIDA \u201cSLOW OLIVE\u201d I MIGLIORI EXTRA VERGINE D\u2019ITALIA, 2018, 2019, 2020, 2022<\/li>\n<li>GAMBERO ROSSO, GUIDA I MIGLIORI EXTRA VERGINE D\u2019ITALIA, 2018, 2019<\/li>\n<li>JOOP \u2013 JAPAN OLIVE OIL PRIZE, Extra Virgin Olive Oil Competition, 2018, 2019, 2020, 2021<\/li>\n<\/ul>\n","protected":false},"excerpt":{"rendered":"<p>L&rsquo;huile d&rsquo;olive extra vierge Toscano IGP est obtenue \u00e0 partir d&rsquo;une s\u00e9lection d&rsquo;olives typiquement toscanes telles que Frantoio, Leccino, Moraiolo et Pendolino. Les olives sont r\u00e9colt\u00e9es entre octobre et novembre et press\u00e9es \u00e0 froid dans les 24 heures suivant la cueillette dans le moulin \u00e0 cycle continu de haute technologie avec un impact oxydatif r\u00e9duit. <a href=\"https:\/\/buonamici.it\/fr\/prodotto\/huile-dolive-vierge-extra-toscane-igp-firenze-cesare-buonamici\/\" class=\"more-link\">&#8230;<span class=\"screen-reader-text\">  HUILE D&rsquo;OLIVE VIERGE EXTRA TOSCANE IGP FIRENZE \u00ab\u00a0CESARE BUONAMICI\u00a0\u00bb<\/span><\/a><\/p>\n","protected":false},"featured_media":510,"template":"","meta":{"_acf_changed":false,"_uag_custom_page_level_css":""},"product_cat":[35],"product_tag":[],"class_list":{"0":"post-658","1":"product","2":"type-product","3":"status-publish","4":"has-post-thumbnail","6":"product_cat-oli-fr","8":"first","9":"instock","10":"shipping-taxable","11":"purchasable","12":"product-type-variable"},"acf":[],"yoast_head":"<!-- This site is optimized with the Yoast SEO plugin v24.2 - https:\/\/yoast.com\/wordpress\/plugins\/seo\/ -->\n<title>HUILE D&#039;OLIVE VIERGE EXTRA TOSCANE IGP FIRENZE &quot;CESARE BUONAMICI&quot; - Buonamici<\/title>\n<meta name=\"robots\" content=\"index, follow, max-snippet:-1, max-image-preview:large, max-video-preview:-1\" \/>\n<link rel=\"canonical\" href=\"https:\/\/buonamici.it\/fr\/prodotto\/huile-dolive-vierge-extra-toscane-igp-firenze-cesare-buonamici\/\" \/>\n<meta property=\"og:locale\" content=\"fr_FR\" \/>\n<meta property=\"og:type\" content=\"article\" \/>\n<meta property=\"og:title\" content=\"HUILE D&#039;OLIVE VIERGE EXTRA TOSCANE IGP FIRENZE &quot;CESARE BUONAMICI&quot; - Buonamici\" \/>\n<meta property=\"og:description\" content=\"L&rsquo;huile d&rsquo;olive extra vierge Toscano IGP est obtenue \u00e0 partir d&rsquo;une s\u00e9lection d&rsquo;olives typiquement toscanes telles que Frantoio, Leccino, Moraiolo et Pendolino. Les olives sont r\u00e9colt\u00e9es entre octobre et novembre et press\u00e9es \u00e0 froid dans les 24 heures suivant la cueillette dans le moulin \u00e0 cycle continu de haute technologie avec un impact oxydatif r\u00e9duit. ... HUILE D&rsquo;OLIVE VIERGE EXTRA TOSCANE IGP FIRENZE \u00ab\u00a0CESARE BUONAMICI\u00a0\u00bb\" \/>\n<meta property=\"og:url\" content=\"https:\/\/buonamici.it\/fr\/prodotto\/huile-dolive-vierge-extra-toscane-igp-firenze-cesare-buonamici\/\" \/>\n<meta property=\"og:site_name\" content=\"Buonamici\" \/>\n<meta property=\"article:modified_time\" content=\"2024-05-21T09:19:18+00:00\" \/>\n<meta property=\"og:image\" content=\"https:\/\/buonamici.it\/wp-content\/uploads\/2023\/08\/Prodotto-2-Firenze.jpg\" \/>\n\t<meta property=\"og:image:width\" content=\"1500\" \/>\n\t<meta property=\"og:image:height\" content=\"1500\" \/>\n\t<meta property=\"og:image:type\" content=\"image\/jpeg\" \/>\n<meta name=\"twitter:card\" content=\"summary_large_image\" \/>\n<meta name=\"twitter:label1\" content=\"Dur\u00e9e de lecture estim\u00e9e\" \/>\n\t<meta name=\"twitter:data1\" content=\"2 minutes\" \/>\n<script type=\"application\/ld+json\" class=\"yoast-schema-graph\">{\"@context\":\"https:\/\/schema.org\",\"@graph\":[{\"@type\":\"WebPage\",\"@id\":\"https:\/\/buonamici.it\/fr\/prodotto\/huile-dolive-vierge-extra-toscane-igp-firenze-cesare-buonamici\/\",\"url\":\"https:\/\/buonamici.it\/fr\/prodotto\/huile-dolive-vierge-extra-toscane-igp-firenze-cesare-buonamici\/\",\"name\":\"HUILE D'OLIVE VIERGE EXTRA TOSCANE IGP FIRENZE \\\"CESARE BUONAMICI\\\" - Buonamici\",\"isPartOf\":{\"@id\":\"https:\/\/buonamici.it\/en\/#website\"},\"primaryImageOfPage\":{\"@id\":\"https:\/\/buonamici.it\/fr\/prodotto\/huile-dolive-vierge-extra-toscane-igp-firenze-cesare-buonamici\/#primaryimage\"},\"image\":{\"@id\":\"https:\/\/buonamici.it\/fr\/prodotto\/huile-dolive-vierge-extra-toscane-igp-firenze-cesare-buonamici\/#primaryimage\"},\"thumbnailUrl\":\"https:\/\/buonamici.it\/wp-content\/uploads\/2023\/08\/Prodotto-2-Firenze.jpg\",\"datePublished\":\"2023-08-07T07:23:08+00:00\",\"dateModified\":\"2024-05-21T09:19:18+00:00\",\"breadcrumb\":{\"@id\":\"https:\/\/buonamici.it\/fr\/prodotto\/huile-dolive-vierge-extra-toscane-igp-firenze-cesare-buonamici\/#breadcrumb\"},\"inLanguage\":\"fr-FR\",\"potentialAction\":[{\"@type\":\"ReadAction\",\"target\":[\"https:\/\/buonamici.it\/fr\/prodotto\/huile-dolive-vierge-extra-toscane-igp-firenze-cesare-buonamici\/\"]}]},{\"@type\":\"ImageObject\",\"inLanguage\":\"fr-FR\",\"@id\":\"https:\/\/buonamici.it\/fr\/prodotto\/huile-dolive-vierge-extra-toscane-igp-firenze-cesare-buonamici\/#primaryimage\",\"url\":\"https:\/\/buonamici.it\/wp-content\/uploads\/2023\/08\/Prodotto-2-Firenze.jpg\",\"contentUrl\":\"https:\/\/buonamici.it\/wp-content\/uploads\/2023\/08\/Prodotto-2-Firenze.jpg\",\"width\":1500,\"height\":1500},{\"@type\":\"BreadcrumbList\",\"@id\":\"https:\/\/buonamici.it\/fr\/prodotto\/huile-dolive-vierge-extra-toscane-igp-firenze-cesare-buonamici\/#breadcrumb\",\"itemListElement\":[{\"@type\":\"ListItem\",\"position\":1,\"name\":\"Home\",\"item\":\"https:\/\/buonamici.it\/fr\/\"},{\"@type\":\"ListItem\",\"position\":2,\"name\":\"Shop\",\"item\":\"https:\/\/buonamici.it\/fr\/negozio\/\"},{\"@type\":\"ListItem\",\"position\":3,\"name\":\"HUILE D&#8217;OLIVE VIERGE EXTRA TOSCANE IGP FIRENZE &#8220;CESARE BUONAMICI&#8221;\"}]},{\"@type\":\"WebSite\",\"@id\":\"https:\/\/buonamici.it\/en\/#website\",\"url\":\"https:\/\/buonamici.it\/en\/\",\"name\":\"Buonamici\",\"description\":\"Un nuovo sito targato WordPress\",\"potentialAction\":[{\"@type\":\"SearchAction\",\"target\":{\"@type\":\"EntryPoint\",\"urlTemplate\":\"https:\/\/buonamici.it\/en\/?s={search_term_string}\"},\"query-input\":{\"@type\":\"PropertyValueSpecification\",\"valueRequired\":true,\"valueName\":\"search_term_string\"}}],\"inLanguage\":\"fr-FR\"}]}<\/script>\n<!-- \/ Yoast SEO plugin. -->","yoast_head_json":{"title":"HUILE D'OLIVE VIERGE EXTRA TOSCANE IGP FIRENZE \"CESARE BUONAMICI\" - Buonamici","robots":{"index":"index","follow":"follow","max-snippet":"max-snippet:-1","max-image-preview":"max-image-preview:large","max-video-preview":"max-video-preview:-1"},"canonical":"https:\/\/buonamici.it\/fr\/prodotto\/huile-dolive-vierge-extra-toscane-igp-firenze-cesare-buonamici\/","og_locale":"fr_FR","og_type":"article","og_title":"HUILE D'OLIVE VIERGE EXTRA TOSCANE IGP FIRENZE \"CESARE BUONAMICI\" - Buonamici","og_description":"L&rsquo;huile d&rsquo;olive extra vierge Toscano IGP est obtenue \u00e0 partir d&rsquo;une s\u00e9lection d&rsquo;olives typiquement toscanes telles que Frantoio, Leccino, Moraiolo et Pendolino. Les olives sont r\u00e9colt\u00e9es entre octobre et novembre et press\u00e9es \u00e0 froid dans les 24 heures suivant la cueillette dans le moulin \u00e0 cycle continu de haute technologie avec un impact oxydatif r\u00e9duit. ... HUILE D&rsquo;OLIVE VIERGE EXTRA TOSCANE IGP FIRENZE \u00ab\u00a0CESARE BUONAMICI\u00a0\u00bb","og_url":"https:\/\/buonamici.it\/fr\/prodotto\/huile-dolive-vierge-extra-toscane-igp-firenze-cesare-buonamici\/","og_site_name":"Buonamici","article_modified_time":"2024-05-21T09:19:18+00:00","og_image":[{"width":1500,"height":1500,"url":"https:\/\/buonamici.it\/wp-content\/uploads\/2023\/08\/Prodotto-2-Firenze.jpg","type":"image\/jpeg"}],"twitter_card":"summary_large_image","twitter_misc":{"Dur\u00e9e de lecture estim\u00e9e":"2 minutes"},"schema":{"@context":"https:\/\/schema.org","@graph":[{"@type":"WebPage","@id":"https:\/\/buonamici.it\/fr\/prodotto\/huile-dolive-vierge-extra-toscane-igp-firenze-cesare-buonamici\/","url":"https:\/\/buonamici.it\/fr\/prodotto\/huile-dolive-vierge-extra-toscane-igp-firenze-cesare-buonamici\/","name":"HUILE D'OLIVE VIERGE EXTRA TOSCANE IGP FIRENZE \"CESARE BUONAMICI\" - Buonamici","isPartOf":{"@id":"https:\/\/buonamici.it\/en\/#website"},"primaryImageOfPage":{"@id":"https:\/\/buonamici.it\/fr\/prodotto\/huile-dolive-vierge-extra-toscane-igp-firenze-cesare-buonamici\/#primaryimage"},"image":{"@id":"https:\/\/buonamici.it\/fr\/prodotto\/huile-dolive-vierge-extra-toscane-igp-firenze-cesare-buonamici\/#primaryimage"},"thumbnailUrl":"https:\/\/buonamici.it\/wp-content\/uploads\/2023\/08\/Prodotto-2-Firenze.jpg","datePublished":"2023-08-07T07:23:08+00:00","dateModified":"2024-05-21T09:19:18+00:00","breadcrumb":{"@id":"https:\/\/buonamici.it\/fr\/prodotto\/huile-dolive-vierge-extra-toscane-igp-firenze-cesare-buonamici\/#breadcrumb"},"inLanguage":"fr-FR","potentialAction":[{"@type":"ReadAction","target":["https:\/\/buonamici.it\/fr\/prodotto\/huile-dolive-vierge-extra-toscane-igp-firenze-cesare-buonamici\/"]}]},{"@type":"ImageObject","inLanguage":"fr-FR","@id":"https:\/\/buonamici.it\/fr\/prodotto\/huile-dolive-vierge-extra-toscane-igp-firenze-cesare-buonamici\/#primaryimage","url":"https:\/\/buonamici.it\/wp-content\/uploads\/2023\/08\/Prodotto-2-Firenze.jpg","contentUrl":"https:\/\/buonamici.it\/wp-content\/uploads\/2023\/08\/Prodotto-2-Firenze.jpg","width":1500,"height":1500},{"@type":"BreadcrumbList","@id":"https:\/\/buonamici.it\/fr\/prodotto\/huile-dolive-vierge-extra-toscane-igp-firenze-cesare-buonamici\/#breadcrumb","itemListElement":[{"@type":"ListItem","position":1,"name":"Home","item":"https:\/\/buonamici.it\/fr\/"},{"@type":"ListItem","position":2,"name":"Shop","item":"https:\/\/buonamici.it\/fr\/negozio\/"},{"@type":"ListItem","position":3,"name":"HUILE D&#8217;OLIVE VIERGE EXTRA TOSCANE IGP FIRENZE &#8220;CESARE BUONAMICI&#8221;"}]},{"@type":"WebSite","@id":"https:\/\/buonamici.it\/en\/#website","url":"https:\/\/buonamici.it\/en\/","name":"Buonamici","description":"Un nuovo sito targato WordPress","potentialAction":[{"@type":"SearchAction","target":{"@type":"EntryPoint","urlTemplate":"https:\/\/buonamici.it\/en\/?s={search_term_string}"},"query-input":{"@type":"PropertyValueSpecification","valueRequired":true,"valueName":"search_term_string"}}],"inLanguage":"fr-FR"}]}},"uagb_featured_image_src":{"full":["https:\/\/buonamici.it\/wp-content\/uploads\/2023\/08\/Prodotto-2-Firenze.jpg",1500,1500,false],"thumbnail":["https:\/\/buonamici.it\/wp-content\/uploads\/2023\/08\/Prodotto-2-Firenze-150x150.jpg",150,150,true],"medium":["https:\/\/buonamici.it\/wp-content\/uploads\/2023\/08\/Prodotto-2-Firenze-300x300.jpg",300,300,true],"medium_large":["https:\/\/buonamici.it\/wp-content\/uploads\/2023\/08\/Prodotto-2-Firenze.jpg",768,768,false],"large":["https:\/\/buonamici.it\/wp-content\/uploads\/2023\/08\/Prodotto-2-Firenze-1024x1024.jpg",1024,1024,true],"1536x1536":["https:\/\/buonamici.it\/wp-content\/uploads\/2023\/08\/Prodotto-2-Firenze.jpg",1500,1500,false],"2048x2048":["https:\/\/buonamici.it\/wp-content\/uploads\/2023\/08\/Prodotto-2-Firenze.jpg",1500,1500,false],"woocommerce_thumbnail":["https:\/\/buonamici.it\/wp-content\/uploads\/2023\/08\/Prodotto-2-Firenze-300x300.jpg",300,300,true],"woocommerce_single":["https:\/\/buonamici.it\/wp-content\/uploads\/2023\/08\/Prodotto-2-Firenze-600x600.jpg",600,600,true],"woocommerce_gallery_thumbnail":["https:\/\/buonamici.it\/wp-content\/uploads\/2023\/08\/Prodotto-2-Firenze-100x100.jpg",100,100,true]},"uagb_author_info":{"display_name":"MarcoGruppoCo","author_link":"https:\/\/buonamici.it\/fr\/author\/"},"uagb_comment_info":0,"uagb_excerpt":"L&rsquo;huile d&rsquo;olive extra vierge Toscano IGP est obtenue \u00e0 partir d&rsquo;une s\u00e9lection d&rsquo;olives typiquement toscanes telles que Frantoio, Leccino, Moraiolo et Pendolino. Les olives sont r\u00e9colt\u00e9es entre octobre et novembre et press\u00e9es \u00e0 froid dans les 24 heures suivant la cueillette dans le moulin \u00e0 cycle continu de haute technologie avec un impact oxydatif r\u00e9duit.\u2026","_links":{"self":[{"href":"https:\/\/buonamici.it\/fr\/wp-json\/wp\/v2\/product\/658","targetHints":{"allow":["GET"]}}],"collection":[{"href":"https:\/\/buonamici.it\/fr\/wp-json\/wp\/v2\/product"}],"about":[{"href":"https:\/\/buonamici.it\/fr\/wp-json\/wp\/v2\/types\/product"}],"wp:featuredmedia":[{"embeddable":true,"href":"https:\/\/buonamici.it\/fr\/wp-json\/wp\/v2\/media\/510"}],"wp:attachment":[{"href":"https:\/\/buonamici.it\/fr\/wp-json\/wp\/v2\/media?parent=658"}],"wp:term":[{"taxonomy":"product_cat","embeddable":true,"href":"https:\/\/buonamici.it\/fr\/wp-json\/wp\/v2\/product_cat?post=658"},{"taxonomy":"product_tag","embeddable":true,"href":"https:\/\/buonamici.it\/fr\/wp-json\/wp\/v2\/product_tag?post=658"}],"curies":[{"name":"wp","href":"https:\/\/api.w.org\/{rel}","templated":true}]}}