{"id":648,"date":"2023-08-07T09:30:59","date_gmt":"2023-08-07T07:30:59","guid":{"rendered":"https:\/\/buonamici.it\/prodotto\/olio-extra-vergine-di-oliva-biologico-italiano-monocultivar-frantoio-cesare-buonamici\/"},"modified":"2023-08-08T14:30:27","modified_gmt":"2023-08-08T12:30:27","slug":"huile-dolive-vierge-extra-biologique-italienne-monocultivar-frantoio-cesare-buonamici","status":"publish","type":"product","link":"https:\/\/buonamici.it\/fr\/prodotto\/huile-dolive-vierge-extra-biologique-italienne-monocultivar-frantoio-cesare-buonamici\/","title":{"rendered":"HUILE D&rsquo;OLIVE VIERGE EXTRA BIOLOGIQUE ITALIENNE MONOCULTIVAR FRANTOIO \u00ab\u00a0CESARE BUONAMICI\u00a0\u00bb"},"content":{"rendered":"<p>Cette huile d&rsquo;olive biologique monocultivar Frantoio est produite uniquement \u00e0 partir d&rsquo;olives de la vari\u00e9t\u00e9 Frantoio. Les olives sont r\u00e9colt\u00e9es entre octobre et novembre et press\u00e9es \u00e0 froid dans les 12 heures suivant la cueillette dans le moulin \u00e0 cycle continu \u00e0 impact oxydatif r\u00e9duit. L&rsquo;ar\u00f4me est intense et fruit\u00e9, avec des notes d&rsquo;olive verte et d&rsquo;amande, et le go\u00fbt est tr\u00e8s harmonieux. La couleur est d&rsquo;un vert \u00e9meraude clair.<\/p>\n<h2>Prix et r\u00e9compenses<\/h2>\n<ul>\n<li>ASSAM REGIONE MARCHE, Rassegna Nazionale migliori oli monovarietali, 2018, 2019, 2020<\/li>\n<\/ul>\n","protected":false},"excerpt":{"rendered":"<p>Cette huile d&rsquo;olive biologique monocultivar Frantoio est produite uniquement \u00e0 partir d&rsquo;olives de la vari\u00e9t\u00e9 Frantoio. Les olives sont r\u00e9colt\u00e9es entre octobre et novembre et press\u00e9es \u00e0 froid dans les 12 heures suivant la cueillette dans le moulin \u00e0 cycle continu \u00e0 impact oxydatif r\u00e9duit. L&rsquo;ar\u00f4me est intense et fruit\u00e9, avec des notes d&rsquo;olive verte <a href=\"https:\/\/buonamici.it\/fr\/prodotto\/huile-dolive-vierge-extra-biologique-italienne-monocultivar-frantoio-cesare-buonamici\/\" class=\"more-link\">&#8230;<span class=\"screen-reader-text\">  HUILE D&rsquo;OLIVE VIERGE EXTRA BIOLOGIQUE ITALIENNE MONOCULTIVAR FRANTOIO \u00ab\u00a0CESARE BUONAMICI\u00a0\u00bb<\/span><\/a><\/p>\n","protected":false},"featured_media":518,"template":"","meta":{"_acf_changed":false,"_uag_custom_page_level_css":""},"product_cat":[35],"product_tag":[],"class_list":{"0":"post-648","1":"product","2":"type-product","3":"status-publish","4":"has-post-thumbnail","6":"product_cat-oli-fr","8":"first","9":"instock","10":"shipping-taxable","11":"purchasable","12":"product-type-variable"},"acf":[],"yoast_head":"<!-- This site is optimized with the Yoast SEO plugin v24.2 - https:\/\/yoast.com\/wordpress\/plugins\/seo\/ -->\n<title>HUILE D&#039;OLIVE VIERGE EXTRA BIOLOGIQUE ITALIENNE MONOCULTIVAR FRANTOIO &quot;CESARE BUONAMICI&quot; - Buonamici<\/title>\n<meta name=\"robots\" content=\"index, follow, max-snippet:-1, max-image-preview:large, max-video-preview:-1\" \/>\n<link rel=\"canonical\" href=\"https:\/\/buonamici.it\/fr\/prodotto\/huile-dolive-vierge-extra-biologique-italienne-monocultivar-frantoio-cesare-buonamici\/\" \/>\n<meta property=\"og:locale\" content=\"fr_FR\" \/>\n<meta property=\"og:type\" content=\"article\" \/>\n<meta property=\"og:title\" content=\"HUILE D&#039;OLIVE VIERGE EXTRA BIOLOGIQUE ITALIENNE MONOCULTIVAR FRANTOIO &quot;CESARE BUONAMICI&quot; - Buonamici\" \/>\n<meta property=\"og:description\" content=\"Cette huile d&rsquo;olive biologique monocultivar Frantoio est produite uniquement \u00e0 partir d&rsquo;olives de la vari\u00e9t\u00e9 Frantoio. Les olives sont r\u00e9colt\u00e9es entre octobre et novembre et press\u00e9es \u00e0 froid dans les 12 heures suivant la cueillette dans le moulin \u00e0 cycle continu \u00e0 impact oxydatif r\u00e9duit. L&rsquo;ar\u00f4me est intense et fruit\u00e9, avec des notes d&rsquo;olive verte ... HUILE D&rsquo;OLIVE VIERGE EXTRA BIOLOGIQUE ITALIENNE MONOCULTIVAR FRANTOIO \u00ab\u00a0CESARE BUONAMICI\u00a0\u00bb\" \/>\n<meta property=\"og:url\" content=\"https:\/\/buonamici.it\/fr\/prodotto\/huile-dolive-vierge-extra-biologique-italienne-monocultivar-frantoio-cesare-buonamici\/\" \/>\n<meta property=\"og:site_name\" content=\"Buonamici\" \/>\n<meta property=\"article:modified_time\" content=\"2023-08-08T12:30:27+00:00\" \/>\n<meta property=\"og:image\" content=\"https:\/\/buonamici.it\/wp-content\/uploads\/2023\/08\/prodotto-3-Frantoio.jpg\" \/>\n\t<meta property=\"og:image:width\" content=\"1500\" \/>\n\t<meta property=\"og:image:height\" content=\"1500\" \/>\n\t<meta property=\"og:image:type\" content=\"image\/jpeg\" \/>\n<meta name=\"twitter:card\" content=\"summary_large_image\" \/>\n<script type=\"application\/ld+json\" class=\"yoast-schema-graph\">{\"@context\":\"https:\/\/schema.org\",\"@graph\":[{\"@type\":\"WebPage\",\"@id\":\"https:\/\/buonamici.it\/fr\/prodotto\/huile-dolive-vierge-extra-biologique-italienne-monocultivar-frantoio-cesare-buonamici\/\",\"url\":\"https:\/\/buonamici.it\/fr\/prodotto\/huile-dolive-vierge-extra-biologique-italienne-monocultivar-frantoio-cesare-buonamici\/\",\"name\":\"HUILE D'OLIVE VIERGE EXTRA BIOLOGIQUE ITALIENNE MONOCULTIVAR FRANTOIO \\\"CESARE BUONAMICI\\\" - Buonamici\",\"isPartOf\":{\"@id\":\"https:\/\/buonamici.it\/en\/#website\"},\"primaryImageOfPage\":{\"@id\":\"https:\/\/buonamici.it\/fr\/prodotto\/huile-dolive-vierge-extra-biologique-italienne-monocultivar-frantoio-cesare-buonamici\/#primaryimage\"},\"image\":{\"@id\":\"https:\/\/buonamici.it\/fr\/prodotto\/huile-dolive-vierge-extra-biologique-italienne-monocultivar-frantoio-cesare-buonamici\/#primaryimage\"},\"thumbnailUrl\":\"https:\/\/buonamici.it\/wp-content\/uploads\/2023\/08\/prodotto-3-Frantoio.jpg\",\"datePublished\":\"2023-08-07T07:30:59+00:00\",\"dateModified\":\"2023-08-08T12:30:27+00:00\",\"breadcrumb\":{\"@id\":\"https:\/\/buonamici.it\/fr\/prodotto\/huile-dolive-vierge-extra-biologique-italienne-monocultivar-frantoio-cesare-buonamici\/#breadcrumb\"},\"inLanguage\":\"fr-FR\",\"potentialAction\":[{\"@type\":\"ReadAction\",\"target\":[\"https:\/\/buonamici.it\/fr\/prodotto\/huile-dolive-vierge-extra-biologique-italienne-monocultivar-frantoio-cesare-buonamici\/\"]}]},{\"@type\":\"ImageObject\",\"inLanguage\":\"fr-FR\",\"@id\":\"https:\/\/buonamici.it\/fr\/prodotto\/huile-dolive-vierge-extra-biologique-italienne-monocultivar-frantoio-cesare-buonamici\/#primaryimage\",\"url\":\"https:\/\/buonamici.it\/wp-content\/uploads\/2023\/08\/prodotto-3-Frantoio.jpg\",\"contentUrl\":\"https:\/\/buonamici.it\/wp-content\/uploads\/2023\/08\/prodotto-3-Frantoio.jpg\",\"width\":1500,\"height\":1500},{\"@type\":\"BreadcrumbList\",\"@id\":\"https:\/\/buonamici.it\/fr\/prodotto\/huile-dolive-vierge-extra-biologique-italienne-monocultivar-frantoio-cesare-buonamici\/#breadcrumb\",\"itemListElement\":[{\"@type\":\"ListItem\",\"position\":1,\"name\":\"Home\",\"item\":\"https:\/\/buonamici.it\/fr\/\"},{\"@type\":\"ListItem\",\"position\":2,\"name\":\"Shop\",\"item\":\"https:\/\/buonamici.it\/fr\/negozio\/\"},{\"@type\":\"ListItem\",\"position\":3,\"name\":\"HUILE D&#8217;OLIVE VIERGE EXTRA BIOLOGIQUE ITALIENNE MONOCULTIVAR FRANTOIO &#8220;CESARE BUONAMICI&#8221;\"}]},{\"@type\":\"WebSite\",\"@id\":\"https:\/\/buonamici.it\/en\/#website\",\"url\":\"https:\/\/buonamici.it\/en\/\",\"name\":\"Buonamici\",\"description\":\"Un nuovo sito targato WordPress\",\"potentialAction\":[{\"@type\":\"SearchAction\",\"target\":{\"@type\":\"EntryPoint\",\"urlTemplate\":\"https:\/\/buonamici.it\/en\/?s={search_term_string}\"},\"query-input\":{\"@type\":\"PropertyValueSpecification\",\"valueRequired\":true,\"valueName\":\"search_term_string\"}}],\"inLanguage\":\"fr-FR\"}]}<\/script>\n<!-- \/ Yoast SEO plugin. -->","yoast_head_json":{"title":"HUILE D'OLIVE VIERGE EXTRA BIOLOGIQUE ITALIENNE MONOCULTIVAR FRANTOIO \"CESARE BUONAMICI\" - Buonamici","robots":{"index":"index","follow":"follow","max-snippet":"max-snippet:-1","max-image-preview":"max-image-preview:large","max-video-preview":"max-video-preview:-1"},"canonical":"https:\/\/buonamici.it\/fr\/prodotto\/huile-dolive-vierge-extra-biologique-italienne-monocultivar-frantoio-cesare-buonamici\/","og_locale":"fr_FR","og_type":"article","og_title":"HUILE D'OLIVE VIERGE EXTRA BIOLOGIQUE ITALIENNE MONOCULTIVAR FRANTOIO \"CESARE BUONAMICI\" - Buonamici","og_description":"Cette huile d&rsquo;olive biologique monocultivar Frantoio est produite uniquement \u00e0 partir d&rsquo;olives de la vari\u00e9t\u00e9 Frantoio. Les olives sont r\u00e9colt\u00e9es entre octobre et novembre et press\u00e9es \u00e0 froid dans les 12 heures suivant la cueillette dans le moulin \u00e0 cycle continu \u00e0 impact oxydatif r\u00e9duit. L&rsquo;ar\u00f4me est intense et fruit\u00e9, avec des notes d&rsquo;olive verte ... HUILE D&rsquo;OLIVE VIERGE EXTRA BIOLOGIQUE ITALIENNE MONOCULTIVAR FRANTOIO \u00ab\u00a0CESARE BUONAMICI\u00a0\u00bb","og_url":"https:\/\/buonamici.it\/fr\/prodotto\/huile-dolive-vierge-extra-biologique-italienne-monocultivar-frantoio-cesare-buonamici\/","og_site_name":"Buonamici","article_modified_time":"2023-08-08T12:30:27+00:00","og_image":[{"width":1500,"height":1500,"url":"https:\/\/buonamici.it\/wp-content\/uploads\/2023\/08\/prodotto-3-Frantoio.jpg","type":"image\/jpeg"}],"twitter_card":"summary_large_image","schema":{"@context":"https:\/\/schema.org","@graph":[{"@type":"WebPage","@id":"https:\/\/buonamici.it\/fr\/prodotto\/huile-dolive-vierge-extra-biologique-italienne-monocultivar-frantoio-cesare-buonamici\/","url":"https:\/\/buonamici.it\/fr\/prodotto\/huile-dolive-vierge-extra-biologique-italienne-monocultivar-frantoio-cesare-buonamici\/","name":"HUILE D'OLIVE VIERGE EXTRA BIOLOGIQUE ITALIENNE MONOCULTIVAR FRANTOIO \"CESARE BUONAMICI\" - Buonamici","isPartOf":{"@id":"https:\/\/buonamici.it\/en\/#website"},"primaryImageOfPage":{"@id":"https:\/\/buonamici.it\/fr\/prodotto\/huile-dolive-vierge-extra-biologique-italienne-monocultivar-frantoio-cesare-buonamici\/#primaryimage"},"image":{"@id":"https:\/\/buonamici.it\/fr\/prodotto\/huile-dolive-vierge-extra-biologique-italienne-monocultivar-frantoio-cesare-buonamici\/#primaryimage"},"thumbnailUrl":"https:\/\/buonamici.it\/wp-content\/uploads\/2023\/08\/prodotto-3-Frantoio.jpg","datePublished":"2023-08-07T07:30:59+00:00","dateModified":"2023-08-08T12:30:27+00:00","breadcrumb":{"@id":"https:\/\/buonamici.it\/fr\/prodotto\/huile-dolive-vierge-extra-biologique-italienne-monocultivar-frantoio-cesare-buonamici\/#breadcrumb"},"inLanguage":"fr-FR","potentialAction":[{"@type":"ReadAction","target":["https:\/\/buonamici.it\/fr\/prodotto\/huile-dolive-vierge-extra-biologique-italienne-monocultivar-frantoio-cesare-buonamici\/"]}]},{"@type":"ImageObject","inLanguage":"fr-FR","@id":"https:\/\/buonamici.it\/fr\/prodotto\/huile-dolive-vierge-extra-biologique-italienne-monocultivar-frantoio-cesare-buonamici\/#primaryimage","url":"https:\/\/buonamici.it\/wp-content\/uploads\/2023\/08\/prodotto-3-Frantoio.jpg","contentUrl":"https:\/\/buonamici.it\/wp-content\/uploads\/2023\/08\/prodotto-3-Frantoio.jpg","width":1500,"height":1500},{"@type":"BreadcrumbList","@id":"https:\/\/buonamici.it\/fr\/prodotto\/huile-dolive-vierge-extra-biologique-italienne-monocultivar-frantoio-cesare-buonamici\/#breadcrumb","itemListElement":[{"@type":"ListItem","position":1,"name":"Home","item":"https:\/\/buonamici.it\/fr\/"},{"@type":"ListItem","position":2,"name":"Shop","item":"https:\/\/buonamici.it\/fr\/negozio\/"},{"@type":"ListItem","position":3,"name":"HUILE D&#8217;OLIVE VIERGE EXTRA BIOLOGIQUE ITALIENNE MONOCULTIVAR FRANTOIO &#8220;CESARE BUONAMICI&#8221;"}]},{"@type":"WebSite","@id":"https:\/\/buonamici.it\/en\/#website","url":"https:\/\/buonamici.it\/en\/","name":"Buonamici","description":"Un nuovo sito targato WordPress","potentialAction":[{"@type":"SearchAction","target":{"@type":"EntryPoint","urlTemplate":"https:\/\/buonamici.it\/en\/?s={search_term_string}"},"query-input":{"@type":"PropertyValueSpecification","valueRequired":true,"valueName":"search_term_string"}}],"inLanguage":"fr-FR"}]}},"uagb_featured_image_src":{"full":["https:\/\/buonamici.it\/wp-content\/uploads\/2023\/08\/prodotto-3-Frantoio.jpg",1500,1500,false],"thumbnail":["https:\/\/buonamici.it\/wp-content\/uploads\/2023\/08\/prodotto-3-Frantoio-150x150.jpg",150,150,true],"medium":["https:\/\/buonamici.it\/wp-content\/uploads\/2023\/08\/prodotto-3-Frantoio-300x300.jpg",300,300,true],"medium_large":["https:\/\/buonamici.it\/wp-content\/uploads\/2023\/08\/prodotto-3-Frantoio.jpg",768,768,false],"large":["https:\/\/buonamici.it\/wp-content\/uploads\/2023\/08\/prodotto-3-Frantoio-1024x1024.jpg",1024,1024,true],"1536x1536":["https:\/\/buonamici.it\/wp-content\/uploads\/2023\/08\/prodotto-3-Frantoio.jpg",1500,1500,false],"2048x2048":["https:\/\/buonamici.it\/wp-content\/uploads\/2023\/08\/prodotto-3-Frantoio.jpg",1500,1500,false],"woocommerce_thumbnail":["https:\/\/buonamici.it\/wp-content\/uploads\/2023\/08\/prodotto-3-Frantoio-300x300.jpg",300,300,true],"woocommerce_single":["https:\/\/buonamici.it\/wp-content\/uploads\/2023\/08\/prodotto-3-Frantoio-600x600.jpg",600,600,true],"woocommerce_gallery_thumbnail":["https:\/\/buonamici.it\/wp-content\/uploads\/2023\/08\/prodotto-3-Frantoio-100x100.jpg",100,100,true]},"uagb_author_info":{"display_name":"MarcoGruppoCo","author_link":"https:\/\/buonamici.it\/fr\/author\/"},"uagb_comment_info":0,"uagb_excerpt":"Cette huile d&rsquo;olive biologique monocultivar Frantoio est produite uniquement \u00e0 partir d&rsquo;olives de la vari\u00e9t\u00e9 Frantoio. Les olives sont r\u00e9colt\u00e9es entre octobre et novembre et press\u00e9es \u00e0 froid dans les 12 heures suivant la cueillette dans le moulin \u00e0 cycle continu \u00e0 impact oxydatif r\u00e9duit. L&rsquo;ar\u00f4me est intense et fruit\u00e9, avec des notes d&rsquo;olive verte\u2026","_links":{"self":[{"href":"https:\/\/buonamici.it\/fr\/wp-json\/wp\/v2\/product\/648","targetHints":{"allow":["GET"]}}],"collection":[{"href":"https:\/\/buonamici.it\/fr\/wp-json\/wp\/v2\/product"}],"about":[{"href":"https:\/\/buonamici.it\/fr\/wp-json\/wp\/v2\/types\/product"}],"wp:featuredmedia":[{"embeddable":true,"href":"https:\/\/buonamici.it\/fr\/wp-json\/wp\/v2\/media\/518"}],"wp:attachment":[{"href":"https:\/\/buonamici.it\/fr\/wp-json\/wp\/v2\/media?parent=648"}],"wp:term":[{"taxonomy":"product_cat","embeddable":true,"href":"https:\/\/buonamici.it\/fr\/wp-json\/wp\/v2\/product_cat?post=648"},{"taxonomy":"product_tag","embeddable":true,"href":"https:\/\/buonamici.it\/fr\/wp-json\/wp\/v2\/product_tag?post=648"}],"curies":[{"name":"wp","href":"https:\/\/api.w.org\/{rel}","templated":true}]}}