{"id":638,"date":"2023-08-07T09:36:03","date_gmt":"2023-08-07T07:36:03","guid":{"rendered":"https:\/\/buonamici.it\/prodotto\/olio-extra-vergine-di-oliva-biologico-italiano-salutaris-buonamici\/"},"modified":"2023-08-08T14:31:38","modified_gmt":"2023-08-08T12:31:38","slug":"huile-dolive-extra-vierge-italienne-biologique-salutaris-buonamici","status":"publish","type":"product","link":"https:\/\/buonamici.it\/fr\/prodotto\/huile-dolive-extra-vierge-italienne-biologique-salutaris-buonamici\/","title":{"rendered":"HUILE D&rsquo;OLIVE EXTRA VIERGE ITALIENNE BIOLOGIQUE \u00ab\u00a0SALUTARIS\/BUONAMICI\u00a0\u00bb"},"content":{"rendered":"<p>OLIO SALUTARIS mg 500 est une huile d&rsquo;olive extra vierge biologique italienne \u00e0 haute teneur en polyph\u00e9nols, puissants antioxydants naturels, et en vitamine E, qui contribuent \u00e0 la r\u00e9duction des radicaux libres. Cette huile est obtenue \u00e0 partir d&rsquo;olives s\u00e9lectionn\u00e9es, cueillies \u00e0 la main et press\u00e9es selon un processus innovant d&rsquo;extraction sous vide, strictement \u00e0 froid, r\u00e9alis\u00e9 dans l&rsquo;huilerie Buonamici. Des ann\u00e9es de recherche ont permis de transf\u00e9rer la richesse des antioxydants naturels pr\u00e9sents dans le fruit de l&rsquo;olive dans \u00ab\u00a0OLIO SALUTARIS mg 500\u00a0\u00bb. Ce produit fait partie du projet Oleosalusistem, cr\u00e9\u00e9 en collaboration avec l&rsquo;universit\u00e9 de Florence, Metropoli, TEM et la r\u00e9gion de Toscane. Le r\u00e9sultat est une huile d&rsquo;olive extra vierge biologique de haute qualit\u00e9 et d&rsquo;un go\u00fbt extraordinaire. Dans l&rsquo;alimentation quotidienne, c&rsquo;est un outil efficace pour pr\u00e9venir et prot\u00e9ger les lipides sanguins du stress oxydatif. Elle est id\u00e9ale dans le cadre d&rsquo;une alimentation correcte des enfants et des adultes. Dosage recommand\u00e9 : 10\/20 g par jour, soit l&rsquo;\u00e9quivalent d&rsquo;une 1\/2 cuill\u00e8re \u00e0 soupe.<\/p>\n<h2>Prix et r\u00e9compenses<\/h2>\n<ul>\n<li>CONCORSO \u201cIL MAGNIFICO\u201d, Extra Virgin Olive Oil Awards, 2018, 2019<\/li>\n<\/ul>\n","protected":false},"excerpt":{"rendered":"<p>OLIO SALUTARIS mg 500 est une huile d&rsquo;olive extra vierge biologique italienne \u00e0 haute teneur en polyph\u00e9nols, puissants antioxydants naturels, et en vitamine E, qui contribuent \u00e0 la r\u00e9duction des radicaux libres. Cette huile est obtenue \u00e0 partir d&rsquo;olives s\u00e9lectionn\u00e9es, cueillies \u00e0 la main et press\u00e9es selon un processus innovant d&rsquo;extraction sous vide, strictement \u00e0 <a href=\"https:\/\/buonamici.it\/fr\/prodotto\/huile-dolive-extra-vierge-italienne-biologique-salutaris-buonamici\/\" class=\"more-link\">&#8230;<span class=\"screen-reader-text\">  HUILE D&rsquo;OLIVE EXTRA VIERGE ITALIENNE BIOLOGIQUE \u00ab\u00a0SALUTARIS\/BUONAMICI\u00a0\u00bb<\/span><\/a><\/p>\n","protected":false},"featured_media":526,"template":"","meta":{"_acf_changed":false,"_uag_custom_page_level_css":""},"product_cat":[35],"product_tag":[],"class_list":{"0":"post-638","1":"product","2":"type-product","3":"status-publish","4":"has-post-thumbnail","6":"product_cat-oli-fr","8":"first","9":"instock","10":"shipping-taxable","11":"purchasable","12":"product-type-variable"},"acf":[],"yoast_head":"<!-- This site is optimized with the Yoast SEO plugin v24.2 - https:\/\/yoast.com\/wordpress\/plugins\/seo\/ -->\n<title>HUILE D&#039;OLIVE EXTRA VIERGE ITALIENNE BIOLOGIQUE &quot;SALUTARIS\/BUONAMICI&quot; - Buonamici<\/title>\n<meta name=\"robots\" content=\"index, follow, max-snippet:-1, max-image-preview:large, max-video-preview:-1\" \/>\n<link rel=\"canonical\" href=\"https:\/\/buonamici.it\/prodotto\/olio-extra-vergine-di-oliva-biologico-italiano-salutaris-buonamici\/\" \/>\n<meta property=\"og:locale\" content=\"fr_FR\" \/>\n<meta property=\"og:type\" content=\"article\" \/>\n<meta property=\"og:title\" content=\"HUILE D&#039;OLIVE EXTRA VIERGE ITALIENNE BIOLOGIQUE &quot;SALUTARIS\/BUONAMICI&quot; - Buonamici\" \/>\n<meta property=\"og:description\" content=\"OLIO SALUTARIS mg 500 est une huile d&rsquo;olive extra vierge biologique italienne \u00e0 haute teneur en polyph\u00e9nols, puissants antioxydants naturels, et en vitamine E, qui contribuent \u00e0 la r\u00e9duction des radicaux libres. Cette huile est obtenue \u00e0 partir d&rsquo;olives s\u00e9lectionn\u00e9es, cueillies \u00e0 la main et press\u00e9es selon un processus innovant d&rsquo;extraction sous vide, strictement \u00e0 ... HUILE D&rsquo;OLIVE EXTRA VIERGE ITALIENNE BIOLOGIQUE \u00ab\u00a0SALUTARIS\/BUONAMICI\u00a0\u00bb\" \/>\n<meta property=\"og:url\" content=\"https:\/\/buonamici.it\/prodotto\/olio-extra-vergine-di-oliva-biologico-italiano-salutaris-buonamici\/\" \/>\n<meta property=\"og:site_name\" content=\"Buonamici\" \/>\n<meta property=\"article:modified_time\" content=\"2023-08-08T12:31:38+00:00\" \/>\n<meta property=\"og:image\" content=\"https:\/\/buonamici.it\/wp-content\/uploads\/2023\/08\/prodotto-4-Salutaris.jpg\" \/>\n\t<meta property=\"og:image:width\" content=\"1500\" \/>\n\t<meta property=\"og:image:height\" content=\"1500\" \/>\n\t<meta property=\"og:image:type\" content=\"image\/jpeg\" \/>\n<meta name=\"twitter:card\" content=\"summary_large_image\" \/>\n<meta name=\"twitter:label1\" content=\"Dur\u00e9e de lecture estim\u00e9e\" \/>\n\t<meta name=\"twitter:data1\" content=\"1 minute\" \/>\n<script type=\"application\/ld+json\" class=\"yoast-schema-graph\">{\"@context\":\"https:\/\/schema.org\",\"@graph\":[{\"@type\":\"WebPage\",\"@id\":\"https:\/\/buonamici.it\/prodotto\/olio-extra-vergine-di-oliva-biologico-italiano-salutaris-buonamici\/\",\"url\":\"https:\/\/buonamici.it\/prodotto\/olio-extra-vergine-di-oliva-biologico-italiano-salutaris-buonamici\/\",\"name\":\"HUILE D'OLIVE EXTRA VIERGE ITALIENNE BIOLOGIQUE \\\"SALUTARIS\/BUONAMICI\\\" - Buonamici\",\"isPartOf\":{\"@id\":\"https:\/\/buonamici.it\/en\/#website\"},\"primaryImageOfPage\":{\"@id\":\"https:\/\/buonamici.it\/prodotto\/olio-extra-vergine-di-oliva-biologico-italiano-salutaris-buonamici\/#primaryimage\"},\"image\":{\"@id\":\"https:\/\/buonamici.it\/prodotto\/olio-extra-vergine-di-oliva-biologico-italiano-salutaris-buonamici\/#primaryimage\"},\"thumbnailUrl\":\"https:\/\/buonamici.it\/wp-content\/uploads\/2023\/08\/prodotto-4-Salutaris.jpg\",\"datePublished\":\"2023-08-07T07:36:03+00:00\",\"dateModified\":\"2023-08-08T12:31:38+00:00\",\"breadcrumb\":{\"@id\":\"https:\/\/buonamici.it\/prodotto\/olio-extra-vergine-di-oliva-biologico-italiano-salutaris-buonamici\/#breadcrumb\"},\"inLanguage\":\"fr-FR\",\"potentialAction\":[{\"@type\":\"ReadAction\",\"target\":[\"https:\/\/buonamici.it\/prodotto\/olio-extra-vergine-di-oliva-biologico-italiano-salutaris-buonamici\/\"]}]},{\"@type\":\"ImageObject\",\"inLanguage\":\"fr-FR\",\"@id\":\"https:\/\/buonamici.it\/prodotto\/olio-extra-vergine-di-oliva-biologico-italiano-salutaris-buonamici\/#primaryimage\",\"url\":\"https:\/\/buonamici.it\/wp-content\/uploads\/2023\/08\/prodotto-4-Salutaris.jpg\",\"contentUrl\":\"https:\/\/buonamici.it\/wp-content\/uploads\/2023\/08\/prodotto-4-Salutaris.jpg\",\"width\":1500,\"height\":1500},{\"@type\":\"BreadcrumbList\",\"@id\":\"https:\/\/buonamici.it\/prodotto\/olio-extra-vergine-di-oliva-biologico-italiano-salutaris-buonamici\/#breadcrumb\",\"itemListElement\":[{\"@type\":\"ListItem\",\"position\":1,\"name\":\"Home\",\"item\":\"https:\/\/buonamici.it\/fr\/\"},{\"@type\":\"ListItem\",\"position\":2,\"name\":\"Shop\",\"item\":\"https:\/\/buonamici.it\/fr\/negozio\/\"},{\"@type\":\"ListItem\",\"position\":3,\"name\":\"HUILE D&#8217;OLIVE EXTRA VIERGE ITALIENNE BIOLOGIQUE &#8220;SALUTARIS\/BUONAMICI&#8221;\"}]},{\"@type\":\"WebSite\",\"@id\":\"https:\/\/buonamici.it\/en\/#website\",\"url\":\"https:\/\/buonamici.it\/en\/\",\"name\":\"Buonamici\",\"description\":\"Un nuovo sito targato WordPress\",\"potentialAction\":[{\"@type\":\"SearchAction\",\"target\":{\"@type\":\"EntryPoint\",\"urlTemplate\":\"https:\/\/buonamici.it\/en\/?s={search_term_string}\"},\"query-input\":{\"@type\":\"PropertyValueSpecification\",\"valueRequired\":true,\"valueName\":\"search_term_string\"}}],\"inLanguage\":\"fr-FR\"}]}<\/script>\n<!-- \/ Yoast SEO plugin. -->","yoast_head_json":{"title":"HUILE D'OLIVE EXTRA VIERGE ITALIENNE BIOLOGIQUE \"SALUTARIS\/BUONAMICI\" - Buonamici","robots":{"index":"index","follow":"follow","max-snippet":"max-snippet:-1","max-image-preview":"max-image-preview:large","max-video-preview":"max-video-preview:-1"},"canonical":"https:\/\/buonamici.it\/prodotto\/olio-extra-vergine-di-oliva-biologico-italiano-salutaris-buonamici\/","og_locale":"fr_FR","og_type":"article","og_title":"HUILE D'OLIVE EXTRA VIERGE ITALIENNE BIOLOGIQUE \"SALUTARIS\/BUONAMICI\" - Buonamici","og_description":"OLIO SALUTARIS mg 500 est une huile d&rsquo;olive extra vierge biologique italienne \u00e0 haute teneur en polyph\u00e9nols, puissants antioxydants naturels, et en vitamine E, qui contribuent \u00e0 la r\u00e9duction des radicaux libres. Cette huile est obtenue \u00e0 partir d&rsquo;olives s\u00e9lectionn\u00e9es, cueillies \u00e0 la main et press\u00e9es selon un processus innovant d&rsquo;extraction sous vide, strictement \u00e0 ... HUILE D&rsquo;OLIVE EXTRA VIERGE ITALIENNE BIOLOGIQUE \u00ab\u00a0SALUTARIS\/BUONAMICI\u00a0\u00bb","og_url":"https:\/\/buonamici.it\/prodotto\/olio-extra-vergine-di-oliva-biologico-italiano-salutaris-buonamici\/","og_site_name":"Buonamici","article_modified_time":"2023-08-08T12:31:38+00:00","og_image":[{"width":1500,"height":1500,"url":"https:\/\/buonamici.it\/wp-content\/uploads\/2023\/08\/prodotto-4-Salutaris.jpg","type":"image\/jpeg"}],"twitter_card":"summary_large_image","twitter_misc":{"Dur\u00e9e de lecture estim\u00e9e":"1 minute"},"schema":{"@context":"https:\/\/schema.org","@graph":[{"@type":"WebPage","@id":"https:\/\/buonamici.it\/prodotto\/olio-extra-vergine-di-oliva-biologico-italiano-salutaris-buonamici\/","url":"https:\/\/buonamici.it\/prodotto\/olio-extra-vergine-di-oliva-biologico-italiano-salutaris-buonamici\/","name":"HUILE D'OLIVE EXTRA VIERGE ITALIENNE BIOLOGIQUE \"SALUTARIS\/BUONAMICI\" - Buonamici","isPartOf":{"@id":"https:\/\/buonamici.it\/en\/#website"},"primaryImageOfPage":{"@id":"https:\/\/buonamici.it\/prodotto\/olio-extra-vergine-di-oliva-biologico-italiano-salutaris-buonamici\/#primaryimage"},"image":{"@id":"https:\/\/buonamici.it\/prodotto\/olio-extra-vergine-di-oliva-biologico-italiano-salutaris-buonamici\/#primaryimage"},"thumbnailUrl":"https:\/\/buonamici.it\/wp-content\/uploads\/2023\/08\/prodotto-4-Salutaris.jpg","datePublished":"2023-08-07T07:36:03+00:00","dateModified":"2023-08-08T12:31:38+00:00","breadcrumb":{"@id":"https:\/\/buonamici.it\/prodotto\/olio-extra-vergine-di-oliva-biologico-italiano-salutaris-buonamici\/#breadcrumb"},"inLanguage":"fr-FR","potentialAction":[{"@type":"ReadAction","target":["https:\/\/buonamici.it\/prodotto\/olio-extra-vergine-di-oliva-biologico-italiano-salutaris-buonamici\/"]}]},{"@type":"ImageObject","inLanguage":"fr-FR","@id":"https:\/\/buonamici.it\/prodotto\/olio-extra-vergine-di-oliva-biologico-italiano-salutaris-buonamici\/#primaryimage","url":"https:\/\/buonamici.it\/wp-content\/uploads\/2023\/08\/prodotto-4-Salutaris.jpg","contentUrl":"https:\/\/buonamici.it\/wp-content\/uploads\/2023\/08\/prodotto-4-Salutaris.jpg","width":1500,"height":1500},{"@type":"BreadcrumbList","@id":"https:\/\/buonamici.it\/prodotto\/olio-extra-vergine-di-oliva-biologico-italiano-salutaris-buonamici\/#breadcrumb","itemListElement":[{"@type":"ListItem","position":1,"name":"Home","item":"https:\/\/buonamici.it\/fr\/"},{"@type":"ListItem","position":2,"name":"Shop","item":"https:\/\/buonamici.it\/fr\/negozio\/"},{"@type":"ListItem","position":3,"name":"HUILE D&#8217;OLIVE EXTRA VIERGE ITALIENNE BIOLOGIQUE &#8220;SALUTARIS\/BUONAMICI&#8221;"}]},{"@type":"WebSite","@id":"https:\/\/buonamici.it\/en\/#website","url":"https:\/\/buonamici.it\/en\/","name":"Buonamici","description":"Un nuovo sito targato WordPress","potentialAction":[{"@type":"SearchAction","target":{"@type":"EntryPoint","urlTemplate":"https:\/\/buonamici.it\/en\/?s={search_term_string}"},"query-input":{"@type":"PropertyValueSpecification","valueRequired":true,"valueName":"search_term_string"}}],"inLanguage":"fr-FR"}]}},"uagb_featured_image_src":{"full":["https:\/\/buonamici.it\/wp-content\/uploads\/2023\/08\/prodotto-4-Salutaris.jpg",1500,1500,false],"thumbnail":["https:\/\/buonamici.it\/wp-content\/uploads\/2023\/08\/prodotto-4-Salutaris-150x150.jpg",150,150,true],"medium":["https:\/\/buonamici.it\/wp-content\/uploads\/2023\/08\/prodotto-4-Salutaris-300x300.jpg",300,300,true],"medium_large":["https:\/\/buonamici.it\/wp-content\/uploads\/2023\/08\/prodotto-4-Salutaris.jpg",768,768,false],"large":["https:\/\/buonamici.it\/wp-content\/uploads\/2023\/08\/prodotto-4-Salutaris-1024x1024.jpg",1024,1024,true],"1536x1536":["https:\/\/buonamici.it\/wp-content\/uploads\/2023\/08\/prodotto-4-Salutaris.jpg",1500,1500,false],"2048x2048":["https:\/\/buonamici.it\/wp-content\/uploads\/2023\/08\/prodotto-4-Salutaris.jpg",1500,1500,false],"woocommerce_thumbnail":["https:\/\/buonamici.it\/wp-content\/uploads\/2023\/08\/prodotto-4-Salutaris-300x300.jpg",300,300,true],"woocommerce_single":["https:\/\/buonamici.it\/wp-content\/uploads\/2023\/08\/prodotto-4-Salutaris-600x600.jpg",600,600,true],"woocommerce_gallery_thumbnail":["https:\/\/buonamici.it\/wp-content\/uploads\/2023\/08\/prodotto-4-Salutaris-100x100.jpg",100,100,true]},"uagb_author_info":{"display_name":"MarcoGruppoCo","author_link":"https:\/\/buonamici.it\/fr\/author\/"},"uagb_comment_info":0,"uagb_excerpt":"OLIO SALUTARIS mg 500 est une huile d&rsquo;olive extra vierge biologique italienne \u00e0 haute teneur en polyph\u00e9nols, puissants antioxydants naturels, et en vitamine E, qui contribuent \u00e0 la r\u00e9duction des radicaux libres. Cette huile est obtenue \u00e0 partir d&rsquo;olives s\u00e9lectionn\u00e9es, cueillies \u00e0 la main et press\u00e9es selon un processus innovant d&rsquo;extraction sous vide, strictement \u00e0\u2026","_links":{"self":[{"href":"https:\/\/buonamici.it\/fr\/wp-json\/wp\/v2\/product\/638","targetHints":{"allow":["GET"]}}],"collection":[{"href":"https:\/\/buonamici.it\/fr\/wp-json\/wp\/v2\/product"}],"about":[{"href":"https:\/\/buonamici.it\/fr\/wp-json\/wp\/v2\/types\/product"}],"wp:featuredmedia":[{"embeddable":true,"href":"https:\/\/buonamici.it\/fr\/wp-json\/wp\/v2\/media\/526"}],"wp:attachment":[{"href":"https:\/\/buonamici.it\/fr\/wp-json\/wp\/v2\/media?parent=638"}],"wp:term":[{"taxonomy":"product_cat","embeddable":true,"href":"https:\/\/buonamici.it\/fr\/wp-json\/wp\/v2\/product_cat?post=638"},{"taxonomy":"product_tag","embeddable":true,"href":"https:\/\/buonamici.it\/fr\/wp-json\/wp\/v2\/product_tag?post=638"}],"curies":[{"name":"wp","href":"https:\/\/api.w.org\/{rel}","templated":true}]}}