{"id":623,"date":"2023-08-07T09:47:44","date_gmt":"2023-08-07T07:47:44","guid":{"rendered":"https:\/\/buonamici.it\/prodotto\/polpa-di-pomodoro-bio-cesare-buonamici\/"},"modified":"2023-08-08T14:33:01","modified_gmt":"2023-08-08T12:33:01","slug":"pulpe-de-tomate-biologique-cesare-buonamici","status":"publish","type":"product","link":"https:\/\/buonamici.it\/fr\/prodotto\/pulpe-de-tomate-biologique-cesare-buonamici\/","title":{"rendered":"PULPE DE TOMATE BIOLOGIQUE \u00ab\u00a0CESARE BUONAMICI\u00a0\u00bb"},"content":{"rendered":"<p>Cette pulpe biologique pr\u00eate \u00e0 l&#8217;emploi est fabriqu\u00e9e \u00e0 partir d&rsquo;une s\u00e9lection des meilleures tomates fra\u00eeches italiennes et enrichie de feuilles de basilic fra\u00eeches et parfum\u00e9es. Elle est id\u00e9ale pour cuisiner des sauces, des pizzas ou des plats principaux savoureux \u00e0 base de viande ou de poisson, ainsi que crue pour les snacks et les ap\u00e9ritifs.<\/p>\n","protected":false},"excerpt":{"rendered":"<p>Cette pulpe biologique pr\u00eate \u00e0 l&#8217;emploi est fabriqu\u00e9e \u00e0 partir d&rsquo;une s\u00e9lection des meilleures tomates fra\u00eeches italiennes et enrichie de feuilles de basilic fra\u00eeches et parfum\u00e9es. Elle est id\u00e9ale pour cuisiner des sauces, des pizzas ou des plats principaux savoureux \u00e0 base de viande ou de poisson, ainsi que crue pour les snacks et les <a href=\"https:\/\/buonamici.it\/fr\/prodotto\/pulpe-de-tomate-biologique-cesare-buonamici\/\" class=\"more-link\">&#8230;<span class=\"screen-reader-text\">  PULPE DE TOMATE BIOLOGIQUE \u00ab\u00a0CESARE BUONAMICI\u00a0\u00bb<\/span><\/a><\/p>\n","protected":false},"featured_media":536,"template":"","meta":{"_acf_changed":false,"_uag_custom_page_level_css":""},"product_cat":[36],"product_tag":[],"class_list":{"0":"post-623","1":"product","2":"type-product","3":"status-publish","4":"has-post-thumbnail","6":"product_cat-gastronomia-fr","8":"first","9":"instock","10":"shipping-taxable","11":"purchasable","12":"product-type-variable"},"acf":[],"yoast_head":"<!-- This site is optimized with the Yoast SEO plugin v24.2 - https:\/\/yoast.com\/wordpress\/plugins\/seo\/ -->\n<title>PULPE DE TOMATE BIOLOGIQUE &quot;CESARE BUONAMICI&quot; - Buonamici<\/title>\n<meta name=\"robots\" content=\"index, follow, max-snippet:-1, max-image-preview:large, max-video-preview:-1\" \/>\n<link rel=\"canonical\" href=\"https:\/\/buonamici.it\/fr\/prodotto\/polpa-di-pomodoro-bio-cesare-buonamici\/\" \/>\n<meta property=\"og:locale\" content=\"fr_FR\" \/>\n<meta property=\"og:type\" content=\"article\" \/>\n<meta property=\"og:title\" content=\"PULPE DE TOMATE BIOLOGIQUE &quot;CESARE BUONAMICI&quot; - Buonamici\" \/>\n<meta property=\"og:description\" content=\"Cette pulpe biologique pr\u00eate \u00e0 l&#8217;emploi est fabriqu\u00e9e \u00e0 partir d&rsquo;une s\u00e9lection des meilleures tomates fra\u00eeches italiennes et enrichie de feuilles de basilic fra\u00eeches et parfum\u00e9es. Elle est id\u00e9ale pour cuisiner des sauces, des pizzas ou des plats principaux savoureux \u00e0 base de viande ou de poisson, ainsi que crue pour les snacks et les ... PULPE DE TOMATE BIOLOGIQUE \u00ab\u00a0CESARE BUONAMICI\u00a0\u00bb\" \/>\n<meta property=\"og:url\" content=\"https:\/\/buonamici.it\/fr\/prodotto\/polpa-di-pomodoro-bio-cesare-buonamici\/\" \/>\n<meta property=\"og:site_name\" content=\"Buonamici\" \/>\n<meta property=\"article:modified_time\" content=\"2023-08-08T12:33:01+00:00\" \/>\n<meta property=\"og:image\" content=\"https:\/\/buonamici.it\/wp-content\/uploads\/2023\/08\/Prodotto-5-polpa.jpg\" \/>\n\t<meta property=\"og:image:width\" content=\"1500\" \/>\n\t<meta property=\"og:image:height\" content=\"1500\" \/>\n\t<meta property=\"og:image:type\" content=\"image\/jpeg\" \/>\n<meta name=\"twitter:card\" content=\"summary_large_image\" \/>\n<script type=\"application\/ld+json\" class=\"yoast-schema-graph\">{\"@context\":\"https:\/\/schema.org\",\"@graph\":[{\"@type\":\"WebPage\",\"@id\":\"https:\/\/buonamici.it\/fr\/prodotto\/polpa-di-pomodoro-bio-cesare-buonamici\/\",\"url\":\"https:\/\/buonamici.it\/fr\/prodotto\/polpa-di-pomodoro-bio-cesare-buonamici\/\",\"name\":\"PULPE DE TOMATE BIOLOGIQUE \\\"CESARE BUONAMICI\\\" - Buonamici\",\"isPartOf\":{\"@id\":\"https:\/\/buonamici.it\/en\/#website\"},\"primaryImageOfPage\":{\"@id\":\"https:\/\/buonamici.it\/fr\/prodotto\/polpa-di-pomodoro-bio-cesare-buonamici\/#primaryimage\"},\"image\":{\"@id\":\"https:\/\/buonamici.it\/fr\/prodotto\/polpa-di-pomodoro-bio-cesare-buonamici\/#primaryimage\"},\"thumbnailUrl\":\"https:\/\/buonamici.it\/wp-content\/uploads\/2023\/08\/Prodotto-5-polpa.jpg\",\"datePublished\":\"2023-08-07T07:47:44+00:00\",\"dateModified\":\"2023-08-08T12:33:01+00:00\",\"breadcrumb\":{\"@id\":\"https:\/\/buonamici.it\/fr\/prodotto\/polpa-di-pomodoro-bio-cesare-buonamici\/#breadcrumb\"},\"inLanguage\":\"fr-FR\",\"potentialAction\":[{\"@type\":\"ReadAction\",\"target\":[\"https:\/\/buonamici.it\/fr\/prodotto\/polpa-di-pomodoro-bio-cesare-buonamici\/\"]}]},{\"@type\":\"ImageObject\",\"inLanguage\":\"fr-FR\",\"@id\":\"https:\/\/buonamici.it\/fr\/prodotto\/polpa-di-pomodoro-bio-cesare-buonamici\/#primaryimage\",\"url\":\"https:\/\/buonamici.it\/wp-content\/uploads\/2023\/08\/Prodotto-5-polpa.jpg\",\"contentUrl\":\"https:\/\/buonamici.it\/wp-content\/uploads\/2023\/08\/Prodotto-5-polpa.jpg\",\"width\":1500,\"height\":1500},{\"@type\":\"BreadcrumbList\",\"@id\":\"https:\/\/buonamici.it\/fr\/prodotto\/polpa-di-pomodoro-bio-cesare-buonamici\/#breadcrumb\",\"itemListElement\":[{\"@type\":\"ListItem\",\"position\":1,\"name\":\"Home\",\"item\":\"https:\/\/buonamici.it\/fr\/\"},{\"@type\":\"ListItem\",\"position\":2,\"name\":\"Shop\",\"item\":\"https:\/\/buonamici.it\/fr\/negozio\/\"},{\"@type\":\"ListItem\",\"position\":3,\"name\":\"PULPE DE TOMATE BIOLOGIQUE \u00ab\u00a0CESARE BUONAMICI\u00a0\u00bb\"}]},{\"@type\":\"WebSite\",\"@id\":\"https:\/\/buonamici.it\/en\/#website\",\"url\":\"https:\/\/buonamici.it\/en\/\",\"name\":\"Buonamici\",\"description\":\"Un nuovo sito targato WordPress\",\"potentialAction\":[{\"@type\":\"SearchAction\",\"target\":{\"@type\":\"EntryPoint\",\"urlTemplate\":\"https:\/\/buonamici.it\/en\/?s={search_term_string}\"},\"query-input\":{\"@type\":\"PropertyValueSpecification\",\"valueRequired\":true,\"valueName\":\"search_term_string\"}}],\"inLanguage\":\"fr-FR\"}]}<\/script>\n<!-- \/ Yoast SEO plugin. -->","yoast_head_json":{"title":"PULPE DE TOMATE BIOLOGIQUE \"CESARE BUONAMICI\" - Buonamici","robots":{"index":"index","follow":"follow","max-snippet":"max-snippet:-1","max-image-preview":"max-image-preview:large","max-video-preview":"max-video-preview:-1"},"canonical":"https:\/\/buonamici.it\/fr\/prodotto\/polpa-di-pomodoro-bio-cesare-buonamici\/","og_locale":"fr_FR","og_type":"article","og_title":"PULPE DE TOMATE BIOLOGIQUE \"CESARE BUONAMICI\" - Buonamici","og_description":"Cette pulpe biologique pr\u00eate \u00e0 l&#8217;emploi est fabriqu\u00e9e \u00e0 partir d&rsquo;une s\u00e9lection des meilleures tomates fra\u00eeches italiennes et enrichie de feuilles de basilic fra\u00eeches et parfum\u00e9es. Elle est id\u00e9ale pour cuisiner des sauces, des pizzas ou des plats principaux savoureux \u00e0 base de viande ou de poisson, ainsi que crue pour les snacks et les ... PULPE DE TOMATE BIOLOGIQUE \u00ab\u00a0CESARE BUONAMICI\u00a0\u00bb","og_url":"https:\/\/buonamici.it\/fr\/prodotto\/polpa-di-pomodoro-bio-cesare-buonamici\/","og_site_name":"Buonamici","article_modified_time":"2023-08-08T12:33:01+00:00","og_image":[{"width":1500,"height":1500,"url":"https:\/\/buonamici.it\/wp-content\/uploads\/2023\/08\/Prodotto-5-polpa.jpg","type":"image\/jpeg"}],"twitter_card":"summary_large_image","schema":{"@context":"https:\/\/schema.org","@graph":[{"@type":"WebPage","@id":"https:\/\/buonamici.it\/fr\/prodotto\/polpa-di-pomodoro-bio-cesare-buonamici\/","url":"https:\/\/buonamici.it\/fr\/prodotto\/polpa-di-pomodoro-bio-cesare-buonamici\/","name":"PULPE DE TOMATE BIOLOGIQUE \"CESARE BUONAMICI\" - Buonamici","isPartOf":{"@id":"https:\/\/buonamici.it\/en\/#website"},"primaryImageOfPage":{"@id":"https:\/\/buonamici.it\/fr\/prodotto\/polpa-di-pomodoro-bio-cesare-buonamici\/#primaryimage"},"image":{"@id":"https:\/\/buonamici.it\/fr\/prodotto\/polpa-di-pomodoro-bio-cesare-buonamici\/#primaryimage"},"thumbnailUrl":"https:\/\/buonamici.it\/wp-content\/uploads\/2023\/08\/Prodotto-5-polpa.jpg","datePublished":"2023-08-07T07:47:44+00:00","dateModified":"2023-08-08T12:33:01+00:00","breadcrumb":{"@id":"https:\/\/buonamici.it\/fr\/prodotto\/polpa-di-pomodoro-bio-cesare-buonamici\/#breadcrumb"},"inLanguage":"fr-FR","potentialAction":[{"@type":"ReadAction","target":["https:\/\/buonamici.it\/fr\/prodotto\/polpa-di-pomodoro-bio-cesare-buonamici\/"]}]},{"@type":"ImageObject","inLanguage":"fr-FR","@id":"https:\/\/buonamici.it\/fr\/prodotto\/polpa-di-pomodoro-bio-cesare-buonamici\/#primaryimage","url":"https:\/\/buonamici.it\/wp-content\/uploads\/2023\/08\/Prodotto-5-polpa.jpg","contentUrl":"https:\/\/buonamici.it\/wp-content\/uploads\/2023\/08\/Prodotto-5-polpa.jpg","width":1500,"height":1500},{"@type":"BreadcrumbList","@id":"https:\/\/buonamici.it\/fr\/prodotto\/polpa-di-pomodoro-bio-cesare-buonamici\/#breadcrumb","itemListElement":[{"@type":"ListItem","position":1,"name":"Home","item":"https:\/\/buonamici.it\/fr\/"},{"@type":"ListItem","position":2,"name":"Shop","item":"https:\/\/buonamici.it\/fr\/negozio\/"},{"@type":"ListItem","position":3,"name":"PULPE DE TOMATE BIOLOGIQUE \u00ab\u00a0CESARE BUONAMICI\u00a0\u00bb"}]},{"@type":"WebSite","@id":"https:\/\/buonamici.it\/en\/#website","url":"https:\/\/buonamici.it\/en\/","name":"Buonamici","description":"Un nuovo sito targato WordPress","potentialAction":[{"@type":"SearchAction","target":{"@type":"EntryPoint","urlTemplate":"https:\/\/buonamici.it\/en\/?s={search_term_string}"},"query-input":{"@type":"PropertyValueSpecification","valueRequired":true,"valueName":"search_term_string"}}],"inLanguage":"fr-FR"}]}},"uagb_featured_image_src":{"full":["https:\/\/buonamici.it\/wp-content\/uploads\/2023\/08\/Prodotto-5-polpa.jpg",1500,1500,false],"thumbnail":["https:\/\/buonamici.it\/wp-content\/uploads\/2023\/08\/Prodotto-5-polpa-150x150.jpg",150,150,true],"medium":["https:\/\/buonamici.it\/wp-content\/uploads\/2023\/08\/Prodotto-5-polpa-300x300.jpg",300,300,true],"medium_large":["https:\/\/buonamici.it\/wp-content\/uploads\/2023\/08\/Prodotto-5-polpa.jpg",768,768,false],"large":["https:\/\/buonamici.it\/wp-content\/uploads\/2023\/08\/Prodotto-5-polpa-1024x1024.jpg",1024,1024,true],"1536x1536":["https:\/\/buonamici.it\/wp-content\/uploads\/2023\/08\/Prodotto-5-polpa.jpg",1500,1500,false],"2048x2048":["https:\/\/buonamici.it\/wp-content\/uploads\/2023\/08\/Prodotto-5-polpa.jpg",1500,1500,false],"woocommerce_thumbnail":["https:\/\/buonamici.it\/wp-content\/uploads\/2023\/08\/Prodotto-5-polpa-300x300.jpg",300,300,true],"woocommerce_single":["https:\/\/buonamici.it\/wp-content\/uploads\/2023\/08\/Prodotto-5-polpa-600x600.jpg",600,600,true],"woocommerce_gallery_thumbnail":["https:\/\/buonamici.it\/wp-content\/uploads\/2023\/08\/Prodotto-5-polpa-100x100.jpg",100,100,true]},"uagb_author_info":{"display_name":"MarcoGruppoCo","author_link":"https:\/\/buonamici.it\/fr\/author\/"},"uagb_comment_info":0,"uagb_excerpt":"Cette pulpe biologique pr\u00eate \u00e0 l&#8217;emploi est fabriqu\u00e9e \u00e0 partir d&rsquo;une s\u00e9lection des meilleures tomates fra\u00eeches italiennes et enrichie de feuilles de basilic fra\u00eeches et parfum\u00e9es. Elle est id\u00e9ale pour cuisiner des sauces, des pizzas ou des plats principaux savoureux \u00e0 base de viande ou de poisson, ainsi que crue pour les snacks et les\u2026","_links":{"self":[{"href":"https:\/\/buonamici.it\/fr\/wp-json\/wp\/v2\/product\/623","targetHints":{"allow":["GET"]}}],"collection":[{"href":"https:\/\/buonamici.it\/fr\/wp-json\/wp\/v2\/product"}],"about":[{"href":"https:\/\/buonamici.it\/fr\/wp-json\/wp\/v2\/types\/product"}],"wp:featuredmedia":[{"embeddable":true,"href":"https:\/\/buonamici.it\/fr\/wp-json\/wp\/v2\/media\/536"}],"wp:attachment":[{"href":"https:\/\/buonamici.it\/fr\/wp-json\/wp\/v2\/media?parent=623"}],"wp:term":[{"taxonomy":"product_cat","embeddable":true,"href":"https:\/\/buonamici.it\/fr\/wp-json\/wp\/v2\/product_cat?post=623"},{"taxonomy":"product_tag","embeddable":true,"href":"https:\/\/buonamici.it\/fr\/wp-json\/wp\/v2\/product_tag?post=623"}],"curies":[{"name":"wp","href":"https:\/\/api.w.org\/{rel}","templated":true}]}}