{"id":351,"date":"2022-06-01T11:45:18","date_gmt":"2022-06-01T09:45:18","guid":{"rendered":"https:\/\/buonamici.it\/premi\/"},"modified":"2022-06-21T11:24:30","modified_gmt":"2022-06-21T09:24:30","slug":"prix","status":"publish","type":"page","link":"https:\/\/buonamici.it\/fr\/prix\/","title":{"rendered":"Prix"},"content":{"rendered":"<section class=\"wp-block-uagb-section uagb-section__wrap uagb-section__background-image uagb-block-4f94f8b6 photo-header\"><div class=\"uagb-section__overlay\"><\/div><div class=\"uagb-section__inner-wrap\"><\/div><\/section><section class=\"wp-block-uagb-section uagb-section__wrap uagb-section__background-image uagb-block-b5df78d7\" id=\"prizes\"><div class=\"uagb-section__overlay\"><\/div><div class=\"uagb-section__inner-wrap\"><div class=\"wp-block-image\"><figure class=\"aligncenter size-full is-resized\" id=\"prizesImage\"><img loading=\"lazy\" decoding=\"async\" src=\"https:\/\/buonamici.it\/wp-content\/uploads\/2022\/06\/prizes.png\" alt=\"\" class=\"wp-image-76\" width=\"420\" height=\"342\" srcset=\"https:\/\/buonamici.it\/wp-content\/uploads\/2022\/06\/prizes.png 482w, https:\/\/buonamici.it\/wp-content\/uploads\/2022\/06\/prizes-300x244.png 300w\" sizes=\"auto, (max-width: 420px) 100vw, 420px\" \/><\/figure><\/div>\n\n<p class=\"has-text-align-center has-text-color\" style=\"color:#6f690a\">Depuis des ann\u00e9es, <em>Azienda Agricola Buonamici<\/em> est un acteur cl\u00e9 sur la sc\u00e8ne nationale et internationale. \u00c0 partir de 2009, l\u2019entreprise a annuellement re\u00e7u de nombreuses r\u00e9compenses tr\u00e8s prestigieuses. Cela d\u00e9montre la qualit\u00e9 superiore de notre huile et l\u2019efficace gestion d&rsquo;entreprise.<\/p>\n\n<p class=\"has-text-align-center has-text-color\" style=\"color:#6f690a\">Ci-dessous, vous pouvez trouver la liste des prix remport\u00e9s ces derni\u00e8res ann\u00e9es.<\/p><\/div><\/section><section class=\"wp-block-uagb-section uagb-section__wrap uagb-section__background-color uagb-block-33c66991\"><div class=\"uagb-section__overlay\"><\/div><div class=\"uagb-section__inner-wrap\"><div class=\"wp-block-uagb-faq uagb-faq__outer-wrap uagb-block-dfcfbc4f uagb-faq-icon-row uagb-faq-layout-accordion uagb-faq-expand-first-true uagb-faq-inactive-other-true uagb-faq__wrap uagb-buttons-layout-wrap uagb-faq-equal-height     \" data-faqtoggle=\"true\" role=\"tablist\"><div class=\"wp-block-uagb-faq-child uagb-faq-child__outer-wrap uagb-faq-item uagb-block-0357ff2f \" role=\"tab\" tabindex=\"0\"><div class=\"uagb-faq-questions-button uagb-faq-questions\">\t\t\t<span class=\"uagb-icon uagb-faq-icon-wrap\">\n\t\t\t\t\t\t\t<\/span>\n\t\t\t\t\t\t<span class=\"uagb-icon-active uagb-faq-icon-wrap\">\n\t\t\t\t\t\t\t<\/span>\n\t\t\t<span class=\"uagb-question\">2020<\/span><\/div><div class=\"uagb-faq-content\"><p><strong>PRIX 2020 HUILE D&rsquo;OLIVE EXTRA VIERGE BIOLOGIQUE<\/strong><br><br>JOOP \u2013 JAPAN OLIVE OIL PRIZE 2020 Extra Virgin Olive Oil Competition<br>Olio Extra Vergine di Oliva Biologico Toscano IGP \u201cColline di Firenze\u201d<br>\u201cCesare &amp; Cesara Buonamici\u201d<br><strong>***<br><\/strong>SLOW FOOD ITALIA \u2013 GUIDA \u201cSLOW OLIVE\u201d I MIGLIORI EXTRA VERGINE D\u2019ITALIA<br>Olio Extra Vergine di Oliva Biologico Toscano IGP \u201cColline di Firenze\u201d<br>\u201cCesare &amp; Cesara Buonamici\u201d<br><strong>***<\/strong><br>REGIONE TOSCANA &#8211; Selezione Regionale degli oli extra vergini di oliva DOP e IGP 2020<br>Olio Extra Vergine di Oliva Biologico Toscano IGP \u201cColline di Firenze\u201d<br>\u201cCesare &amp; Cesara Buonamici\u201d<br><strong>***<\/strong><br>ASSAM REGIONE MARCHE &#8211; Rassegna Nazionale oli monovarietali<br>Olio Extra Vergine di Oliva Biologico Monocultivar Frantoio<br>\u201cCesare Buonamici\u201d<br><strong>***<\/strong><br>CONCORSO \u201cIL MAGNIFICO\u201d European Extra Quality Olive Oil Award 2020<br>Olio Extra Vergine di Oliva Biologico Toscano IGP Fiesole<br>\u201cCesare &amp; Cesara Buonamici\u201d<br><strong>***<\/strong><br>CONCORSO \u201cMERUM\u201d Die Zeitschrift f\u00fcr Wein und Oliven\u00f6l aus Italien<br>Olio Extra Vergine di Oliva Biologico Toscano IGP Fiesole<br>\u201cCesare &amp; Cesara Buonamici\u201d<br><strong>***<\/strong><br>BIOL 2020 Selezione migliori Oli Extra Vergine di Oliva Biologici Inernational Prize<br>Olio Extra Vergine di Oliva Biologico Toscano IGP<br>\u201cCesare &amp; Cesara Buonamici\u201d Colline di Firenze<br><strong>***<\/strong><br>Concorso \u201cSIRENA d\u2019ORO di Sorrento 2020\u201d<br>Olio Extra Vergine di Oliva Biologico Toscano IGP<br>\u201cCesare &amp; Cesara Buonamici\u201d Colline di Firenze<\/p><\/div><\/div><div class=\"wp-block-uagb-faq-child uagb-faq-child__outer-wrap uagb-faq-item uagb-block-e0c460ac \" role=\"tab\" tabindex=\"0\"><div class=\"uagb-faq-questions-button uagb-faq-questions\">\t\t\t<span class=\"uagb-icon uagb-faq-icon-wrap\">\n\t\t\t\t\t\t\t<\/span>\n\t\t\t\t\t\t<span class=\"uagb-icon-active uagb-faq-icon-wrap\">\n\t\t\t\t\t\t\t<\/span>\n\t\t\t<span class=\"uagb-question\">2019<\/span><\/div><div class=\"uagb-faq-content\"><p><strong>PRIX 2019 HUILE D&rsquo;OLIVE EXTRA VIERGE BIOLOGIQUE<\/strong><br><br>JOOP \u2013 JAPAN OLIVE OIL PRIZE 2019 Extra Virgin Olive Oil Competition<br>Gold Medal P.G.I.<br>Olio Extra Vergine di Oliva Biologico Toscano IGP \u201cColline di Firenze\u201d<br>\u201cCesare &amp; Cesara Buonamici\u201d<br><strong>***<\/strong><br>GAMBERO ROSSO \u2013 GUIDA I MIGLIORI EXTRA VERGINE D\u2019ITALIA<br>1 Foglia Olio Extra Vergine di Oliva Biologico Toscano IGP \u201cColline di Firenze\u201d<br>\u201cCesare &amp; Cesara Buonamici\u201d<br><strong>***<\/strong><br>SLOW FOOD ITALIA \u2013 GUIDA \u201cSLOW OLIVE\u201d I MIGLIORI EXTRA VERGINE D\u2019ITALIA<br>Olio Extra Vergine di Oliva Biologico Toscano IGP \u201cColline di Firenze\u201d<br>\u201cCesare &amp; Cesara Buonamici\u201d<br><strong>***<\/strong><br>REGIONE TOSCANA &#8211; Selezione Regionale degli oli extra vergini di oliva DOP e IGP 2019<br>Olio Extra Vergine di Oliva Biologico Toscano IGP \u201cColline di Firenze\u201d<br>\u201cCesare &amp; Cesara Buonamici\u201d<br><strong>***<\/strong><br>ASSAM REGIONE MARCHE &#8211; Rassegna Nazionale migliori oli monovarietali<br>Olio Extra Vergine di Oliva Biologico Monocultivar Frantoio<br>\u201cCesare Buonamici\u201d<br><strong>***<\/strong><br>CONCORSO \u201cIL MAGNIFICO\u201d Extra Virgin Olive Oil Awards<br>Olio Extra Vergine di Oliva Biologico Salutaris<br>\u201cCesare Buonamici\u201d<br><strong>***<\/strong><br>BIOL 2019 Selezione migliori Oli Extra Vergine di Oliva Biologici Inernational Prize<br>Medaglia Extra Gold Olio Extra Vergine di Oliva Biologico Toscano IGP<br>\u201cCesare &amp; Cesara Buonamici\u201d Colline di Firenze<br><strong>***<\/strong><br>LOS ANGELES INTERNATIONAL Extra Virgin Olive Oil Competition<br>Award Winner Bronze Medal Award<br>Olio Extra Vergine di Oliva Biologico Toscano IGP \u201cColline di Firenze\u201d<br>\u201cCesare &amp; Cesara Buonamici\u201d<br><strong>***<\/strong><br>Concorso Premio Nazionale \u201cMONTIFERRU\u201d<br>Olio Extra Vergine di Oliva Biologico Toscano IGP \u201cColline di Firenze\u201d<br>\u201cCesare &amp; Cesara Buonamici\u201d<br><strong>***<\/strong><br>Concorso \u201cSirena d\u2019Oro di Sorrento\u201d<br>Olio Extra Vergine di Oliva Biologico Toscano IGP \u201cColline di Firenze\u201d<br>\u201cCesare &amp; Cesara Buonamici\u201d<\/p><\/div><\/div><div class=\"wp-block-uagb-faq-child uagb-faq-child__outer-wrap uagb-faq-item uagb-block-8419258c \" role=\"tab\" tabindex=\"0\"><div class=\"uagb-faq-questions-button uagb-faq-questions\">\t\t\t<span class=\"uagb-icon uagb-faq-icon-wrap\">\n\t\t\t\t\t\t\t<\/span>\n\t\t\t\t\t\t<span class=\"uagb-icon-active uagb-faq-icon-wrap\">\n\t\t\t\t\t\t\t<\/span>\n\t\t\t<span class=\"uagb-question\">2018<\/span><\/div><div class=\"uagb-faq-content\"><p><strong>PRIX 2018 HUILE D&rsquo;OLIVE EXTRA VIERGE BIOLOGIQUE<\/strong><br><br>JOOP \u2013 JAPAN OLIVE OIL PRIZE 2018 Extra Virgin Olive Oil Competition<br>Gold Medal P.G.I.<br>Olio Extra Vergine di Oliva Biologico Toscano IGP \u201cColline di Firenze\u201d<br>\u201cCesare &amp; Cesara Buonamici\u201d<br><strong>***<\/strong><br>GAMBERO ROSSO \u2013 GUIDA I MIGLIORI EXTRA VERGINE D\u2019ITALIA<br>1 Foglia Olio Extra Vergine di Oliva Biologico Toscano IGP \u201cColline di Firenze\u201d<br>\u201cCesare &amp; Cesara Buonamici\u201d<br><strong>***<\/strong><br>SLOW FOOD ITALIA \u2013 GUIDA \u201cSLOW OLIVE\u201d I MIGLIORI EXTRA VERGINE D\u2019ITALIA<br>Olio Extra Vergine di Oliva Biologico Toscano IGP \u201cColline di Firenze\u201d<br>\u201cCesare &amp; Cesara Buonamici\u201d<br><strong>***<\/strong><br>REGIONE TOSCANA &#8211; Selezione degli oli extra vergini di oliva DOP e IGP della Toscana 2018<br>Olio Extra Vergine di Oliva Biologico Toscano IGP \u201cColline di Firenze\u201d<br>\u201cCesare &amp; Cesara Buonamici\u201d<br><strong>***<\/strong><br>ASSAM REGIONE MARCHE &#8211; Rassegna Nazionale migliori oli monovarietali<br>Olio Extra Vergine di Oliva Biologico Toscano IGP \u201cColline di Firenze\u201d<br>\u201cCesare &amp; Cesara Buonamici\u201d<br><strong>***<\/strong><br>CONCORSO \u201cIL MAGNIFICO\u201d Extra Virgin Olive Oil Awards<br>Olio Extra Vergine di Oliva Biologico Salutaris<br>Cesare Buonamici<br><strong>***<\/strong><br>CONCORSO \u201cERCOLE OLIVARIO\u201d<br>Olio Extra Vergine di Oliva Biologico Toscano IGP<br>\u201cCesare &amp; Cesara Buonamici\u201d Colline di Firenze<br><strong>***<\/strong><br>BIOL 2018 Selezione migliori Oli Extra Vergine di Oliva Biologici Inernational Prize<br>Medaglia Extra Gold Olio Extra Vergine di Oliva Biologico Toscano IGP \u201cColline di Firenze\u201d<br>\u201cCesare &amp; Cesara Buonamici\u201d<br><strong>***<\/strong><br>LOS ANGELES INTERNATIONAL 2018 Extra Virgin Olive Oil Competition<br>2018 Award Winner Bronze Medal<br>Olio Extra Vergine di Oliva Biologico Toscano IGP \u201cColline di Firenze\u201d<br>\u201cCesare &amp; Cesara Buonamici\u201d<br><strong>***<\/strong><br>Concorso \u201cOLIO CAPITALE\u201d<br>Olio Extra Vergine di Oliva Biologico Toscano IGP \u201cColline di Firenze\u201d<br>\u201cCesare &amp; Cesara Buonamici\u201d<br><strong>***<\/strong><br>Concorso \u201cPremio Nazionale MONTIFERRU\u201d edizione 2018<br>Olio Extra Vergine di Oliva Biologico Toscano IGP \u201cColline di Firenze\u201d<br>\u201cCesare &amp; Cesara Buonamici\u201d<br><strong>***<\/strong><br>Concorso \u201cSirena d\u2019Oro di Sorrento 2018\u201d<br>Olio Extra Vergine di Oliva Biologico Toscano IGP \u201cColline di Firenze\u201d<br>\u201cCesare &amp; Cesara Buonamici\u201d<\/p><\/div><\/div><\/div><\/div><\/section>","protected":false},"excerpt":{"rendered":"","protected":false},"author":1,"featured_media":0,"parent":0,"menu_order":0,"comment_status":"closed","ping_status":"closed","template":"","meta":{"_acf_changed":false,"_uag_custom_page_level_css":"","footnotes":""},"class_list":["post-351","page","type-page","status-publish","hentry"],"acf":[],"yoast_head":"<!-- This site is optimized with the Yoast SEO plugin v24.2 - https:\/\/yoast.com\/wordpress\/plugins\/seo\/ -->\n<title>Prix - Buonamici<\/title>\n<meta name=\"robots\" content=\"index, follow, max-snippet:-1, max-image-preview:large, max-video-preview:-1\" \/>\n<link rel=\"canonical\" href=\"https:\/\/buonamici.it\/fr\/prix\/\" \/>\n<meta property=\"og:locale\" content=\"fr_FR\" \/>\n<meta property=\"og:type\" content=\"article\" \/>\n<meta property=\"og:title\" content=\"Prix - Buonamici\" \/>\n<meta property=\"og:url\" content=\"https:\/\/buonamici.it\/fr\/prix\/\" \/>\n<meta property=\"og:site_name\" content=\"Buonamici\" \/>\n<meta property=\"article:modified_time\" content=\"2022-06-21T09:24:30+00:00\" \/>\n<meta property=\"og:image\" content=\"https:\/\/buonamici.it\/wp-content\/uploads\/2022\/06\/prizes.png\" \/>\n<meta name=\"twitter:card\" content=\"summary_large_image\" \/>\n<meta name=\"twitter:label1\" content=\"Dur\u00e9e de lecture estim\u00e9e\" \/>\n\t<meta name=\"twitter:data1\" content=\"5 minutes\" \/>\n<script type=\"application\/ld+json\" class=\"yoast-schema-graph\">{\"@context\":\"https:\/\/schema.org\",\"@graph\":[{\"@type\":\"WebPage\",\"@id\":\"https:\/\/buonamici.it\/fr\/prix\/\",\"url\":\"https:\/\/buonamici.it\/fr\/prix\/\",\"name\":\"Prix - Buonamici\",\"isPartOf\":{\"@id\":\"https:\/\/buonamici.it\/en\/#website\"},\"primaryImageOfPage\":{\"@id\":\"https:\/\/buonamici.it\/fr\/prix\/#primaryimage\"},\"image\":{\"@id\":\"https:\/\/buonamici.it\/fr\/prix\/#primaryimage\"},\"thumbnailUrl\":\"https:\/\/buonamici.it\/wp-content\/uploads\/2022\/06\/prizes.png\",\"datePublished\":\"2022-06-01T09:45:18+00:00\",\"dateModified\":\"2022-06-21T09:24:30+00:00\",\"breadcrumb\":{\"@id\":\"https:\/\/buonamici.it\/fr\/prix\/#breadcrumb\"},\"inLanguage\":\"fr-FR\",\"potentialAction\":[{\"@type\":\"ReadAction\",\"target\":[\"https:\/\/buonamici.it\/fr\/prix\/\"]}]},{\"@type\":\"ImageObject\",\"inLanguage\":\"fr-FR\",\"@id\":\"https:\/\/buonamici.it\/fr\/prix\/#primaryimage\",\"url\":\"https:\/\/buonamici.it\/wp-content\/uploads\/2022\/06\/prizes.png\",\"contentUrl\":\"https:\/\/buonamici.it\/wp-content\/uploads\/2022\/06\/prizes.png\"},{\"@type\":\"BreadcrumbList\",\"@id\":\"https:\/\/buonamici.it\/fr\/prix\/#breadcrumb\",\"itemListElement\":[{\"@type\":\"ListItem\",\"position\":1,\"name\":\"Home\",\"item\":\"https:\/\/buonamici.it\/fr\/\"},{\"@type\":\"ListItem\",\"position\":2,\"name\":\"Prix\"}]},{\"@type\":\"WebSite\",\"@id\":\"https:\/\/buonamici.it\/en\/#website\",\"url\":\"https:\/\/buonamici.it\/en\/\",\"name\":\"Buonamici\",\"description\":\"Un nuovo sito targato WordPress\",\"potentialAction\":[{\"@type\":\"SearchAction\",\"target\":{\"@type\":\"EntryPoint\",\"urlTemplate\":\"https:\/\/buonamici.it\/en\/?s={search_term_string}\"},\"query-input\":{\"@type\":\"PropertyValueSpecification\",\"valueRequired\":true,\"valueName\":\"search_term_string\"}}],\"inLanguage\":\"fr-FR\"}]}<\/script>\n<!-- \/ Yoast SEO plugin. -->","yoast_head_json":{"title":"Prix - Buonamici","robots":{"index":"index","follow":"follow","max-snippet":"max-snippet:-1","max-image-preview":"max-image-preview:large","max-video-preview":"max-video-preview:-1"},"canonical":"https:\/\/buonamici.it\/fr\/prix\/","og_locale":"fr_FR","og_type":"article","og_title":"Prix - Buonamici","og_url":"https:\/\/buonamici.it\/fr\/prix\/","og_site_name":"Buonamici","article_modified_time":"2022-06-21T09:24:30+00:00","og_image":[{"url":"https:\/\/buonamici.it\/wp-content\/uploads\/2022\/06\/prizes.png","type":"","width":"","height":""}],"twitter_card":"summary_large_image","twitter_misc":{"Dur\u00e9e de lecture estim\u00e9e":"5 minutes"},"schema":{"@context":"https:\/\/schema.org","@graph":[{"@type":"WebPage","@id":"https:\/\/buonamici.it\/fr\/prix\/","url":"https:\/\/buonamici.it\/fr\/prix\/","name":"Prix - Buonamici","isPartOf":{"@id":"https:\/\/buonamici.it\/en\/#website"},"primaryImageOfPage":{"@id":"https:\/\/buonamici.it\/fr\/prix\/#primaryimage"},"image":{"@id":"https:\/\/buonamici.it\/fr\/prix\/#primaryimage"},"thumbnailUrl":"https:\/\/buonamici.it\/wp-content\/uploads\/2022\/06\/prizes.png","datePublished":"2022-06-01T09:45:18+00:00","dateModified":"2022-06-21T09:24:30+00:00","breadcrumb":{"@id":"https:\/\/buonamici.it\/fr\/prix\/#breadcrumb"},"inLanguage":"fr-FR","potentialAction":[{"@type":"ReadAction","target":["https:\/\/buonamici.it\/fr\/prix\/"]}]},{"@type":"ImageObject","inLanguage":"fr-FR","@id":"https:\/\/buonamici.it\/fr\/prix\/#primaryimage","url":"https:\/\/buonamici.it\/wp-content\/uploads\/2022\/06\/prizes.png","contentUrl":"https:\/\/buonamici.it\/wp-content\/uploads\/2022\/06\/prizes.png"},{"@type":"BreadcrumbList","@id":"https:\/\/buonamici.it\/fr\/prix\/#breadcrumb","itemListElement":[{"@type":"ListItem","position":1,"name":"Home","item":"https:\/\/buonamici.it\/fr\/"},{"@type":"ListItem","position":2,"name":"Prix"}]},{"@type":"WebSite","@id":"https:\/\/buonamici.it\/en\/#website","url":"https:\/\/buonamici.it\/en\/","name":"Buonamici","description":"Un nuovo sito targato WordPress","potentialAction":[{"@type":"SearchAction","target":{"@type":"EntryPoint","urlTemplate":"https:\/\/buonamici.it\/en\/?s={search_term_string}"},"query-input":{"@type":"PropertyValueSpecification","valueRequired":true,"valueName":"search_term_string"}}],"inLanguage":"fr-FR"}]}},"uagb_featured_image_src":{"full":false,"thumbnail":false,"medium":false,"medium_large":false,"large":false,"1536x1536":false,"2048x2048":false,"woocommerce_thumbnail":false,"woocommerce_single":false,"woocommerce_gallery_thumbnail":false},"uagb_author_info":{"display_name":"MarcoGruppoCo","author_link":"https:\/\/buonamici.it\/fr\/author\/marcogruppoco\/"},"uagb_comment_info":0,"uagb_excerpt":null,"_links":{"self":[{"href":"https:\/\/buonamici.it\/fr\/wp-json\/wp\/v2\/pages\/351","targetHints":{"allow":["GET"]}}],"collection":[{"href":"https:\/\/buonamici.it\/fr\/wp-json\/wp\/v2\/pages"}],"about":[{"href":"https:\/\/buonamici.it\/fr\/wp-json\/wp\/v2\/types\/page"}],"author":[{"embeddable":true,"href":"https:\/\/buonamici.it\/fr\/wp-json\/wp\/v2\/users\/1"}],"replies":[{"embeddable":true,"href":"https:\/\/buonamici.it\/fr\/wp-json\/wp\/v2\/comments?post=351"}],"version-history":[{"count":1,"href":"https:\/\/buonamici.it\/fr\/wp-json\/wp\/v2\/pages\/351\/revisions"}],"predecessor-version":[{"id":353,"href":"https:\/\/buonamici.it\/fr\/wp-json\/wp\/v2\/pages\/351\/revisions\/353"}],"wp:attachment":[{"href":"https:\/\/buonamici.it\/fr\/wp-json\/wp\/v2\/media?parent=351"}],"curies":[{"name":"wp","href":"https:\/\/api.w.org\/{rel}","templated":true}]}}