{"id":347,"date":"2022-06-01T11:42:55","date_gmt":"2022-06-01T09:42:55","guid":{"rendered":"https:\/\/buonamici.it\/esperienze\/"},"modified":"2022-06-21T11:10:08","modified_gmt":"2022-06-21T09:10:08","slug":"esperienze","status":"publish","type":"page","link":"https:\/\/buonamici.it\/fr\/esperienze\/","title":{"rendered":"ACTIVIT\u00c9S"},"content":{"rendered":"<section class=\"wp-block-uagb-section uagb-section__wrap uagb-section__background-image uagb-block-caf3384b photo-header\"><div class=\"uagb-section__overlay\"><\/div><div class=\"uagb-section__inner-wrap\"><\/div><\/section><section class=\"wp-block-uagb-section uagb-section__wrap uagb-section__background-color uagb-block-84bdc141\"><div class=\"uagb-section__overlay\"><\/div><div class=\"uagb-section__inner-wrap\"><h1 class=\"has-text-align-center has-white-color has-text-color has-large-font-size wp-block-heading\" style=\"text-transform:uppercase\">ACTIVIT\u00c9S<\/h1>\n\n<p class=\"has-text-align-center has-white-color has-text-color\">Ici \u00e0 Montebeni, nous sommes pr\u00eats \u00e0 vous accueillir. <em>Azienda Agricola Buonamici<\/em> propose une vaste offre en activit\u00e9s et \u00e9v\u00e9nements pour vous faire d\u00e9couvrir notre territoire et vous raconter notre passion.<\/p>\n\n<div style=\"height:30px\" aria-hidden=\"true\" class=\"wp-block-spacer\"><\/div>\n\n<h3 class=\"has-text-align-center esperienza has-white-color has-text-color has-large-font-size wp-block-heading\" style=\"text-transform:uppercase\">VISITE AU MOULIN \u00c0 HUILE<\/h3>\n\n<h3 class=\"has-text-align-center esperienza has-white-color has-text-color has-large-font-size wp-block-heading\" style=\"text-transform:uppercase\">D\u00c9GUSTATION D\u2019HUILE<\/h3>\n\n<h3 class=\"has-text-align-center esperienza has-white-color has-text-color has-large-font-size wp-block-heading\" style=\"text-transform:uppercase\">VISITE AU PARC DE LA BIODIVERSIT\u00c9<\/h3>\n\n<h3 class=\"has-text-align-center esperienza has-white-color has-text-color has-large-font-size wp-block-heading\" style=\"text-transform:uppercase\">FERME P\u00c9DAGOGIQUE<\/h3>\n\n<div style=\"height:30px\" aria-hidden=\"true\" class=\"wp-block-spacer\"><\/div>\n\n<p class=\"has-text-align-center has-white-color has-text-color\">Pour r\u00e9servations et informations, n\u2019h\u00e9sitez pas \u00e0 nous contacter par courriel \u00e0 l&rsquo;adresse <a href=\"mailto:info@buonamici.it\">info@buonamici.it<\/a>, ou par t\u00e9l\u00e9phone au <a href=\"tel:+3905565499201\">055\/65499201<\/a>.<\/p><\/div><\/section>","protected":false},"excerpt":{"rendered":"","protected":false},"author":1,"featured_media":0,"parent":0,"menu_order":0,"comment_status":"closed","ping_status":"closed","template":"","meta":{"_acf_changed":false,"_uag_custom_page_level_css":"","footnotes":""},"class_list":["post-347","page","type-page","status-publish","hentry"],"acf":[],"yoast_head":"<!-- This site is optimized with the Yoast SEO plugin v24.2 - https:\/\/yoast.com\/wordpress\/plugins\/seo\/ -->\n<title>ACTIVIT\u00c9S - Buonamici<\/title>\n<meta name=\"robots\" content=\"index, follow, max-snippet:-1, max-image-preview:large, max-video-preview:-1\" \/>\n<link rel=\"canonical\" href=\"https:\/\/buonamici.it\/fr\/esperienze\/\" \/>\n<meta property=\"og:locale\" content=\"fr_FR\" \/>\n<meta property=\"og:type\" content=\"article\" \/>\n<meta property=\"og:title\" content=\"ACTIVIT\u00c9S - Buonamici\" \/>\n<meta property=\"og:url\" content=\"https:\/\/buonamici.it\/fr\/esperienze\/\" \/>\n<meta property=\"og:site_name\" content=\"Buonamici\" \/>\n<meta property=\"article:modified_time\" content=\"2022-06-21T09:10:08+00:00\" \/>\n<meta name=\"twitter:card\" content=\"summary_large_image\" \/>\n<meta name=\"twitter:label1\" content=\"Dur\u00e9e de lecture estim\u00e9e\" \/>\n\t<meta name=\"twitter:data1\" content=\"1 minute\" \/>\n<script type=\"application\/ld+json\" class=\"yoast-schema-graph\">{\"@context\":\"https:\/\/schema.org\",\"@graph\":[{\"@type\":\"WebPage\",\"@id\":\"https:\/\/buonamici.it\/fr\/esperienze\/\",\"url\":\"https:\/\/buonamici.it\/fr\/esperienze\/\",\"name\":\"ACTIVIT\u00c9S - Buonamici\",\"isPartOf\":{\"@id\":\"https:\/\/buonamici.it\/en\/#website\"},\"datePublished\":\"2022-06-01T09:42:55+00:00\",\"dateModified\":\"2022-06-21T09:10:08+00:00\",\"breadcrumb\":{\"@id\":\"https:\/\/buonamici.it\/fr\/esperienze\/#breadcrumb\"},\"inLanguage\":\"fr-FR\",\"potentialAction\":[{\"@type\":\"ReadAction\",\"target\":[\"https:\/\/buonamici.it\/fr\/esperienze\/\"]}]},{\"@type\":\"BreadcrumbList\",\"@id\":\"https:\/\/buonamici.it\/fr\/esperienze\/#breadcrumb\",\"itemListElement\":[{\"@type\":\"ListItem\",\"position\":1,\"name\":\"Home\",\"item\":\"https:\/\/buonamici.it\/fr\/\"},{\"@type\":\"ListItem\",\"position\":2,\"name\":\"ACTIVIT\u00c9S\"}]},{\"@type\":\"WebSite\",\"@id\":\"https:\/\/buonamici.it\/en\/#website\",\"url\":\"https:\/\/buonamici.it\/en\/\",\"name\":\"Buonamici\",\"description\":\"Un nuovo sito targato WordPress\",\"potentialAction\":[{\"@type\":\"SearchAction\",\"target\":{\"@type\":\"EntryPoint\",\"urlTemplate\":\"https:\/\/buonamici.it\/en\/?s={search_term_string}\"},\"query-input\":{\"@type\":\"PropertyValueSpecification\",\"valueRequired\":true,\"valueName\":\"search_term_string\"}}],\"inLanguage\":\"fr-FR\"}]}<\/script>\n<!-- \/ Yoast SEO plugin. -->","yoast_head_json":{"title":"ACTIVIT\u00c9S - Buonamici","robots":{"index":"index","follow":"follow","max-snippet":"max-snippet:-1","max-image-preview":"max-image-preview:large","max-video-preview":"max-video-preview:-1"},"canonical":"https:\/\/buonamici.it\/fr\/esperienze\/","og_locale":"fr_FR","og_type":"article","og_title":"ACTIVIT\u00c9S - Buonamici","og_url":"https:\/\/buonamici.it\/fr\/esperienze\/","og_site_name":"Buonamici","article_modified_time":"2022-06-21T09:10:08+00:00","twitter_card":"summary_large_image","twitter_misc":{"Dur\u00e9e de lecture estim\u00e9e":"1 minute"},"schema":{"@context":"https:\/\/schema.org","@graph":[{"@type":"WebPage","@id":"https:\/\/buonamici.it\/fr\/esperienze\/","url":"https:\/\/buonamici.it\/fr\/esperienze\/","name":"ACTIVIT\u00c9S - Buonamici","isPartOf":{"@id":"https:\/\/buonamici.it\/en\/#website"},"datePublished":"2022-06-01T09:42:55+00:00","dateModified":"2022-06-21T09:10:08+00:00","breadcrumb":{"@id":"https:\/\/buonamici.it\/fr\/esperienze\/#breadcrumb"},"inLanguage":"fr-FR","potentialAction":[{"@type":"ReadAction","target":["https:\/\/buonamici.it\/fr\/esperienze\/"]}]},{"@type":"BreadcrumbList","@id":"https:\/\/buonamici.it\/fr\/esperienze\/#breadcrumb","itemListElement":[{"@type":"ListItem","position":1,"name":"Home","item":"https:\/\/buonamici.it\/fr\/"},{"@type":"ListItem","position":2,"name":"ACTIVIT\u00c9S"}]},{"@type":"WebSite","@id":"https:\/\/buonamici.it\/en\/#website","url":"https:\/\/buonamici.it\/en\/","name":"Buonamici","description":"Un nuovo sito targato WordPress","potentialAction":[{"@type":"SearchAction","target":{"@type":"EntryPoint","urlTemplate":"https:\/\/buonamici.it\/en\/?s={search_term_string}"},"query-input":{"@type":"PropertyValueSpecification","valueRequired":true,"valueName":"search_term_string"}}],"inLanguage":"fr-FR"}]}},"uagb_featured_image_src":{"full":false,"thumbnail":false,"medium":false,"medium_large":false,"large":false,"1536x1536":false,"2048x2048":false,"woocommerce_thumbnail":false,"woocommerce_single":false,"woocommerce_gallery_thumbnail":false},"uagb_author_info":{"display_name":"MarcoGruppoCo","author_link":"https:\/\/buonamici.it\/fr\/author\/marcogruppoco\/"},"uagb_comment_info":0,"uagb_excerpt":null,"_links":{"self":[{"href":"https:\/\/buonamici.it\/fr\/wp-json\/wp\/v2\/pages\/347","targetHints":{"allow":["GET"]}}],"collection":[{"href":"https:\/\/buonamici.it\/fr\/wp-json\/wp\/v2\/pages"}],"about":[{"href":"https:\/\/buonamici.it\/fr\/wp-json\/wp\/v2\/types\/page"}],"author":[{"embeddable":true,"href":"https:\/\/buonamici.it\/fr\/wp-json\/wp\/v2\/users\/1"}],"replies":[{"embeddable":true,"href":"https:\/\/buonamici.it\/fr\/wp-json\/wp\/v2\/comments?post=347"}],"version-history":[{"count":1,"href":"https:\/\/buonamici.it\/fr\/wp-json\/wp\/v2\/pages\/347\/revisions"}],"predecessor-version":[{"id":349,"href":"https:\/\/buonamici.it\/fr\/wp-json\/wp\/v2\/pages\/347\/revisions\/349"}],"wp:attachment":[{"href":"https:\/\/buonamici.it\/fr\/wp-json\/wp\/v2\/media?parent=347"}],"curies":[{"name":"wp","href":"https:\/\/api.w.org\/{rel}","templated":true}]}}