{"id":344,"date":"2022-06-01T11:41:26","date_gmt":"2022-06-01T09:41:26","guid":{"rendered":"https:\/\/buonamici.it\/prodotti\/"},"modified":"2022-07-08T11:44:34","modified_gmt":"2022-07-08T09:44:34","slug":"nos-produits","status":"publish","type":"page","link":"https:\/\/buonamici.it\/fr\/nos-produits\/","title":{"rendered":"NOS PRODUITS"},"content":{"rendered":"<section class=\"wp-block-uagb-section uagb-section__wrap uagb-section__background-undefined uagb-block-6ba39fb4\"><div class=\"uagb-section__overlay\"><\/div><div class=\"uagb-section__inner-wrap\"><h2 class=\"has-text-align-center product_title has-white-color has-text-color has-background wp-block-heading\" style=\"background-color:#587419\">HUILE<\/h2><\/div><\/section><section class=\"wp-block-uagb-section uagb-section__wrap uagb-section__background-undefined uagb-block-8ca311cb product_section one\"><div class=\"uagb-section__overlay\"><\/div><div class=\"uagb-section__inner-wrap\"><figure class=\"wp-block-image size-full\"><img loading=\"lazy\" decoding=\"async\" width=\"719\" height=\"765\" src=\"https:\/\/buonamici.it\/wp-content\/uploads\/2022\/06\/Olio.jpg\" alt=\"\" class=\"wp-image-198\" srcset=\"https:\/\/buonamici.it\/wp-content\/uploads\/2022\/06\/Olio.jpg 719w, https:\/\/buonamici.it\/wp-content\/uploads\/2022\/06\/Olio-282x300.jpg 282w\" sizes=\"auto, (max-width: 719px) 100vw, 719px\" \/><\/figure>\n\n<p class=\"txt\">Les huiles Buonamici sont enti\u00e8rement huiles d&rsquo;olive extra vierge biologiques. Elles sont obtenues selon des proc\u00e9dures pr\u00e9cises qui permettent d\u2019offrir un produit sain et au go\u00fbt unique.<\/p><\/div><\/section><section class=\"wp-block-uagb-section uagb-section__wrap uagb-section__background-undefined uagb-block-d4e6d56c\"><div class=\"uagb-section__overlay\"><\/div><div class=\"uagb-section__inner-wrap\"><h2 class=\"has-text-align-center product_title has-white-color has-text-color has-background wp-block-heading\" style=\"background-color:#77ad77\">SALUTARIS<\/h2><\/div><\/section><section class=\"wp-block-uagb-section uagb-section__wrap uagb-section__background-undefined uagb-block-e5b1421a product_section two\"><div class=\"uagb-section__overlay\"><\/div><div class=\"uagb-section__inner-wrap\"><figure class=\"wp-block-image size-full\"><img loading=\"lazy\" decoding=\"async\" width=\"481\" height=\"581\" src=\"https:\/\/buonamici.it\/wp-content\/uploads\/2022\/07\/Salutaris.jpeg\" alt=\"\" class=\"wp-image-370\" srcset=\"https:\/\/buonamici.it\/wp-content\/uploads\/2022\/07\/Salutaris.jpeg 481w, https:\/\/buonamici.it\/wp-content\/uploads\/2022\/07\/Salutaris-248x300.jpeg 248w\" sizes=\"auto, (max-width: 481px) 100vw, 481px\" \/><\/figure>\n\n<p class=\"txt\">Con\u00e7ue dans ce but, Olio Salutaris est une huile capable de maintenir la sant\u00e9 des consommateurs, en valorisant les caract\u00e9ristiques nutraceutiques de ce produit.<\/p><\/div><\/section><section class=\"wp-block-uagb-section uagb-section__wrap uagb-section__background-undefined uagb-block-275a5b1b\"><div class=\"uagb-section__overlay\"><\/div><div class=\"uagb-section__inner-wrap\"><h2 class=\"has-text-align-center product_title has-white-color has-text-color has-background wp-block-heading\" style=\"background-color:#95723c\">SP\u00c9CIALIT\u00c9S CULINAIRES<\/h2><\/div><\/section><section class=\"wp-block-uagb-section uagb-section__wrap uagb-section__background-undefined uagb-block-2ebc04ab product_section three\"><div class=\"uagb-section__overlay\"><\/div><div class=\"uagb-section__inner-wrap\"><figure class=\"wp-block-image size-full\"><img loading=\"lazy\" decoding=\"async\" width=\"807\" height=\"660\" src=\"https:\/\/buonamici.it\/wp-content\/uploads\/2022\/06\/Gastronomia.jpg\" alt=\"\" class=\"wp-image-209\" srcset=\"https:\/\/buonamici.it\/wp-content\/uploads\/2022\/06\/Gastronomia.jpg 807w, https:\/\/buonamici.it\/wp-content\/uploads\/2022\/06\/Gastronomia-300x245.jpg 300w\" sizes=\"auto, (max-width: 807px) 100vw, 807px\" \/><\/figure>\n\n<p class=\"txt\">Faciles \u00e0 utiliser et pr\u00eates \u00e0 manger, les sauces Buonamici parlent de notre tradition agricole: naturelle, authentique et saine.<\/p><\/div><\/section><section class=\"wp-block-uagb-section uagb-section__wrap uagb-section__background-undefined uagb-block-7888ae05\"><div class=\"uagb-section__overlay\"><\/div><div class=\"uagb-section__inner-wrap\"><h2 class=\"has-text-align-center product_title has-white-color has-text-color has-background wp-block-heading\" style=\"background-color:#d399bd\">ECO BIO COSM\u00c9TIQUES<\/h2><\/div><\/section><section class=\"wp-block-uagb-section uagb-section__wrap uagb-section__background-undefined uagb-block-65b511d6 product_section four\"><div class=\"uagb-section__overlay\"><\/div><div class=\"uagb-section__inner-wrap\"><figure class=\"wp-block-image size-full\"><img loading=\"lazy\" decoding=\"async\" width=\"1012\" height=\"585\" src=\"https:\/\/buonamici.it\/wp-content\/uploads\/2022\/06\/Creme.jpg\" alt=\"\" class=\"wp-image-210\" srcset=\"https:\/\/buonamici.it\/wp-content\/uploads\/2022\/06\/Creme.jpg 1012w, https:\/\/buonamici.it\/wp-content\/uploads\/2022\/06\/Creme-300x173.jpg 300w\" sizes=\"auto, (max-width: 1012px) 100vw, 1012px\" \/><\/figure>\n\n<p class=\"txt\">L\u2019huile d&rsquo;olive extra vierge toscan donne vie \u00e0 Fiori d\u2019Olivo, la ligne des produits naturels pour les cheveux, le visage, les mains et les corps.<\/p><\/div><\/section>","protected":false},"excerpt":{"rendered":"","protected":false},"author":1,"featured_media":0,"parent":0,"menu_order":0,"comment_status":"closed","ping_status":"closed","template":"","meta":{"_acf_changed":false,"_uag_custom_page_level_css":"","footnotes":""},"class_list":["post-344","page","type-page","status-publish","hentry"],"acf":[],"yoast_head":"<!-- This site is optimized with the Yoast SEO plugin v24.2 - https:\/\/yoast.com\/wordpress\/plugins\/seo\/ -->\n<title>NOS PRODUITS - Buonamici<\/title>\n<meta name=\"robots\" content=\"index, follow, max-snippet:-1, max-image-preview:large, max-video-preview:-1\" \/>\n<link rel=\"canonical\" href=\"https:\/\/buonamici.it\/fr\/nos-produits\/\" \/>\n<meta property=\"og:locale\" content=\"fr_FR\" \/>\n<meta property=\"og:type\" content=\"article\" \/>\n<meta property=\"og:title\" content=\"NOS PRODUITS - Buonamici\" \/>\n<meta property=\"og:url\" content=\"https:\/\/buonamici.it\/fr\/nos-produits\/\" \/>\n<meta property=\"og:site_name\" content=\"Buonamici\" \/>\n<meta property=\"article:modified_time\" content=\"2022-07-08T09:44:34+00:00\" \/>\n<meta property=\"og:image\" content=\"https:\/\/buonamici.it\/wp-content\/uploads\/2022\/06\/Olio.jpg\" \/>\n<meta name=\"twitter:card\" content=\"summary_large_image\" \/>\n<meta name=\"twitter:label1\" content=\"Dur\u00e9e de lecture estim\u00e9e\" \/>\n\t<meta name=\"twitter:data1\" content=\"2 minutes\" \/>\n<script type=\"application\/ld+json\" class=\"yoast-schema-graph\">{\"@context\":\"https:\/\/schema.org\",\"@graph\":[{\"@type\":\"WebPage\",\"@id\":\"https:\/\/buonamici.it\/fr\/nos-produits\/\",\"url\":\"https:\/\/buonamici.it\/fr\/nos-produits\/\",\"name\":\"NOS PRODUITS - Buonamici\",\"isPartOf\":{\"@id\":\"https:\/\/buonamici.it\/en\/#website\"},\"primaryImageOfPage\":{\"@id\":\"https:\/\/buonamici.it\/fr\/nos-produits\/#primaryimage\"},\"image\":{\"@id\":\"https:\/\/buonamici.it\/fr\/nos-produits\/#primaryimage\"},\"thumbnailUrl\":\"https:\/\/buonamici.it\/wp-content\/uploads\/2022\/06\/Olio.jpg\",\"datePublished\":\"2022-06-01T09:41:26+00:00\",\"dateModified\":\"2022-07-08T09:44:34+00:00\",\"breadcrumb\":{\"@id\":\"https:\/\/buonamici.it\/fr\/nos-produits\/#breadcrumb\"},\"inLanguage\":\"fr-FR\",\"potentialAction\":[{\"@type\":\"ReadAction\",\"target\":[\"https:\/\/buonamici.it\/fr\/nos-produits\/\"]}]},{\"@type\":\"ImageObject\",\"inLanguage\":\"fr-FR\",\"@id\":\"https:\/\/buonamici.it\/fr\/nos-produits\/#primaryimage\",\"url\":\"https:\/\/buonamici.it\/wp-content\/uploads\/2022\/06\/Olio.jpg\",\"contentUrl\":\"https:\/\/buonamici.it\/wp-content\/uploads\/2022\/06\/Olio.jpg\"},{\"@type\":\"BreadcrumbList\",\"@id\":\"https:\/\/buonamici.it\/fr\/nos-produits\/#breadcrumb\",\"itemListElement\":[{\"@type\":\"ListItem\",\"position\":1,\"name\":\"Home\",\"item\":\"https:\/\/buonamici.it\/fr\/\"},{\"@type\":\"ListItem\",\"position\":2,\"name\":\"NOS PRODUITS\"}]},{\"@type\":\"WebSite\",\"@id\":\"https:\/\/buonamici.it\/en\/#website\",\"url\":\"https:\/\/buonamici.it\/en\/\",\"name\":\"Buonamici\",\"description\":\"Un nuovo sito targato WordPress\",\"potentialAction\":[{\"@type\":\"SearchAction\",\"target\":{\"@type\":\"EntryPoint\",\"urlTemplate\":\"https:\/\/buonamici.it\/en\/?s={search_term_string}\"},\"query-input\":{\"@type\":\"PropertyValueSpecification\",\"valueRequired\":true,\"valueName\":\"search_term_string\"}}],\"inLanguage\":\"fr-FR\"}]}<\/script>\n<!-- \/ Yoast SEO plugin. -->","yoast_head_json":{"title":"NOS PRODUITS - Buonamici","robots":{"index":"index","follow":"follow","max-snippet":"max-snippet:-1","max-image-preview":"max-image-preview:large","max-video-preview":"max-video-preview:-1"},"canonical":"https:\/\/buonamici.it\/fr\/nos-produits\/","og_locale":"fr_FR","og_type":"article","og_title":"NOS PRODUITS - Buonamici","og_url":"https:\/\/buonamici.it\/fr\/nos-produits\/","og_site_name":"Buonamici","article_modified_time":"2022-07-08T09:44:34+00:00","og_image":[{"url":"https:\/\/buonamici.it\/wp-content\/uploads\/2022\/06\/Olio.jpg","type":"","width":"","height":""}],"twitter_card":"summary_large_image","twitter_misc":{"Dur\u00e9e de lecture estim\u00e9e":"2 minutes"},"schema":{"@context":"https:\/\/schema.org","@graph":[{"@type":"WebPage","@id":"https:\/\/buonamici.it\/fr\/nos-produits\/","url":"https:\/\/buonamici.it\/fr\/nos-produits\/","name":"NOS PRODUITS - Buonamici","isPartOf":{"@id":"https:\/\/buonamici.it\/en\/#website"},"primaryImageOfPage":{"@id":"https:\/\/buonamici.it\/fr\/nos-produits\/#primaryimage"},"image":{"@id":"https:\/\/buonamici.it\/fr\/nos-produits\/#primaryimage"},"thumbnailUrl":"https:\/\/buonamici.it\/wp-content\/uploads\/2022\/06\/Olio.jpg","datePublished":"2022-06-01T09:41:26+00:00","dateModified":"2022-07-08T09:44:34+00:00","breadcrumb":{"@id":"https:\/\/buonamici.it\/fr\/nos-produits\/#breadcrumb"},"inLanguage":"fr-FR","potentialAction":[{"@type":"ReadAction","target":["https:\/\/buonamici.it\/fr\/nos-produits\/"]}]},{"@type":"ImageObject","inLanguage":"fr-FR","@id":"https:\/\/buonamici.it\/fr\/nos-produits\/#primaryimage","url":"https:\/\/buonamici.it\/wp-content\/uploads\/2022\/06\/Olio.jpg","contentUrl":"https:\/\/buonamici.it\/wp-content\/uploads\/2022\/06\/Olio.jpg"},{"@type":"BreadcrumbList","@id":"https:\/\/buonamici.it\/fr\/nos-produits\/#breadcrumb","itemListElement":[{"@type":"ListItem","position":1,"name":"Home","item":"https:\/\/buonamici.it\/fr\/"},{"@type":"ListItem","position":2,"name":"NOS PRODUITS"}]},{"@type":"WebSite","@id":"https:\/\/buonamici.it\/en\/#website","url":"https:\/\/buonamici.it\/en\/","name":"Buonamici","description":"Un nuovo sito targato WordPress","potentialAction":[{"@type":"SearchAction","target":{"@type":"EntryPoint","urlTemplate":"https:\/\/buonamici.it\/en\/?s={search_term_string}"},"query-input":{"@type":"PropertyValueSpecification","valueRequired":true,"valueName":"search_term_string"}}],"inLanguage":"fr-FR"}]}},"uagb_featured_image_src":{"full":false,"thumbnail":false,"medium":false,"medium_large":false,"large":false,"1536x1536":false,"2048x2048":false,"woocommerce_thumbnail":false,"woocommerce_single":false,"woocommerce_gallery_thumbnail":false},"uagb_author_info":{"display_name":"MarcoGruppoCo","author_link":"https:\/\/buonamici.it\/fr\/author\/marcogruppoco\/"},"uagb_comment_info":0,"uagb_excerpt":null,"_links":{"self":[{"href":"https:\/\/buonamici.it\/fr\/wp-json\/wp\/v2\/pages\/344","targetHints":{"allow":["GET"]}}],"collection":[{"href":"https:\/\/buonamici.it\/fr\/wp-json\/wp\/v2\/pages"}],"about":[{"href":"https:\/\/buonamici.it\/fr\/wp-json\/wp\/v2\/types\/page"}],"author":[{"embeddable":true,"href":"https:\/\/buonamici.it\/fr\/wp-json\/wp\/v2\/users\/1"}],"replies":[{"embeddable":true,"href":"https:\/\/buonamici.it\/fr\/wp-json\/wp\/v2\/comments?post=344"}],"version-history":[{"count":3,"href":"https:\/\/buonamici.it\/fr\/wp-json\/wp\/v2\/pages\/344\/revisions"}],"predecessor-version":[{"id":402,"href":"https:\/\/buonamici.it\/fr\/wp-json\/wp\/v2\/pages\/344\/revisions\/402"}],"wp:attachment":[{"href":"https:\/\/buonamici.it\/fr\/wp-json\/wp\/v2\/media?parent=344"}],"curies":[{"name":"wp","href":"https:\/\/api.w.org\/{rel}","templated":true}]}}