{"id":341,"date":"2022-06-01T11:40:36","date_gmt":"2022-06-01T09:40:36","guid":{"rendered":"https:\/\/buonamici.it\/frantoio\/"},"modified":"2022-07-08T10:56:44","modified_gmt":"2022-07-08T08:56:44","slug":"moulin-a-huile","status":"publish","type":"page","link":"https:\/\/buonamici.it\/fr\/moulin-a-huile\/","title":{"rendered":"MOULIN \u00c0 HUILE"},"content":{"rendered":"<section class=\"wp-block-uagb-section uagb-section__wrap uagb-section__background-image uagb-block-fc180aed photo-header\"><div class=\"uagb-section__overlay\"><\/div><div class=\"uagb-section__inner-wrap\"><\/div><\/section><section class=\"wp-block-uagb-section uagb-section__wrap uagb-section__background-color uagb-block-75de3288\"><div class=\"uagb-section__overlay\"><\/div><div class=\"uagb-section__inner-wrap\"><h1 class=\"has-text-align-center has-white-color has-text-color has-large-font-size wp-block-heading\" style=\"text-transform:uppercase\">MOULIN \u00c0 HUILE<\/h1>\n\n<p class=\"has-text-align-center has-white-color has-text-color\"><em>Frantoio Biologico Buonamici<\/em> utilise les syst\u00e8mes d\u2019extraction les plus innovatifs. La r\u00e9colte est effectu\u00e9e de la bonne mani\u00e8re et au bon moment, appell\u00e9 veraison. La mouture a lieu entre 12 et 24 heures apr\u00e8s l&rsquo;arriv\u00e9e des olives au moulin et le pressage est r\u00e9alis\u00e9 \u00e0 froid pour pr\u00e9server les qualit\u00e9s organoleptiques en minimisant l\u2019oxydation. On obtient ainsi un produit dont le rendement qualitatif est plus \u00e9lev\u00e9, d\u00e9cid\u00e9ment moins acide, et qui transmet tous les composants aromatiques : herbes fraiches, artichaut, amande et herbes aromatiques.<\/p><\/div><\/section><section class=\"wp-block-uagb-section uagb-section__wrap uagb-section__background-image uagb-block-442373bd vh-80\"><div class=\"uagb-section__overlay\"><\/div><div class=\"uagb-section__inner-wrap\"><\/div><\/section><section class=\"wp-block-uagb-section uagb-section__wrap uagb-section__background-color uagb-block-308373cc\"><div class=\"uagb-section__overlay\"><\/div><div class=\"uagb-section__inner-wrap\"><p class=\"has-text-align-center has-white-color has-text-color\">Gr\u00e2ce \u00e0 la collaboration avec l\u2019Universit\u00e9 de Florence et le Cnr, Conseil de Recherche Italien, nous avons atteint l\u2019objectif principal : pr\u00e9server la richesse des polyph\u00e9nols, les antioxydants naturels, dans notre l\u2019huile ; un produit qui n\u2019a pas seulement un go\u00fbt extraordinaire mais qui est aussi absolument salutaire. Cette huile de qualit\u00e9 sup\u00e9rieure est le fruit du soin et de la technologie avanc\u00e9e qui nous distinguent.<\/p><\/div><\/section><section class=\"wp-block-uagb-columns uagb-columns__wrap uagb-columns__background-image uagb-columns__stack-mobile uagb-columns__valign-undefined uagb-columns__gap-10 alignundefined uagb-block-ca20c233 vh-80 align-center flex-mobile\"><div class=\"uagb-columns__overlay\"><\/div><div class=\"uagb-columns__inner-wrap uagb-columns__columns-2\"><div class=\"wp-block-uagb-column uagb-column__wrap uagb-column__background-undefined uagb-block-d97d4b3f mobile-hidden\"><div class=\"uagb-column__overlay\"><\/div><div class=\"uagb-column__inner-wrap\"><\/div><\/div>\n\n<div class=\"wp-block-uagb-column uagb-column__wrap uagb-column__background-color uagb-block-56a4f507\"><div class=\"uagb-column__overlay\"><\/div><div class=\"uagb-column__inner-wrap\"><p class=\"has-text-align-center has-white-color has-text-color\">Avec des investissements consid\u00e9rables, <em>Azienda Agricola Buonamici<\/em> est en train de r\u00e9aliser un nouveau moulin, nich\u00e9 au milieu des oliviers de Fiesole. Un b\u00e2timent pionnier qui repr\u00e9sente le pass\u00e9, le pr\u00e9sent et l\u2019avenir de la famille Buonamici.<\/p><\/div><\/div><\/div><\/section><section class=\"wp-block-uagb-section uagb-section__wrap uagb-section__background-color uagb-block-b501e084\"><div class=\"uagb-section__overlay\"><\/div><div class=\"uagb-section__inner-wrap\"><h2 class=\"has-text-align-center has-text-color has-large-font-size wp-block-heading\" style=\"color:#6f690a;text-transform:uppercase\">LE NOUVEAU MOULIN \u00c0 HUILE<\/h2>\n\n<p class=\"has-text-align-center has-text-color\" style=\"color:#6f690a\">Le moulin \u00e0 huile en cours de construction constitue l\u2019avant-garde des syst\u00e8mes d\u2019extraction dans la production de l\u2019huile d\u2019olive. La technologie employ\u00e9e permettra d\u2019am\u00e9liorer davantage la qualit\u00e9 de notre huile gr\u00e2ce au contr\u00f4le constant des temp\u00e9ratures, \u00e0 la r\u00e9duction de l\u2019oxydation au moyen de la conservation sous vide, aux \u00e9changeurs de chaleur et aux ultrasons. En particulier, notre huile gardera ainsi tous les \u00e9l\u00e9ments nutritifs comme les bioph\u00e9nols, tocoph\u00e9rols et oleurop\u00e9ine. L\u2019extraction de l\u2019huile se r\u00e9alisera au rythme de 5000 kg d\u2019olives par heure. Le stockage sera effectu\u00e9 \u00e0 l&rsquo;abri de la lumi\u00e8re et de la chaleur, dans des silos en acier inoxydable maintenus pleins et herm\u00e9tiquement ferm\u00e9s, \u00e0 la temp\u00e9rature de 15 \u00b0C sous l&rsquo;azote afin de pr\u00e9server les propri\u00e9t\u00e9s organoleptiques, favorables \u00e0 la sant\u00e9, de l\u2019huile obtenue. Le nouveau moulin \u00e0 huile deviendra aussi un lieu de rencontre, o\u00f9 les visiteurs pourront d\u00e9couvrir notre monde : les oliviers et l\u2019huile d&rsquo;olive extra vierge toscan.<\/p>\n\n<div class=\"wp-block-cb-carousel cb-single-slide\" data-slick=\"{&quot;slidesToShow&quot;:1,&quot;slidesToScroll&quot;:1,&quot;speed&quot;:300,&quot;arrows&quot;:true,&quot;dots&quot;:true,&quot;autoplay&quot;:false,&quot;autoplaySpeed&quot;:3000,&quot;infinite&quot;:false,&quot;responsive&quot;:[{&quot;breakpoint&quot;:769,&quot;settings&quot;:{&quot;slidesToShow&quot;:1,&quot;slidesToScroll&quot;:1}}]}\" id=\"slider\"><div class=\"wp-block-cb-slide\"><figure class=\"wp-block-image size-large\"><img loading=\"lazy\" decoding=\"async\" width=\"1024\" height=\"572\" src=\"https:\/\/buonamici.it\/wp-content\/uploads\/2022\/06\/panoramica-1024x572.jpg\" alt=\"\" class=\"wp-image-115\" srcset=\"https:\/\/buonamici.it\/wp-content\/uploads\/2022\/06\/panoramica-1024x572.jpg 1024w, https:\/\/buonamici.it\/wp-content\/uploads\/2022\/06\/panoramica-300x168.jpg 300w, https:\/\/buonamici.it\/wp-content\/uploads\/2022\/06\/panoramica.jpg 2000w\" sizes=\"auto, (max-width: 1024px) 100vw, 1024px\" \/><\/figure><\/div>\n\n<div class=\"wp-block-cb-slide\"><figure class=\"wp-block-image size-large\"><img loading=\"lazy\" decoding=\"async\" width=\"1024\" height=\"576\" src=\"https:\/\/buonamici.it\/wp-content\/uploads\/2022\/06\/interno-2-1024x576.jpg\" alt=\"\" class=\"wp-image-116\" srcset=\"https:\/\/buonamici.it\/wp-content\/uploads\/2022\/06\/interno-2-1024x576.jpg 1024w, https:\/\/buonamici.it\/wp-content\/uploads\/2022\/06\/interno-2-300x169.jpg 300w, https:\/\/buonamici.it\/wp-content\/uploads\/2022\/06\/interno-2.jpg 2000w\" sizes=\"auto, (max-width: 1024px) 100vw, 1024px\" \/><\/figure><\/div>\n\n<div class=\"wp-block-cb-slide\"><figure class=\"wp-block-image size-large\"><img loading=\"lazy\" decoding=\"async\" width=\"1024\" height=\"585\" src=\"https:\/\/buonamici.it\/wp-content\/uploads\/2022\/06\/interno-1-1024x585.jpg\" alt=\"\" class=\"wp-image-117\" srcset=\"https:\/\/buonamici.it\/wp-content\/uploads\/2022\/06\/interno-1-1024x585.jpg 1024w, https:\/\/buonamici.it\/wp-content\/uploads\/2022\/06\/interno-1-300x171.jpg 300w, https:\/\/buonamici.it\/wp-content\/uploads\/2022\/06\/interno-1.jpg 2000w\" sizes=\"auto, (max-width: 1024px) 100vw, 1024px\" \/><\/figure><\/div><\/div><\/div><\/section>","protected":false},"excerpt":{"rendered":"<p>Avec des investissements consid\u00e9rables, Azienda Agricola Buonamici est en train de r\u00e9aliser un nouveau moulin, nich\u00e9 au milieu des oliviers de Fiesole. Un b\u00e2timent pionnier qui repr\u00e9sente le pass\u00e9, le pr\u00e9sent et l\u2019avenir de la famille Buonamici.<\/p>\n","protected":false},"author":1,"featured_media":0,"parent":0,"menu_order":0,"comment_status":"closed","ping_status":"open","template":"","meta":{"_acf_changed":false,"_uag_custom_page_level_css":"","footnotes":""},"class_list":["post-341","page","type-page","status-publish","hentry"],"acf":[],"yoast_head":"<!-- This site is optimized with the Yoast SEO plugin v24.2 - https:\/\/yoast.com\/wordpress\/plugins\/seo\/ -->\n<title>MOULIN \u00c0 HUILE - Buonamici<\/title>\n<meta name=\"robots\" content=\"index, follow, max-snippet:-1, max-image-preview:large, max-video-preview:-1\" \/>\n<link rel=\"canonical\" href=\"https:\/\/buonamici.it\/fr\/moulin-a-huile\/\" \/>\n<meta property=\"og:locale\" content=\"fr_FR\" \/>\n<meta property=\"og:type\" content=\"article\" \/>\n<meta property=\"og:title\" content=\"MOULIN \u00c0 HUILE - Buonamici\" \/>\n<meta property=\"og:description\" content=\"Avec des investissements consid\u00e9rables, Azienda Agricola Buonamici est en train de r\u00e9aliser un nouveau moulin, nich\u00e9 au milieu des oliviers de Fiesole. Un b\u00e2timent pionnier qui repr\u00e9sente le pass\u00e9, le pr\u00e9sent et l\u2019avenir de la famille Buonamici.\" \/>\n<meta property=\"og:url\" content=\"https:\/\/buonamici.it\/fr\/moulin-a-huile\/\" \/>\n<meta property=\"og:site_name\" content=\"Buonamici\" \/>\n<meta property=\"article:modified_time\" content=\"2022-07-08T08:56:44+00:00\" \/>\n<meta property=\"og:image\" content=\"https:\/\/buonamici.it\/wp-content\/uploads\/2022\/06\/panoramica-1024x572.jpg\" \/>\n<meta name=\"twitter:card\" content=\"summary_large_image\" \/>\n<meta name=\"twitter:label1\" content=\"Dur\u00e9e de lecture estim\u00e9e\" \/>\n\t<meta name=\"twitter:data1\" content=\"3 minutes\" \/>\n<script type=\"application\/ld+json\" class=\"yoast-schema-graph\">{\"@context\":\"https:\/\/schema.org\",\"@graph\":[{\"@type\":\"WebPage\",\"@id\":\"https:\/\/buonamici.it\/fr\/moulin-a-huile\/\",\"url\":\"https:\/\/buonamici.it\/fr\/moulin-a-huile\/\",\"name\":\"MOULIN \u00c0 HUILE - Buonamici\",\"isPartOf\":{\"@id\":\"https:\/\/buonamici.it\/en\/#website\"},\"primaryImageOfPage\":{\"@id\":\"https:\/\/buonamici.it\/fr\/moulin-a-huile\/#primaryimage\"},\"image\":{\"@id\":\"https:\/\/buonamici.it\/fr\/moulin-a-huile\/#primaryimage\"},\"thumbnailUrl\":\"https:\/\/buonamici.it\/wp-content\/uploads\/2022\/06\/panoramica-1024x572.jpg\",\"datePublished\":\"2022-06-01T09:40:36+00:00\",\"dateModified\":\"2022-07-08T08:56:44+00:00\",\"breadcrumb\":{\"@id\":\"https:\/\/buonamici.it\/fr\/moulin-a-huile\/#breadcrumb\"},\"inLanguage\":\"fr-FR\",\"potentialAction\":[{\"@type\":\"ReadAction\",\"target\":[\"https:\/\/buonamici.it\/fr\/moulin-a-huile\/\"]}]},{\"@type\":\"ImageObject\",\"inLanguage\":\"fr-FR\",\"@id\":\"https:\/\/buonamici.it\/fr\/moulin-a-huile\/#primaryimage\",\"url\":\"https:\/\/buonamici.it\/wp-content\/uploads\/2022\/06\/panoramica-1024x572.jpg\",\"contentUrl\":\"https:\/\/buonamici.it\/wp-content\/uploads\/2022\/06\/panoramica-1024x572.jpg\"},{\"@type\":\"BreadcrumbList\",\"@id\":\"https:\/\/buonamici.it\/fr\/moulin-a-huile\/#breadcrumb\",\"itemListElement\":[{\"@type\":\"ListItem\",\"position\":1,\"name\":\"Home\",\"item\":\"https:\/\/buonamici.it\/fr\/\"},{\"@type\":\"ListItem\",\"position\":2,\"name\":\"MOULIN \u00c0 HUILE\"}]},{\"@type\":\"WebSite\",\"@id\":\"https:\/\/buonamici.it\/en\/#website\",\"url\":\"https:\/\/buonamici.it\/en\/\",\"name\":\"Buonamici\",\"description\":\"Un nuovo sito targato WordPress\",\"potentialAction\":[{\"@type\":\"SearchAction\",\"target\":{\"@type\":\"EntryPoint\",\"urlTemplate\":\"https:\/\/buonamici.it\/en\/?s={search_term_string}\"},\"query-input\":{\"@type\":\"PropertyValueSpecification\",\"valueRequired\":true,\"valueName\":\"search_term_string\"}}],\"inLanguage\":\"fr-FR\"}]}<\/script>\n<!-- \/ Yoast SEO plugin. -->","yoast_head_json":{"title":"MOULIN \u00c0 HUILE - Buonamici","robots":{"index":"index","follow":"follow","max-snippet":"max-snippet:-1","max-image-preview":"max-image-preview:large","max-video-preview":"max-video-preview:-1"},"canonical":"https:\/\/buonamici.it\/fr\/moulin-a-huile\/","og_locale":"fr_FR","og_type":"article","og_title":"MOULIN \u00c0 HUILE - Buonamici","og_description":"Avec des investissements consid\u00e9rables, Azienda Agricola Buonamici est en train de r\u00e9aliser un nouveau moulin, nich\u00e9 au milieu des oliviers de Fiesole. Un b\u00e2timent pionnier qui repr\u00e9sente le pass\u00e9, le pr\u00e9sent et l\u2019avenir de la famille Buonamici.","og_url":"https:\/\/buonamici.it\/fr\/moulin-a-huile\/","og_site_name":"Buonamici","article_modified_time":"2022-07-08T08:56:44+00:00","og_image":[{"url":"https:\/\/buonamici.it\/wp-content\/uploads\/2022\/06\/panoramica-1024x572.jpg","type":"","width":"","height":""}],"twitter_card":"summary_large_image","twitter_misc":{"Dur\u00e9e de lecture estim\u00e9e":"3 minutes"},"schema":{"@context":"https:\/\/schema.org","@graph":[{"@type":"WebPage","@id":"https:\/\/buonamici.it\/fr\/moulin-a-huile\/","url":"https:\/\/buonamici.it\/fr\/moulin-a-huile\/","name":"MOULIN \u00c0 HUILE - Buonamici","isPartOf":{"@id":"https:\/\/buonamici.it\/en\/#website"},"primaryImageOfPage":{"@id":"https:\/\/buonamici.it\/fr\/moulin-a-huile\/#primaryimage"},"image":{"@id":"https:\/\/buonamici.it\/fr\/moulin-a-huile\/#primaryimage"},"thumbnailUrl":"https:\/\/buonamici.it\/wp-content\/uploads\/2022\/06\/panoramica-1024x572.jpg","datePublished":"2022-06-01T09:40:36+00:00","dateModified":"2022-07-08T08:56:44+00:00","breadcrumb":{"@id":"https:\/\/buonamici.it\/fr\/moulin-a-huile\/#breadcrumb"},"inLanguage":"fr-FR","potentialAction":[{"@type":"ReadAction","target":["https:\/\/buonamici.it\/fr\/moulin-a-huile\/"]}]},{"@type":"ImageObject","inLanguage":"fr-FR","@id":"https:\/\/buonamici.it\/fr\/moulin-a-huile\/#primaryimage","url":"https:\/\/buonamici.it\/wp-content\/uploads\/2022\/06\/panoramica-1024x572.jpg","contentUrl":"https:\/\/buonamici.it\/wp-content\/uploads\/2022\/06\/panoramica-1024x572.jpg"},{"@type":"BreadcrumbList","@id":"https:\/\/buonamici.it\/fr\/moulin-a-huile\/#breadcrumb","itemListElement":[{"@type":"ListItem","position":1,"name":"Home","item":"https:\/\/buonamici.it\/fr\/"},{"@type":"ListItem","position":2,"name":"MOULIN \u00c0 HUILE"}]},{"@type":"WebSite","@id":"https:\/\/buonamici.it\/en\/#website","url":"https:\/\/buonamici.it\/en\/","name":"Buonamici","description":"Un nuovo sito targato WordPress","potentialAction":[{"@type":"SearchAction","target":{"@type":"EntryPoint","urlTemplate":"https:\/\/buonamici.it\/en\/?s={search_term_string}"},"query-input":{"@type":"PropertyValueSpecification","valueRequired":true,"valueName":"search_term_string"}}],"inLanguage":"fr-FR"}]}},"uagb_featured_image_src":{"full":false,"thumbnail":false,"medium":false,"medium_large":false,"large":false,"1536x1536":false,"2048x2048":false,"woocommerce_thumbnail":false,"woocommerce_single":false,"woocommerce_gallery_thumbnail":false},"uagb_author_info":{"display_name":"MarcoGruppoCo","author_link":"https:\/\/buonamici.it\/fr\/author\/marcogruppoco\/"},"uagb_comment_info":0,"uagb_excerpt":"Avec des investissements consid\u00e9rables, Azienda Agricola Buonamici est en train de r\u00e9aliser un nouveau moulin, nich\u00e9 au milieu des oliviers de Fiesole. Un b\u00e2timent pionnier qui repr\u00e9sente le pass\u00e9, le pr\u00e9sent et l\u2019avenir de la famille Buonamici.","_links":{"self":[{"href":"https:\/\/buonamici.it\/fr\/wp-json\/wp\/v2\/pages\/341","targetHints":{"allow":["GET"]}}],"collection":[{"href":"https:\/\/buonamici.it\/fr\/wp-json\/wp\/v2\/pages"}],"about":[{"href":"https:\/\/buonamici.it\/fr\/wp-json\/wp\/v2\/types\/page"}],"author":[{"embeddable":true,"href":"https:\/\/buonamici.it\/fr\/wp-json\/wp\/v2\/users\/1"}],"replies":[{"embeddable":true,"href":"https:\/\/buonamici.it\/fr\/wp-json\/wp\/v2\/comments?post=341"}],"version-history":[{"count":4,"href":"https:\/\/buonamici.it\/fr\/wp-json\/wp\/v2\/pages\/341\/revisions"}],"predecessor-version":[{"id":394,"href":"https:\/\/buonamici.it\/fr\/wp-json\/wp\/v2\/pages\/341\/revisions\/394"}],"wp:attachment":[{"href":"https:\/\/buonamici.it\/fr\/wp-json\/wp\/v2\/media?parent=341"}],"curies":[{"name":"wp","href":"https:\/\/api.w.org\/{rel}","templated":true}]}}