{"id":335,"date":"2022-06-01T11:39:54","date_gmt":"2022-06-01T09:39:54","guid":{"rendered":"https:\/\/buonamici.it\/filiera\/"},"modified":"2022-08-01T11:46:21","modified_gmt":"2022-08-01T09:46:21","slug":"fiesole","status":"publish","type":"page","link":"https:\/\/buonamici.it\/fr\/fiesole\/","title":{"rendered":"Fiesole"},"content":{"rendered":"<section class=\"wp-block-uagb-section uagb-section__wrap uagb-section__background-image uagb-block-75c0884f photo-header\"><div class=\"uagb-section__overlay\"><\/div><div class=\"uagb-section__inner-wrap\"><p><\/p><\/div><\/section><section class=\"wp-block-uagb-section uagb-section__wrap uagb-section__background-color uagb-block-54b851a0\"><div class=\"uagb-section__overlay\"><\/div><div class=\"uagb-section__inner-wrap\"><h1 class=\"has-text-align-center has-white-color has-text-color has-large-font-size wp-block-heading\" style=\"text-transform:uppercase\">Fiesole<\/h1>\n\n<p class=\"has-text-align-center has-white-color has-text-color\"><em>Azienda Agricola Buonamici<\/em> est constamment engag\u00e9e au niveau local. En effet, il s\u2019agit d\u2019une entreprise qui collabore sur plusieurs fronts avec les autorit\u00e9s territoriales, ainsi qu\u2019avec l\u2019Universit\u00e9 de Florence et l\u2019Accademia dei Gergofili, une institution historique florentine, dans le domaine de la recherche.<\/p>\n\n<p><\/p>\n\n<div class=\"lyte-wrapper\" style=\"width:853px;max-width:100%;margin:5px auto;\"><div class=\"lyMe hidef qsa_\\&amp;showinfo\\=0\" id=\"WYL__by4eI-93II\"><div id=\"lyte__by4eI-93II\" data-src=\"\/\/i.ytimg.com\/vi\/_by4eI-93II\/maxresdefault.jpg\" class=\"pL\"><div class=\"tC hidden\"><div class=\"tT\"><\/div><\/div><div class=\"play\"><\/div><div class=\"ctrl\"><div class=\"Lctrl\"><\/div><div class=\"Rctrl\"><\/div><\/div><\/div><noscript><a href=\"https:\/\/youtu.be\/_by4eI-93II\" rel=\"nofollow\"><img loading=\"lazy\" decoding=\"async\" src=\"https:\/\/i.ytimg.com\/vi\/_by4eI-93II\/0.jpg\" alt=\"\" width=\"853\" height=\"460\" \/><br \/>Lire cette vid\u00e9o sur YouTube<\/a><\/noscript><\/div><\/div><div class=\"lL\" style=\"max-width:100%;width:853px;margin:5px auto;\"><\/div><\/div><\/section><section class=\"wp-block-uagb-section uagb-section__wrap uagb-section__background-image uagb-block-908df741 full-height\"><div class=\"uagb-section__overlay\"><\/div><div class=\"uagb-section__inner-wrap\"><\/div><\/section><section class=\"wp-block-uagb-section uagb-section__wrap uagb-section__background-color uagb-block-52452b59\"><div class=\"uagb-section__overlay\"><\/div><div class=\"uagb-section__inner-wrap\"><p class=\"has-text-align-center has-white-color has-text-color\">Notre entreprise agricole est le chef de file d\u2019un projet sur l\u2019ol\u00e9iculture appel\u00e9 \u201cL\u2019Olio Biologico delle Colline di Fiesole\u201d au sein du <em>Progetto Integrato di Filiera<\/em> (PSR TOSCANA 2014-2020 \u2013 PIF N.48\/2017), mis en place par la r\u00e9gion Toscane. Cette collaboration parmi les acteurs du secteur a donn\u00e9 vie a une huile raffin\u00e9e et locale, encourageant ainsi la production biologique d\u2019huile d&rsquo;olive extra vierge.<\/p>\n\n<div class=\"wp-block-image\"><figure class=\"aligncenter size-large\"><img loading=\"lazy\" decoding=\"async\" width=\"1024\" height=\"86\" src=\"https:\/\/buonamici.it\/wp-content\/uploads\/2022\/07\/PSR-_-Fascia-Loghi-011-1024x86.png\" alt=\"\" class=\"wp-image-449\" srcset=\"https:\/\/buonamici.it\/wp-content\/uploads\/2022\/07\/PSR-_-Fascia-Loghi-011-1024x86.png 1024w, https:\/\/buonamici.it\/wp-content\/uploads\/2022\/07\/PSR-_-Fascia-Loghi-011-300x25.png 300w\" sizes=\"auto, (max-width: 1024px) 100vw, 1024px\" \/><\/figure><\/div><\/div><\/section><section class=\"wp-block-uagb-section uagb-section__wrap uagb-section__background-image uagb-block-68250aba full-height\"><div class=\"uagb-section__overlay\"><\/div><div class=\"uagb-section__inner-wrap\"><\/div><\/section><section class=\"wp-block-uagb-section uagb-section__wrap uagb-section__background-color uagb-block-26255a01\"><div class=\"uagb-section__overlay\"><\/div><div class=\"uagb-section__inner-wrap\"><div class=\"wp-block-image\"><figure class=\"aligncenter size-full\"><img loading=\"lazy\" decoding=\"async\" width=\"211\" height=\"180\" src=\"https:\/\/buonamici.it\/wp-content\/uploads\/2022\/06\/logo.png\" alt=\"\" class=\"wp-image-190\"\/><\/figure><\/div>\n\n<p class=\"has-text-align-center has-text-color\" style=\"color:#6f690a\">En outre, dans le cadre du <em>Progetto Integrato di Filiera<\/em>, on a con\u00e7u un autre projet gr\u00e2ce \u00e0 la collaboration avec le Cnr-Ibe : le Parc de la Biodiversit\u00e9, qui sera un lieu singulier. Ce projet vise \u00e0 favoriser la protection de la biodiversit\u00e9 locale en termes de plants. Un magnifique jardin d\u2019oliviers vous accueillera pour en apprendre plus sur les vari\u00e9t\u00e9s et les ph\u00e9notypes typiques de Fiesole.<\/p>\n\n<p class=\"has-text-align-center has-text-color\" style=\"color:#6f690a\">Enfin, le <em>Distretto Biologico di Fiesole<\/em> (District Biologique de Fiesole) est une r\u00e9alit\u00e9 locale et exceptionnelle, dans laquelle se trouve notre entreprise agricole. Ce district a \u00e9t\u00e9 cr\u00e9\u00e9 et voulu par l\u2019administration municipale, en particulier par la maire Anna Ravoni, pour prot\u00e9ger et promouvoir la fili\u00e8re de l\u2019ol\u00e9iculture \u00e0 Fiesole.<\/p>\n\n<div class=\"wp-block-buttons is-content-justification-center is-layout-flex wp-container-core-buttons-is-layout-a89b3969 wp-block-buttons-is-layout-flex\"><div class=\"wp-block-button has-custom-font-size is-style-outline is-style-outline--1\" style=\"font-size:16px\"><a class=\"wp-block-button__link has-text-color has-background\" href=\"https:\/\/fiesoil.it\" style=\"border-radius:12px;background-color:#ffffff00;color:#6f690a\" target=\"_blank\" rel=\"noreferrer noopener\">Scopri di pi\u00f9<\/a><\/div><\/div><\/div><\/section>","protected":false},"excerpt":{"rendered":"","protected":false},"author":1,"featured_media":0,"parent":0,"menu_order":0,"comment_status":"closed","ping_status":"closed","template":"","meta":{"_acf_changed":false,"_uag_custom_page_level_css":"","footnotes":""},"class_list":["post-335","page","type-page","status-publish","hentry"],"acf":[],"yoast_head":"<!-- This site is optimized with the Yoast SEO plugin v24.2 - https:\/\/yoast.com\/wordpress\/plugins\/seo\/ -->\n<title>Fiesole - Buonamici<\/title>\n<meta name=\"robots\" content=\"index, follow, max-snippet:-1, max-image-preview:large, max-video-preview:-1\" \/>\n<link rel=\"canonical\" href=\"https:\/\/buonamici.it\/fr\/fiesole\/\" \/>\n<meta property=\"og:locale\" content=\"fr_FR\" \/>\n<meta property=\"og:type\" content=\"article\" \/>\n<meta property=\"og:title\" content=\"Fiesole - Buonamici\" \/>\n<meta property=\"og:url\" content=\"https:\/\/buonamici.it\/fr\/fiesole\/\" \/>\n<meta property=\"og:site_name\" content=\"Buonamici\" \/>\n<meta property=\"article:modified_time\" content=\"2022-08-01T09:46:21+00:00\" \/>\n<meta property=\"og:image\" content=\"https:\/\/buonamici.it\/wp-content\/uploads\/2022\/07\/PSR-_-Fascia-Loghi-011-1024x86.png\" \/>\n<meta name=\"twitter:card\" content=\"summary_large_image\" \/>\n<meta name=\"twitter:label1\" content=\"Dur\u00e9e de lecture estim\u00e9e\" \/>\n\t<meta name=\"twitter:data1\" content=\"2 minutes\" \/>\n<script type=\"application\/ld+json\" class=\"yoast-schema-graph\">{\"@context\":\"https:\/\/schema.org\",\"@graph\":[{\"@type\":\"WebPage\",\"@id\":\"https:\/\/buonamici.it\/fr\/fiesole\/\",\"url\":\"https:\/\/buonamici.it\/fr\/fiesole\/\",\"name\":\"Fiesole - Buonamici\",\"isPartOf\":{\"@id\":\"https:\/\/buonamici.it\/en\/#website\"},\"primaryImageOfPage\":{\"@id\":\"https:\/\/buonamici.it\/fr\/fiesole\/#primaryimage\"},\"image\":{\"@id\":\"https:\/\/buonamici.it\/fr\/fiesole\/#primaryimage\"},\"thumbnailUrl\":\"https:\/\/buonamici.it\/wp-content\/uploads\/2022\/07\/PSR-_-Fascia-Loghi-011-1024x86.png\",\"datePublished\":\"2022-06-01T09:39:54+00:00\",\"dateModified\":\"2022-08-01T09:46:21+00:00\",\"breadcrumb\":{\"@id\":\"https:\/\/buonamici.it\/fr\/fiesole\/#breadcrumb\"},\"inLanguage\":\"fr-FR\",\"potentialAction\":[{\"@type\":\"ReadAction\",\"target\":[\"https:\/\/buonamici.it\/fr\/fiesole\/\"]}]},{\"@type\":\"ImageObject\",\"inLanguage\":\"fr-FR\",\"@id\":\"https:\/\/buonamici.it\/fr\/fiesole\/#primaryimage\",\"url\":\"https:\/\/buonamici.it\/wp-content\/uploads\/2022\/07\/PSR-_-Fascia-Loghi-011-1024x86.png\",\"contentUrl\":\"https:\/\/buonamici.it\/wp-content\/uploads\/2022\/07\/PSR-_-Fascia-Loghi-011-1024x86.png\"},{\"@type\":\"BreadcrumbList\",\"@id\":\"https:\/\/buonamici.it\/fr\/fiesole\/#breadcrumb\",\"itemListElement\":[{\"@type\":\"ListItem\",\"position\":1,\"name\":\"Home\",\"item\":\"https:\/\/buonamici.it\/fr\/\"},{\"@type\":\"ListItem\",\"position\":2,\"name\":\"Fiesole\"}]},{\"@type\":\"WebSite\",\"@id\":\"https:\/\/buonamici.it\/en\/#website\",\"url\":\"https:\/\/buonamici.it\/en\/\",\"name\":\"Buonamici\",\"description\":\"Un nuovo sito targato WordPress\",\"potentialAction\":[{\"@type\":\"SearchAction\",\"target\":{\"@type\":\"EntryPoint\",\"urlTemplate\":\"https:\/\/buonamici.it\/en\/?s={search_term_string}\"},\"query-input\":{\"@type\":\"PropertyValueSpecification\",\"valueRequired\":true,\"valueName\":\"search_term_string\"}}],\"inLanguage\":\"fr-FR\"}]}<\/script>\n<!-- \/ Yoast SEO plugin. -->","yoast_head_json":{"title":"Fiesole - Buonamici","robots":{"index":"index","follow":"follow","max-snippet":"max-snippet:-1","max-image-preview":"max-image-preview:large","max-video-preview":"max-video-preview:-1"},"canonical":"https:\/\/buonamici.it\/fr\/fiesole\/","og_locale":"fr_FR","og_type":"article","og_title":"Fiesole - Buonamici","og_url":"https:\/\/buonamici.it\/fr\/fiesole\/","og_site_name":"Buonamici","article_modified_time":"2022-08-01T09:46:21+00:00","og_image":[{"url":"https:\/\/buonamici.it\/wp-content\/uploads\/2022\/07\/PSR-_-Fascia-Loghi-011-1024x86.png","type":"","width":"","height":""}],"twitter_card":"summary_large_image","twitter_misc":{"Dur\u00e9e de lecture estim\u00e9e":"2 minutes"},"schema":{"@context":"https:\/\/schema.org","@graph":[{"@type":"WebPage","@id":"https:\/\/buonamici.it\/fr\/fiesole\/","url":"https:\/\/buonamici.it\/fr\/fiesole\/","name":"Fiesole - Buonamici","isPartOf":{"@id":"https:\/\/buonamici.it\/en\/#website"},"primaryImageOfPage":{"@id":"https:\/\/buonamici.it\/fr\/fiesole\/#primaryimage"},"image":{"@id":"https:\/\/buonamici.it\/fr\/fiesole\/#primaryimage"},"thumbnailUrl":"https:\/\/buonamici.it\/wp-content\/uploads\/2022\/07\/PSR-_-Fascia-Loghi-011-1024x86.png","datePublished":"2022-06-01T09:39:54+00:00","dateModified":"2022-08-01T09:46:21+00:00","breadcrumb":{"@id":"https:\/\/buonamici.it\/fr\/fiesole\/#breadcrumb"},"inLanguage":"fr-FR","potentialAction":[{"@type":"ReadAction","target":["https:\/\/buonamici.it\/fr\/fiesole\/"]}]},{"@type":"ImageObject","inLanguage":"fr-FR","@id":"https:\/\/buonamici.it\/fr\/fiesole\/#primaryimage","url":"https:\/\/buonamici.it\/wp-content\/uploads\/2022\/07\/PSR-_-Fascia-Loghi-011-1024x86.png","contentUrl":"https:\/\/buonamici.it\/wp-content\/uploads\/2022\/07\/PSR-_-Fascia-Loghi-011-1024x86.png"},{"@type":"BreadcrumbList","@id":"https:\/\/buonamici.it\/fr\/fiesole\/#breadcrumb","itemListElement":[{"@type":"ListItem","position":1,"name":"Home","item":"https:\/\/buonamici.it\/fr\/"},{"@type":"ListItem","position":2,"name":"Fiesole"}]},{"@type":"WebSite","@id":"https:\/\/buonamici.it\/en\/#website","url":"https:\/\/buonamici.it\/en\/","name":"Buonamici","description":"Un nuovo sito targato WordPress","potentialAction":[{"@type":"SearchAction","target":{"@type":"EntryPoint","urlTemplate":"https:\/\/buonamici.it\/en\/?s={search_term_string}"},"query-input":{"@type":"PropertyValueSpecification","valueRequired":true,"valueName":"search_term_string"}}],"inLanguage":"fr-FR"}]}},"uagb_featured_image_src":{"full":false,"thumbnail":false,"medium":false,"medium_large":false,"large":false,"1536x1536":false,"2048x2048":false,"woocommerce_thumbnail":false,"woocommerce_single":false,"woocommerce_gallery_thumbnail":false},"uagb_author_info":{"display_name":"MarcoGruppoCo","author_link":"https:\/\/buonamici.it\/fr\/author\/marcogruppoco\/"},"uagb_comment_info":0,"uagb_excerpt":null,"_links":{"self":[{"href":"https:\/\/buonamici.it\/fr\/wp-json\/wp\/v2\/pages\/335","targetHints":{"allow":["GET"]}}],"collection":[{"href":"https:\/\/buonamici.it\/fr\/wp-json\/wp\/v2\/pages"}],"about":[{"href":"https:\/\/buonamici.it\/fr\/wp-json\/wp\/v2\/types\/page"}],"author":[{"embeddable":true,"href":"https:\/\/buonamici.it\/fr\/wp-json\/wp\/v2\/users\/1"}],"replies":[{"embeddable":true,"href":"https:\/\/buonamici.it\/fr\/wp-json\/wp\/v2\/comments?post=335"}],"version-history":[{"count":5,"href":"https:\/\/buonamici.it\/fr\/wp-json\/wp\/v2\/pages\/335\/revisions"}],"predecessor-version":[{"id":459,"href":"https:\/\/buonamici.it\/fr\/wp-json\/wp\/v2\/pages\/335\/revisions\/459"}],"wp:attachment":[{"href":"https:\/\/buonamici.it\/fr\/wp-json\/wp\/v2\/media?parent=335"}],"curies":[{"name":"wp","href":"https:\/\/api.w.org\/{rel}","templated":true}]}}