{"id":329,"date":"2022-06-01T11:39:23","date_gmt":"2022-06-01T09:39:23","guid":{"rendered":"https:\/\/buonamici.it\/chi-siamo\/"},"modified":"2022-07-14T16:07:34","modified_gmt":"2022-07-14T14:07:34","slug":"decouvrez-nous","status":"publish","type":"page","link":"https:\/\/buonamici.it\/fr\/decouvrez-nous\/","title":{"rendered":"D\u00c9COUVREZ-NOUS"},"content":{"rendered":"<section class=\"wp-block-uagb-section uagb-section__wrap uagb-section__background-image uagb-block-5548a392 photo-header\"><div class=\"uagb-section__overlay\"><\/div><div class=\"uagb-section__inner-wrap\"><\/div><\/section><section class=\"wp-block-uagb-section uagb-section__wrap uagb-section__background-color uagb-block-37d3b7c7\"><div class=\"uagb-section__overlay\"><\/div><div class=\"uagb-section__inner-wrap\"><h1 class=\"has-text-align-center has-text-color has-large-font-size wp-block-heading\" style=\"color:#6f690a;text-transform:uppercase\">D\u00c9COUVREZ-NOUS<\/h1>\n\n<p class=\"has-text-align-center has-text-color\" style=\"color:#6f690a\">Depuis 200 ans, la famille Buonamici vit \u00e0 Fiesole, un lieu o\u00f9 nature, beaut\u00e9 et histoire se croisent. Cette famille est donc intimement li\u00e9e \u00e0 sa terre d&rsquo;origine que vise \u00e0 pr\u00e9server et \u00e0 repr\u00e9senter. Cela se traduit en une passion immense et un engagement constant dans la culture d\u2019oliviers et la production d\u2019huile d&rsquo;olive extra vierge. Gr\u00e2ce \u00e0 l\u2019exp\u00e9rience et \u00e0 la connaissance technique de Cesare Buonamici, <em>Azienda Agricola Buonamici<\/em> a aujourd\u2019hui une place de premier plan dans le secteur.<\/p><\/div><\/section><section class=\"wp-block-uagb-columns uagb-columns__wrap uagb-columns__background-image uagb-columns__stack-mobile uagb-columns__valign-undefined uagb-columns__gap-10 alignundefined uagb-block-9c9fe347 full-height align-center\" id=\"cesareBuonamici\"><div class=\"uagb-columns__overlay\"><\/div><div class=\"uagb-columns__inner-wrap uagb-columns__columns-2\"><div class=\"wp-block-uagb-column uagb-column__wrap uagb-column__background-color uagb-block-2fdedbfa multiply\"><div class=\"uagb-column__overlay\"><\/div><div class=\"uagb-column__inner-wrap\"><p class=\"has-text-align-center has-text-color\" style=\"color:#6f690a\"><em>\u00ab Et comme les choses les plus rares et belles, cet art demande d\u00e9votion, patience et amour. Ce que nous ressentons tous les jours. \u00bb<\/em><\/p>\n\n<div class=\"wp-block-image multiply\"><figure class=\"aligncenter size-full\"><img loading=\"lazy\" decoding=\"async\" width=\"903\" height=\"128\" src=\"https:\/\/buonamici.it\/wp-content\/uploads\/2022\/07\/firma_buonamici.png\" alt=\"\" class=\"wp-image-376\" srcset=\"https:\/\/buonamici.it\/wp-content\/uploads\/2022\/07\/firma_buonamici.png 903w, https:\/\/buonamici.it\/wp-content\/uploads\/2022\/07\/firma_buonamici-300x43.png 300w\" sizes=\"auto, (max-width: 903px) 100vw, 903px\" \/><\/figure><\/div>\n\n<p class=\"has-text-align-center no-margin has-text-color\" style=\"color:#6f690a;font-size:30px\"><em>Cesare Buonamici<\/em><\/p>\n\n<p class=\"has-text-align-center no-margin has-text-color\" style=\"color:#6f690a;font-size:22px\"><em>PDG et Fondateur<\/em><\/p>\n\n<p>[video_popup url=\u00a0\u00bbhttps:\/\/www.youtube.com\/watch?v=oW-8NZ7eQ_I\u00a0\u00bb text=\u00a0\u00bbPlay Video\u00a0\u00bb title=\u00a0\u00bbChi Siamo\u00a0\u00bb auto=\u00a0\u00bb\u00a0\u00bb n=\u00a0\u00bb\u00a0\u00bb p=\u00a0\u00bb1&Prime; wrap=\u00a0\u00bb1&Prime;]<\/p><\/div><\/div>\n\n<div class=\"wp-block-uagb-column uagb-column__wrap uagb-column__background-undefined uagb-block-2f9b0af7\"><div class=\"uagb-column__overlay\"><\/div><div class=\"uagb-column__inner-wrap\"><\/div><\/div><\/div><\/section><section class=\"wp-block-uagb-section uagb-section__wrap uagb-section__background-color uagb-block-fecfd30d\"><div class=\"uagb-section__overlay\"><\/div><div class=\"uagb-section__inner-wrap\"><p class=\"has-text-align-center has-text-color\" style=\"color:#6f690a\">L\u2019entreprise s\u2019\u00e9tend sur une surface de 250 hectares et compte 30.000 plants d\u2019oliviers, cultiv\u00e9s en conformit\u00e9 avec les l\u00e9gislations mises en vigueur par la Communaut\u00e9 \u00e9conomique europ\u00e9enne pour la culture biologique (Reg. CEE 2092\/91). <em>Azienda Agricola Buonamici<\/em> cultive les vari\u00e9t\u00e9s: Frantoio, Moraiolo, Leccino, Pendolino, Maurino et Leccio del Corno, qui sont les cultivars locaux. Ces plants vivent en parfaite synergie, en produisant une huile de qualit\u00e9, qui se caract\u00e9rise par des sensations gustatives et olfactives herbac\u00e9es et des notes d&rsquo;amande fra\u00eeche. En particulier, le Leccio del Corno a un ar\u00f4me tr\u00e8s particulier, ce qui en fait une vari\u00e9t\u00e9 pris\u00e9e et d&rsquo;exception.<\/p><\/div><\/section>","protected":false},"excerpt":{"rendered":"<p>\u00ab Et comme les choses les plus rares et belles, cet art demande d\u00e9votion, patience et amour. Ce que nous ressentons tous les jours. \u00bb Cesare Buonamici PDG et Fondateur<\/p>\n","protected":false},"author":1,"featured_media":0,"parent":0,"menu_order":0,"comment_status":"closed","ping_status":"open","template":"","meta":{"_acf_changed":false,"_uag_custom_page_level_css":"","footnotes":""},"class_list":["post-329","page","type-page","status-publish","hentry"],"acf":[],"yoast_head":"<!-- This site is optimized with the Yoast SEO plugin v24.2 - https:\/\/yoast.com\/wordpress\/plugins\/seo\/ -->\n<title>D\u00c9COUVREZ-NOUS - Buonamici<\/title>\n<meta name=\"robots\" content=\"index, follow, max-snippet:-1, max-image-preview:large, max-video-preview:-1\" \/>\n<link rel=\"canonical\" href=\"https:\/\/buonamici.it\/fr\/decouvrez-nous\/\" \/>\n<meta property=\"og:locale\" content=\"fr_FR\" \/>\n<meta property=\"og:type\" content=\"article\" \/>\n<meta property=\"og:title\" content=\"D\u00c9COUVREZ-NOUS - Buonamici\" \/>\n<meta property=\"og:description\" content=\"\u00ab Et comme les choses les plus rares et belles, cet art demande d\u00e9votion, patience et amour. Ce que nous ressentons tous les jours. \u00bb Cesare Buonamici PDG et Fondateur\" \/>\n<meta property=\"og:url\" content=\"https:\/\/buonamici.it\/fr\/decouvrez-nous\/\" \/>\n<meta property=\"og:site_name\" content=\"Buonamici\" \/>\n<meta property=\"article:modified_time\" content=\"2022-07-14T14:07:34+00:00\" \/>\n<meta property=\"og:image\" content=\"https:\/\/buonamici.it\/wp-content\/uploads\/2022\/07\/firma_buonamici.png\" \/>\n<meta name=\"twitter:card\" content=\"summary_large_image\" \/>\n<meta name=\"twitter:label1\" content=\"Dur\u00e9e de lecture estim\u00e9e\" \/>\n\t<meta name=\"twitter:data1\" content=\"2 minutes\" \/>\n<script type=\"application\/ld+json\" class=\"yoast-schema-graph\">{\"@context\":\"https:\/\/schema.org\",\"@graph\":[{\"@type\":\"WebPage\",\"@id\":\"https:\/\/buonamici.it\/fr\/decouvrez-nous\/\",\"url\":\"https:\/\/buonamici.it\/fr\/decouvrez-nous\/\",\"name\":\"D\u00c9COUVREZ-NOUS - Buonamici\",\"isPartOf\":{\"@id\":\"https:\/\/buonamici.it\/en\/#website\"},\"primaryImageOfPage\":{\"@id\":\"https:\/\/buonamici.it\/fr\/decouvrez-nous\/#primaryimage\"},\"image\":{\"@id\":\"https:\/\/buonamici.it\/fr\/decouvrez-nous\/#primaryimage\"},\"thumbnailUrl\":\"https:\/\/buonamici.it\/wp-content\/uploads\/2022\/07\/firma_buonamici.png\",\"datePublished\":\"2022-06-01T09:39:23+00:00\",\"dateModified\":\"2022-07-14T14:07:34+00:00\",\"breadcrumb\":{\"@id\":\"https:\/\/buonamici.it\/fr\/decouvrez-nous\/#breadcrumb\"},\"inLanguage\":\"fr-FR\",\"potentialAction\":[{\"@type\":\"ReadAction\",\"target\":[\"https:\/\/buonamici.it\/fr\/decouvrez-nous\/\"]}]},{\"@type\":\"ImageObject\",\"inLanguage\":\"fr-FR\",\"@id\":\"https:\/\/buonamici.it\/fr\/decouvrez-nous\/#primaryimage\",\"url\":\"https:\/\/buonamici.it\/wp-content\/uploads\/2022\/07\/firma_buonamici.png\",\"contentUrl\":\"https:\/\/buonamici.it\/wp-content\/uploads\/2022\/07\/firma_buonamici.png\"},{\"@type\":\"BreadcrumbList\",\"@id\":\"https:\/\/buonamici.it\/fr\/decouvrez-nous\/#breadcrumb\",\"itemListElement\":[{\"@type\":\"ListItem\",\"position\":1,\"name\":\"Home\",\"item\":\"https:\/\/buonamici.it\/fr\/\"},{\"@type\":\"ListItem\",\"position\":2,\"name\":\"D\u00c9COUVREZ-NOUS\"}]},{\"@type\":\"WebSite\",\"@id\":\"https:\/\/buonamici.it\/en\/#website\",\"url\":\"https:\/\/buonamici.it\/en\/\",\"name\":\"Buonamici\",\"description\":\"Un nuovo sito targato WordPress\",\"potentialAction\":[{\"@type\":\"SearchAction\",\"target\":{\"@type\":\"EntryPoint\",\"urlTemplate\":\"https:\/\/buonamici.it\/en\/?s={search_term_string}\"},\"query-input\":{\"@type\":\"PropertyValueSpecification\",\"valueRequired\":true,\"valueName\":\"search_term_string\"}}],\"inLanguage\":\"fr-FR\"}]}<\/script>\n<!-- \/ Yoast SEO plugin. -->","yoast_head_json":{"title":"D\u00c9COUVREZ-NOUS - Buonamici","robots":{"index":"index","follow":"follow","max-snippet":"max-snippet:-1","max-image-preview":"max-image-preview:large","max-video-preview":"max-video-preview:-1"},"canonical":"https:\/\/buonamici.it\/fr\/decouvrez-nous\/","og_locale":"fr_FR","og_type":"article","og_title":"D\u00c9COUVREZ-NOUS - Buonamici","og_description":"\u00ab Et comme les choses les plus rares et belles, cet art demande d\u00e9votion, patience et amour. Ce que nous ressentons tous les jours. \u00bb Cesare Buonamici PDG et Fondateur","og_url":"https:\/\/buonamici.it\/fr\/decouvrez-nous\/","og_site_name":"Buonamici","article_modified_time":"2022-07-14T14:07:34+00:00","og_image":[{"url":"https:\/\/buonamici.it\/wp-content\/uploads\/2022\/07\/firma_buonamici.png","type":"","width":"","height":""}],"twitter_card":"summary_large_image","twitter_misc":{"Dur\u00e9e de lecture estim\u00e9e":"2 minutes"},"schema":{"@context":"https:\/\/schema.org","@graph":[{"@type":"WebPage","@id":"https:\/\/buonamici.it\/fr\/decouvrez-nous\/","url":"https:\/\/buonamici.it\/fr\/decouvrez-nous\/","name":"D\u00c9COUVREZ-NOUS - Buonamici","isPartOf":{"@id":"https:\/\/buonamici.it\/en\/#website"},"primaryImageOfPage":{"@id":"https:\/\/buonamici.it\/fr\/decouvrez-nous\/#primaryimage"},"image":{"@id":"https:\/\/buonamici.it\/fr\/decouvrez-nous\/#primaryimage"},"thumbnailUrl":"https:\/\/buonamici.it\/wp-content\/uploads\/2022\/07\/firma_buonamici.png","datePublished":"2022-06-01T09:39:23+00:00","dateModified":"2022-07-14T14:07:34+00:00","breadcrumb":{"@id":"https:\/\/buonamici.it\/fr\/decouvrez-nous\/#breadcrumb"},"inLanguage":"fr-FR","potentialAction":[{"@type":"ReadAction","target":["https:\/\/buonamici.it\/fr\/decouvrez-nous\/"]}]},{"@type":"ImageObject","inLanguage":"fr-FR","@id":"https:\/\/buonamici.it\/fr\/decouvrez-nous\/#primaryimage","url":"https:\/\/buonamici.it\/wp-content\/uploads\/2022\/07\/firma_buonamici.png","contentUrl":"https:\/\/buonamici.it\/wp-content\/uploads\/2022\/07\/firma_buonamici.png"},{"@type":"BreadcrumbList","@id":"https:\/\/buonamici.it\/fr\/decouvrez-nous\/#breadcrumb","itemListElement":[{"@type":"ListItem","position":1,"name":"Home","item":"https:\/\/buonamici.it\/fr\/"},{"@type":"ListItem","position":2,"name":"D\u00c9COUVREZ-NOUS"}]},{"@type":"WebSite","@id":"https:\/\/buonamici.it\/en\/#website","url":"https:\/\/buonamici.it\/en\/","name":"Buonamici","description":"Un nuovo sito targato WordPress","potentialAction":[{"@type":"SearchAction","target":{"@type":"EntryPoint","urlTemplate":"https:\/\/buonamici.it\/en\/?s={search_term_string}"},"query-input":{"@type":"PropertyValueSpecification","valueRequired":true,"valueName":"search_term_string"}}],"inLanguage":"fr-FR"}]}},"uagb_featured_image_src":{"full":false,"thumbnail":false,"medium":false,"medium_large":false,"large":false,"1536x1536":false,"2048x2048":false,"woocommerce_thumbnail":false,"woocommerce_single":false,"woocommerce_gallery_thumbnail":false},"uagb_author_info":{"display_name":"MarcoGruppoCo","author_link":"https:\/\/buonamici.it\/fr\/author\/marcogruppoco\/"},"uagb_comment_info":0,"uagb_excerpt":"\u00ab Et comme les choses les plus rares et belles, cet art demande d\u00e9votion, patience et amour. Ce que nous ressentons tous les jours. \u00bb Cesare Buonamici PDG et Fondateur","_links":{"self":[{"href":"https:\/\/buonamici.it\/fr\/wp-json\/wp\/v2\/pages\/329","targetHints":{"allow":["GET"]}}],"collection":[{"href":"https:\/\/buonamici.it\/fr\/wp-json\/wp\/v2\/pages"}],"about":[{"href":"https:\/\/buonamici.it\/fr\/wp-json\/wp\/v2\/types\/page"}],"author":[{"embeddable":true,"href":"https:\/\/buonamici.it\/fr\/wp-json\/wp\/v2\/users\/1"}],"replies":[{"embeddable":true,"href":"https:\/\/buonamici.it\/fr\/wp-json\/wp\/v2\/comments?post=329"}],"version-history":[{"count":5,"href":"https:\/\/buonamici.it\/fr\/wp-json\/wp\/v2\/pages\/329\/revisions"}],"predecessor-version":[{"id":424,"href":"https:\/\/buonamici.it\/fr\/wp-json\/wp\/v2\/pages\/329\/revisions\/424"}],"wp:attachment":[{"href":"https:\/\/buonamici.it\/fr\/wp-json\/wp\/v2\/media?parent=329"}],"curies":[{"name":"wp","href":"https:\/\/api.w.org\/{rel}","templated":true}]}}