{"id":293,"date":"2022-06-01T12:10:42","date_gmt":"2022-06-01T10:10:42","guid":{"rendered":"https:\/\/buonamici.it\/homepage\/"},"modified":"2022-09-27T09:41:45","modified_gmt":"2022-09-27T07:41:45","slug":"homepage","status":"publish","type":"page","link":"https:\/\/buonamici.it\/fr\/","title":{"rendered":"Homepage"},"content":{"rendered":"<section class=\"wp-block-uagb-section uagb-section__wrap uagb-section__background-image uagb-block-63f64fa8 photo-header hidden\" id=\"hidden\"><div class=\"uagb-section__overlay\"><\/div><div class=\"uagb-section__inner-wrap\"><\/div><\/section><section class=\"wp-block-uagb-columns uagb-columns__wrap uagb-columns__background-image uagb-columns__stack-mobile uagb-columns__valign-undefined uagb-columns__gap-10 alignundefined uagb-block-2cd8d735 photo-header align-center\"><div class=\"uagb-columns__overlay\"><\/div><div class=\"uagb-columns__inner-wrap uagb-columns__columns-2\"><div class=\"wp-block-uagb-column uagb-column__wrap uagb-column__background-color uagb-block-59443ee6 reveal\"><div class=\"uagb-column__overlay\"><\/div><div class=\"uagb-column__inner-wrap\"><h2 class=\"has-text-align-center title-co has-white-color has-text-color wp-block-heading\" style=\"font-size:40px;text-transform:uppercase\">18 octobre 2022<\/h2>\n\n<h3 class=\"has-text-align-center subtitle-co has-white-color has-text-color wp-block-heading\" style=\"font-size:30px;text-transform:uppercase\">Ouverture du nouveau moulin \u00e0 huile Buonamici<\/h3>\n\n<div class=\"wp-block-buttons is-content-justification-center is-layout-flex wp-container-core-buttons-is-layout-a89b3969 wp-block-buttons-is-layout-flex\"><div class=\"wp-block-button has-custom-font-size is-style-outline is-style-outline--1\" style=\"font-size:16px\"><a class=\"wp-block-button__link has-white-color has-text-color has-background\" href=\"https:\/\/buonamici.it\/fr\/moulin-a-huile\/\" style=\"border-radius:12px;background-color:#ffffff00\">En savoir plus<\/a><\/div><\/div><\/div><\/div>\n\n<div class=\"wp-block-uagb-column uagb-column__wrap uagb-column__background-undefined uagb-block-8b13ed3b\"><div class=\"uagb-column__overlay\"><\/div><div class=\"uagb-column__inner-wrap\"><\/div><\/div><\/div><\/section><section class=\"wp-block-uagb-columns uagb-columns__wrap uagb-columns__background-color uagb-columns__stack-mobile uagb-columns__valign-undefined uagb-columns__gap-10 alignundefined uagb-columns__reverse-mobile uagb-block-49a7bfad align-center\" id=\"buonamici\"><div class=\"uagb-columns__overlay\"><\/div><div class=\"uagb-columns__inner-wrap uagb-columns__columns-2\"><div class=\"wp-block-uagb-column uagb-column__wrap uagb-column__background-undefined uagb-block-e14850d0 reveal\"><div class=\"uagb-column__overlay\"><\/div><div class=\"uagb-column__inner-wrap\"><h1 class=\"has-text-align-center wp-block-heading\">Azienda Agricola Buonamici<\/h1>\n\n<p class=\"has-text-align-center\"><em>Azienda Agricola Buonamici<\/em> se trouve \u00e0 Montebeni, dans la municipalit\u00e9 de Fiesole, une c\u00e9l\u00e8bre colline qui entoure la ville de Florence. Fond\u00e9e en 1991, l\u2019entreprise agricole joue aujourd\u2019hui un r\u00f4le fondamental dans le domaine de la culture d\u2019oliviers et de la production d\u2019huile d&rsquo;olive extra vierge si bien en Italie qu\u2019\u00e0 l\u2019\u00e9tranger. La passion et le savoir-faire constituent nos mots d\u2019ordre ; cela nous permet de viser constamment aux plus hauts standards de qualit\u00e9.<\/p>\n\n<div class=\"wp-block-buttons is-content-justification-center is-layout-flex wp-container-core-buttons-is-layout-a89b3969 wp-block-buttons-is-layout-flex\"><div class=\"wp-block-button has-custom-font-size is-style-outline is-style-outline--2\" style=\"font-size:16px\"><a class=\"wp-block-button__link has-text-color has-background\" href=\"https:\/\/buonamici.it\/fr\/decouvrez-nous\/\" style=\"border-radius:12px;background-color:#ffffff00;color:#6f690a\">En savoir plus<\/a><\/div><\/div><\/div><\/div>\n\n<div class=\"wp-block-uagb-column uagb-column__wrap uagb-column__background-undefined uagb-block-3b900f2f\"><div class=\"uagb-column__overlay\"><\/div><div class=\"uagb-column__inner-wrap\"><div class=\"wp-block-image\"><figure class=\"aligncenter size-full\"><img loading=\"lazy\" decoding=\"async\" width=\"268\" height=\"301\" src=\"https:\/\/buonamici.it\/wp-content\/uploads\/2022\/06\/logo_buonamici@2x.png\" alt=\"\" class=\"wp-image-41\"\/><\/figure><\/div><\/div><\/div><\/div><\/section><section class=\"wp-block-uagb-columns uagb-columns__wrap uagb-columns__background-image uagb-columns__stack-mobile uagb-columns__valign-undefined uagb-columns__gap-10 alignundefined uagb-block-0264a30e full-height align-center\"><div class=\"uagb-columns__overlay\"><\/div><div class=\"uagb-columns__inner-wrap uagb-columns__columns-2\"><div class=\"wp-block-uagb-column uagb-column__wrap uagb-column__background-color uagb-block-7643d632 reveal\"><div class=\"uagb-column__overlay\"><\/div><div class=\"uagb-column__inner-wrap\"><h2 class=\"has-text-align-center title-co has-white-color has-text-color wp-block-heading\" style=\"font-size:40px;text-transform:uppercase\">Fiesole<\/h2>\n\n<h3 class=\"has-text-align-center subtitle-co has-white-color has-text-color wp-block-heading\" style=\"font-size:30px;text-transform:uppercase\">Une oliveraie naturelle<\/h3>\n\n<p class=\"has-text-align-center has-white-color has-text-color\">Puisque les oliviers y prosp\u00e8rent naturellement, Fiesole est le berceau de ces plants depuis les temps les plus recul\u00e9s ; en effet, les Etrusques ont \u00e9t\u00e9 les premiers \u00e0 introduire la culture d\u2019oliviers dans cette zone. Encore aujourd\u2019hui, l\u2019huile est un des symboles de Fiesole et a une valeur culturelle tr\u00e8s importante. Pour cette raison, le <em>Distretto Biologico di Fiesole<\/em> (District Biologique de Fiesole) a \u00e9t\u00e9 fond\u00e9, reconnu par la r\u00e9gion Toscane comme le premier district biologique, en cr\u00e9ant ainsi une fili\u00e8re de l\u2019ol\u00e9iculture biologique locale.<\/p>\n\n<div class=\"wp-block-buttons is-content-justification-center is-layout-flex wp-container-core-buttons-is-layout-a89b3969 wp-block-buttons-is-layout-flex\"><div class=\"wp-block-button has-custom-font-size is-style-outline is-style-outline--3\" style=\"font-size:16px\"><a class=\"wp-block-button__link has-white-color has-text-color has-background\" href=\"https:\/\/buonamici.it\/fr\/fiesole\/\" style=\"border-radius:12px;background-color:#ffffff00\">En savoir plus<\/a><\/div><\/div><\/div><\/div>\n\n<div class=\"wp-block-uagb-column uagb-column__wrap uagb-column__background-undefined uagb-block-b8b748d4\"><div class=\"uagb-column__overlay\"><\/div><div class=\"uagb-column__inner-wrap\"><\/div><\/div><\/div><\/section><section class=\"wp-block-uagb-columns uagb-columns__wrap uagb-columns__background-image uagb-columns__stack-mobile uagb-columns__valign-undefined uagb-columns__gap-10 alignundefined uagb-block-208e5cfc full-height align-center\"><div class=\"uagb-columns__overlay\"><\/div><div class=\"uagb-columns__inner-wrap uagb-columns__columns-2\"><div class=\"wp-block-uagb-column uagb-column__wrap uagb-column__background-undefined uagb-block-48a0df6f\"><div class=\"uagb-column__overlay\"><\/div><div class=\"uagb-column__inner-wrap\"><\/div><\/div>\n\n<div class=\"wp-block-uagb-column uagb-column__wrap uagb-column__background-color uagb-block-64ac8b19 reveal\"><div class=\"uagb-column__overlay\"><\/div><div class=\"uagb-column__inner-wrap\"><h2 class=\"has-text-align-center title-co has-white-color has-text-color wp-block-heading\" style=\"font-size:40px;text-transform:uppercase\">Durabilit\u00e9<\/h2>\n\n<p class=\"has-text-align-center has-white-color has-text-color\">La durabilit\u00e9 environnementale est la valeur essentielle de notre entreprise. En termes \u00e9cologiques, Azienda Agricola Buonamici non seulement entreprend un processus de production 100% biologique mais s\u2019engage aussi \u00e0 r\u00e9duire l\u2019impact environnemental de ses activit\u00e9s agricoles. Pour une vie saine aujourd\u2019hui et des lendemains meilleurs.<\/p>\n\n<div class=\"wp-block-buttons is-content-justification-center is-layout-flex wp-container-core-buttons-is-layout-a89b3969 wp-block-buttons-is-layout-flex\"><div class=\"wp-block-button has-custom-font-size is-style-outline is-style-outline--4\" style=\"font-size:16px\"><a class=\"wp-block-button__link has-white-color has-text-color has-background\" href=\"https:\/\/buonamici.it\/fr\/durabilite\/\" style=\"border-radius:12px;background-color:#ffffff00\">En savoir plus<\/a><\/div><\/div><\/div><\/div><\/div><\/section><section class=\"wp-block-uagb-section uagb-section__wrap uagb-section__background-image uagb-block-858bb045 height-70\"><div class=\"uagb-section__overlay\"><\/div><div class=\"uagb-section__inner-wrap\"><\/div><\/section><section class=\"wp-block-uagb-section uagb-section__wrap uagb-section__background-color uagb-block-5d9e3698\"><div class=\"uagb-section__overlay\"><\/div><div class=\"uagb-section__inner-wrap\"><h2 class=\"has-text-align-center reveal has-white-color has-text-color has-large-font-size wp-block-heading\" style=\"text-transform:uppercase\">MOULIN \u00c0 HUILE<\/h2>\n\n<p class=\"has-text-align-center reveal has-white-color has-text-color\">Notre <em>Frantoio Biologico Buonamici<\/em> est le c\u0153ur de l\u2019entreprise. C\u2019est presque magique : les olives entrent et l\u2019huile sort. \u00c0 l\u2019int\u00e9rieur du moulin \u00e0 huile, tradition et innovation se combinent pour obtenir un produit d\u2019excellente qualit\u00e9.<\/p>\n\n<div class=\"wp-block-buttons is-content-justification-center is-layout-flex wp-container-core-buttons-is-layout-a89b3969 wp-block-buttons-is-layout-flex\"><div class=\"wp-block-button has-custom-font-size is-style-outline reveal is-style-outline--5\" style=\"font-size:16px\"><a class=\"wp-block-button__link has-white-color has-text-color has-background\" href=\"https:\/\/buonamici.it\/fr\/moulin-a-huile\/\" style=\"border-radius:12px;background-color:#ffffff00\">En savoir plus<\/a><\/div><\/div><\/div><\/section><div class=\"wp-block-image\"><figure class=\"aligncenter size-full\"><img loading=\"lazy\" decoding=\"async\" width=\"1953\" height=\"1130\" src=\"https:\/\/buonamici.it\/wp-content\/uploads\/2022\/06\/DJI_0050-HDR-3-1.jpg\" alt=\"\" class=\"wp-image-181\" srcset=\"https:\/\/buonamici.it\/wp-content\/uploads\/2022\/06\/DJI_0050-HDR-3-1.jpg 1953w, https:\/\/buonamici.it\/wp-content\/uploads\/2022\/06\/DJI_0050-HDR-3-1-300x174.jpg 300w, https:\/\/buonamici.it\/wp-content\/uploads\/2022\/06\/DJI_0050-HDR-3-1-1024x592.jpg 1024w\" sizes=\"auto, (max-width: 1953px) 100vw, 1953px\" \/><\/figure><\/div><section class=\"wp-block-uagb-section uagb-section__wrap uagb-section__background-undefined uagb-block-4b8e10db\"><div class=\"uagb-section__overlay\"><\/div><div class=\"uagb-section__inner-wrap\"><h2 class=\"has-text-align-center reveal has-text-color has-large-font-size wp-block-heading\" style=\"color:#6f690a;text-transform:uppercase\">Produits<\/h2>\n\n<p class=\"has-text-align-center reveal has-text-color\" style=\"color:#6f690a\"><em>Azienda Agricola Buonamici<\/em> favorise la consommation responsable, l\u2019alimentation saine et le soin du corps, afin d\u2019atteindre un bien-\u00eatre global. Nous offrons une vaste gamme de produits qui comprend huile extra vierge d\u2019olive, sauces et produits cosm\u00e9tiques. Les mati\u00e8res premi\u00e8res soigneusement contr\u00f4l\u00e9es et notre m\u00e9ticuleux modus operandi nous permettent de maintenir un standard de qualit\u00e9 \u00e9lev\u00e9.<\/p>\n\n<div class=\"wp-block-buttons is-content-justification-center is-layout-flex wp-container-core-buttons-is-layout-a89b3969 wp-block-buttons-is-layout-flex\"><div class=\"wp-block-button has-custom-font-size is-style-outline reveal is-style-outline--6\" style=\"font-size:16px\"><a class=\"wp-block-button__link has-text-color has-background\" href=\"https:\/\/buonamici.it\/fr\/nos-produits\/\" style=\"border-radius:12px;background-color:#ffffff00;color:#6f690a\">En savoir plus<\/a><\/div><\/div><\/div><\/section><section class=\"wp-block-uagb-section uagb-section__wrap uagb-section__background-image uagb-block-24622a6e\" id=\"prizes\"><div class=\"uagb-section__overlay\"><\/div><div class=\"uagb-section__inner-wrap\"><div class=\"wp-block-image multiply\"><figure class=\"aligncenter size-full\"><img loading=\"lazy\" decoding=\"async\" width=\"482\" height=\"392\" src=\"https:\/\/buonamici.it\/wp-content\/uploads\/2022\/06\/prizes.jpg\" alt=\"\" class=\"wp-image-81\" srcset=\"https:\/\/buonamici.it\/wp-content\/uploads\/2022\/06\/prizes.jpg 482w, https:\/\/buonamici.it\/wp-content\/uploads\/2022\/06\/prizes-300x244.jpg 300w\" sizes=\"auto, (max-width: 482px) 100vw, 482px\" \/><\/figure><\/div>\n\n<h2 class=\"has-text-align-center reveal has-text-color has-large-font-size wp-block-heading\" style=\"color:#6f690a;text-transform:uppercase\">Prix<\/h2>\n\n<p class=\"has-text-align-center reveal has-text-color\" style=\"color:#6f690a\">Au cours des ann\u00e9es, notre entreprise agricole a remport\u00e9 de nombreux prix aussi bien en Italie qu\u2019\u00e0 l\u2019\u00e9tranger, excellant dans les concours de d\u00e9gustation.<\/p>\n\n<div class=\"wp-block-buttons is-content-justification-center is-layout-flex wp-container-core-buttons-is-layout-a89b3969 wp-block-buttons-is-layout-flex\"><div class=\"wp-block-button has-custom-font-size is-style-outline reveal is-style-outline--7\" style=\"font-size:16px\"><a class=\"wp-block-button__link has-text-color has-background\" href=\"https:\/\/buonamici.it\/fr\/prix\/\" style=\"border-radius:12px;background-color:#ffffff00;color:#6f690a\">En savoir plus<\/a><\/div><\/div><\/div><\/section>","protected":false},"excerpt":{"rendered":"<p>18 octobre 2022 Ouverture du nouveau moulin \u00e0 huile Buonamici Azienda Agricola Buonamici Azienda Agricola Buonamici se trouve \u00e0 Montebeni, dans la municipalit\u00e9 de Fiesole, une c\u00e9l\u00e8bre colline qui entoure la ville de Florence. Fond\u00e9e en 1991, l\u2019entreprise agricole joue aujourd\u2019hui un r\u00f4le fondamental dans le domaine de la culture d\u2019oliviers et de la production <a href=\"https:\/\/buonamici.it\/fr\/\" class=\"more-link\">&#8230;<span class=\"screen-reader-text\">  Homepage<\/span><\/a><\/p>\n","protected":false},"author":1,"featured_media":0,"parent":0,"menu_order":0,"comment_status":"closed","ping_status":"closed","template":"","meta":{"_acf_changed":false,"_uag_custom_page_level_css":"","footnotes":""},"class_list":["post-293","page","type-page","status-publish","hentry"],"acf":[],"yoast_head":"<!-- This site is optimized with the Yoast SEO plugin v24.2 - https:\/\/yoast.com\/wordpress\/plugins\/seo\/ -->\n<title>Homepage - Buonamici<\/title>\n<meta name=\"robots\" content=\"index, follow, max-snippet:-1, max-image-preview:large, max-video-preview:-1\" \/>\n<link rel=\"canonical\" href=\"https:\/\/buonamici.it\/fr\/\" \/>\n<meta property=\"og:locale\" content=\"fr_FR\" \/>\n<meta property=\"og:type\" content=\"article\" \/>\n<meta property=\"og:title\" content=\"Homepage - Buonamici\" \/>\n<meta property=\"og:description\" content=\"18 octobre 2022 Ouverture du nouveau moulin \u00e0 huile Buonamici Azienda Agricola Buonamici Azienda Agricola Buonamici se trouve \u00e0 Montebeni, dans la municipalit\u00e9 de Fiesole, une c\u00e9l\u00e8bre colline qui entoure la ville de Florence. Fond\u00e9e en 1991, l\u2019entreprise agricole joue aujourd\u2019hui un r\u00f4le fondamental dans le domaine de la culture d\u2019oliviers et de la production ... Homepage\" \/>\n<meta property=\"og:url\" content=\"https:\/\/buonamici.it\/fr\/\" \/>\n<meta property=\"og:site_name\" content=\"Buonamici\" \/>\n<meta property=\"article:modified_time\" content=\"2022-09-27T07:41:45+00:00\" \/>\n<meta property=\"og:image\" content=\"https:\/\/buonamici.it\/wp-content\/uploads\/2022\/06\/logo_buonamici@2x.png\" \/>\n<meta name=\"twitter:card\" content=\"summary_large_image\" \/>\n<meta name=\"twitter:label1\" content=\"Dur\u00e9e de lecture estim\u00e9e\" \/>\n\t<meta name=\"twitter:data1\" content=\"3 minutes\" \/>\n<script type=\"application\/ld+json\" class=\"yoast-schema-graph\">{\"@context\":\"https:\/\/schema.org\",\"@graph\":[{\"@type\":\"WebPage\",\"@id\":\"https:\/\/buonamici.it\/fr\/\",\"url\":\"https:\/\/buonamici.it\/fr\/\",\"name\":\"Homepage - Buonamici\",\"isPartOf\":{\"@id\":\"https:\/\/buonamici.it\/en\/#website\"},\"primaryImageOfPage\":{\"@id\":\"https:\/\/buonamici.it\/fr\/#primaryimage\"},\"image\":{\"@id\":\"https:\/\/buonamici.it\/fr\/#primaryimage\"},\"thumbnailUrl\":\"https:\/\/buonamici.it\/wp-content\/uploads\/2022\/06\/logo_buonamici@2x.png\",\"datePublished\":\"2022-06-01T10:10:42+00:00\",\"dateModified\":\"2022-09-27T07:41:45+00:00\",\"breadcrumb\":{\"@id\":\"https:\/\/buonamici.it\/fr\/#breadcrumb\"},\"inLanguage\":\"fr-FR\",\"potentialAction\":[{\"@type\":\"ReadAction\",\"target\":[\"https:\/\/buonamici.it\/fr\/\"]}]},{\"@type\":\"ImageObject\",\"inLanguage\":\"fr-FR\",\"@id\":\"https:\/\/buonamici.it\/fr\/#primaryimage\",\"url\":\"https:\/\/buonamici.it\/wp-content\/uploads\/2022\/06\/logo_buonamici@2x.png\",\"contentUrl\":\"https:\/\/buonamici.it\/wp-content\/uploads\/2022\/06\/logo_buonamici@2x.png\"},{\"@type\":\"BreadcrumbList\",\"@id\":\"https:\/\/buonamici.it\/fr\/#breadcrumb\",\"itemListElement\":[{\"@type\":\"ListItem\",\"position\":1,\"name\":\"Home\",\"item\":\"https:\/\/buonamici.it\/fr\/\"},{\"@type\":\"ListItem\",\"position\":2,\"name\":\"Homepage\"}]},{\"@type\":\"WebSite\",\"@id\":\"https:\/\/buonamici.it\/en\/#website\",\"url\":\"https:\/\/buonamici.it\/en\/\",\"name\":\"Buonamici\",\"description\":\"Un nuovo sito targato WordPress\",\"potentialAction\":[{\"@type\":\"SearchAction\",\"target\":{\"@type\":\"EntryPoint\",\"urlTemplate\":\"https:\/\/buonamici.it\/en\/?s={search_term_string}\"},\"query-input\":{\"@type\":\"PropertyValueSpecification\",\"valueRequired\":true,\"valueName\":\"search_term_string\"}}],\"inLanguage\":\"fr-FR\"}]}<\/script>\n<!-- \/ Yoast SEO plugin. -->","yoast_head_json":{"title":"Homepage - Buonamici","robots":{"index":"index","follow":"follow","max-snippet":"max-snippet:-1","max-image-preview":"max-image-preview:large","max-video-preview":"max-video-preview:-1"},"canonical":"https:\/\/buonamici.it\/fr\/","og_locale":"fr_FR","og_type":"article","og_title":"Homepage - Buonamici","og_description":"18 octobre 2022 Ouverture du nouveau moulin \u00e0 huile Buonamici Azienda Agricola Buonamici Azienda Agricola Buonamici se trouve \u00e0 Montebeni, dans la municipalit\u00e9 de Fiesole, une c\u00e9l\u00e8bre colline qui entoure la ville de Florence. Fond\u00e9e en 1991, l\u2019entreprise agricole joue aujourd\u2019hui un r\u00f4le fondamental dans le domaine de la culture d\u2019oliviers et de la production ... Homepage","og_url":"https:\/\/buonamici.it\/fr\/","og_site_name":"Buonamici","article_modified_time":"2022-09-27T07:41:45+00:00","og_image":[{"url":"https:\/\/buonamici.it\/wp-content\/uploads\/2022\/06\/logo_buonamici@2x.png","type":"","width":"","height":""}],"twitter_card":"summary_large_image","twitter_misc":{"Dur\u00e9e de lecture estim\u00e9e":"3 minutes"},"schema":{"@context":"https:\/\/schema.org","@graph":[{"@type":"WebPage","@id":"https:\/\/buonamici.it\/fr\/","url":"https:\/\/buonamici.it\/fr\/","name":"Homepage - Buonamici","isPartOf":{"@id":"https:\/\/buonamici.it\/en\/#website"},"primaryImageOfPage":{"@id":"https:\/\/buonamici.it\/fr\/#primaryimage"},"image":{"@id":"https:\/\/buonamici.it\/fr\/#primaryimage"},"thumbnailUrl":"https:\/\/buonamici.it\/wp-content\/uploads\/2022\/06\/logo_buonamici@2x.png","datePublished":"2022-06-01T10:10:42+00:00","dateModified":"2022-09-27T07:41:45+00:00","breadcrumb":{"@id":"https:\/\/buonamici.it\/fr\/#breadcrumb"},"inLanguage":"fr-FR","potentialAction":[{"@type":"ReadAction","target":["https:\/\/buonamici.it\/fr\/"]}]},{"@type":"ImageObject","inLanguage":"fr-FR","@id":"https:\/\/buonamici.it\/fr\/#primaryimage","url":"https:\/\/buonamici.it\/wp-content\/uploads\/2022\/06\/logo_buonamici@2x.png","contentUrl":"https:\/\/buonamici.it\/wp-content\/uploads\/2022\/06\/logo_buonamici@2x.png"},{"@type":"BreadcrumbList","@id":"https:\/\/buonamici.it\/fr\/#breadcrumb","itemListElement":[{"@type":"ListItem","position":1,"name":"Home","item":"https:\/\/buonamici.it\/fr\/"},{"@type":"ListItem","position":2,"name":"Homepage"}]},{"@type":"WebSite","@id":"https:\/\/buonamici.it\/en\/#website","url":"https:\/\/buonamici.it\/en\/","name":"Buonamici","description":"Un nuovo sito targato WordPress","potentialAction":[{"@type":"SearchAction","target":{"@type":"EntryPoint","urlTemplate":"https:\/\/buonamici.it\/en\/?s={search_term_string}"},"query-input":{"@type":"PropertyValueSpecification","valueRequired":true,"valueName":"search_term_string"}}],"inLanguage":"fr-FR"}]}},"uagb_featured_image_src":{"full":false,"thumbnail":false,"medium":false,"medium_large":false,"large":false,"1536x1536":false,"2048x2048":false,"woocommerce_thumbnail":false,"woocommerce_single":false,"woocommerce_gallery_thumbnail":false},"uagb_author_info":{"display_name":"MarcoGruppoCo","author_link":"https:\/\/buonamici.it\/fr\/author\/marcogruppoco\/"},"uagb_comment_info":0,"uagb_excerpt":"18 octobre 2022 Ouverture du nouveau moulin \u00e0 huile Buonamici Azienda Agricola Buonamici Azienda Agricola Buonamici se trouve \u00e0 Montebeni, dans la municipalit\u00e9 de Fiesole, une c\u00e9l\u00e8bre colline qui entoure la ville de Florence. Fond\u00e9e en 1991, l\u2019entreprise agricole joue aujourd\u2019hui un r\u00f4le fondamental dans le domaine de la culture d\u2019oliviers et de la production\u2026","_links":{"self":[{"href":"https:\/\/buonamici.it\/fr\/wp-json\/wp\/v2\/pages\/293","targetHints":{"allow":["GET"]}}],"collection":[{"href":"https:\/\/buonamici.it\/fr\/wp-json\/wp\/v2\/pages"}],"about":[{"href":"https:\/\/buonamici.it\/fr\/wp-json\/wp\/v2\/types\/page"}],"author":[{"embeddable":true,"href":"https:\/\/buonamici.it\/fr\/wp-json\/wp\/v2\/users\/1"}],"replies":[{"embeddable":true,"href":"https:\/\/buonamici.it\/fr\/wp-json\/wp\/v2\/comments?post=293"}],"version-history":[{"count":7,"href":"https:\/\/buonamici.it\/fr\/wp-json\/wp\/v2\/pages\/293\/revisions"}],"predecessor-version":[{"id":478,"href":"https:\/\/buonamici.it\/fr\/wp-json\/wp\/v2\/pages\/293\/revisions\/478"}],"wp:attachment":[{"href":"https:\/\/buonamici.it\/fr\/wp-json\/wp\/v2\/media?parent=293"}],"curies":[{"name":"wp","href":"https:\/\/api.w.org\/{rel}","templated":true}]}}