{"id":308,"date":"2022-06-01T11:40:12","date_gmt":"2022-06-01T09:40:12","guid":{"rendered":"https:\/\/buonamici.it\/ecosostenibilita\/"},"modified":"2022-06-21T10:54:23","modified_gmt":"2022-06-21T08:54:23","slug":"sustainability","status":"publish","type":"page","link":"https:\/\/buonamici.it\/en\/sustainability\/","title":{"rendered":"Sustainability"},"content":{"rendered":"<section class=\"wp-block-uagb-section uagb-section__wrap uagb-section__background-image uagb-block-b9ef12e7 photo-header\"><div class=\"uagb-section__overlay\"><\/div><div class=\"uagb-section__inner-wrap\"><p><\/p><\/div><\/section><section class=\"wp-block-uagb-section uagb-section__wrap uagb-section__background-color uagb-block-c8218741\"><div class=\"uagb-section__overlay\"><\/div><div class=\"uagb-section__inner-wrap\"><h1 class=\"has-text-align-center has-white-color has-text-color has-large-font-size wp-block-heading\" style=\"text-transform:uppercase\">Ecosostenibilit\u00e0<\/h1>\n\n<p class=\"has-text-align-center has-white-color has-text-color\">L\u2019Azienda Buonamici \u00e8 biologica dal 1995, certificata da ICEA (Istituto per la Certificazione Etica Ambientale) nonch\u00e9 a livello europeo (certificazione ISO9001). L\u2019azienda \u00e8 stata inoltre premiata nel 2005 e nel 2008 come impresa eco-efficiente dalla regione Toscana con il \u201cPremio Toscana Eco-efficienza\u201d per il risparmio energetico ottenuto con l\u2019impianto termico a biomassa.<\/p><\/div><\/section><section class=\"wp-block-uagb-section uagb-section__wrap uagb-section__background-image uagb-block-9e767b6b full-height\"><div class=\"uagb-section__overlay\"><\/div><div class=\"uagb-section__inner-wrap\"><\/div><\/section><section class=\"wp-block-uagb-section uagb-section__wrap uagb-section__background-color uagb-block-d6e0f588\"><div class=\"uagb-section__overlay\"><\/div><div class=\"uagb-section__inner-wrap\"><p class=\"has-text-align-center has-text-color\" style=\"color:#6f690a\">Il nostro orientamento <strong><em>ecofriendly<\/em><\/strong> \u00e8 stato quindi applicato sia nell\u2019implementazione di una produzione interamente biologica sia nella riduzione dei consumi di risorse non rinnovabili, tramite l\u2019utilizzo di scarti di potatura, chiamato cippato, e del nocciolino d\u2019oliva, scarto ottenuto dalla lavorazione delle olive. La nostra attivit\u00e0 opera cos\u00ec non solo per fornire prodotti sani e di qualit\u00e0 ma anche protettrice del paesaggio rurale toscano e, pi\u00f9 in generale, del nostro pianeta e del nostro futuro.<\/p><\/div><\/section>","protected":false},"excerpt":{"rendered":"","protected":false},"author":1,"featured_media":0,"parent":0,"menu_order":0,"comment_status":"closed","ping_status":"closed","template":"","meta":{"_acf_changed":false,"_uag_custom_page_level_css":"","footnotes":""},"class_list":["post-308","page","type-page","status-publish","hentry"],"acf":[],"yoast_head":"<!-- This site is optimized with the Yoast SEO plugin v24.2 - https:\/\/yoast.com\/wordpress\/plugins\/seo\/ -->\n<title>Sustainability - Buonamici<\/title>\n<meta name=\"robots\" content=\"index, follow, max-snippet:-1, max-image-preview:large, max-video-preview:-1\" \/>\n<link rel=\"canonical\" href=\"https:\/\/buonamici.it\/en\/sustainability\/\" \/>\n<meta property=\"og:locale\" content=\"en_US\" \/>\n<meta property=\"og:type\" content=\"article\" \/>\n<meta property=\"og:title\" content=\"Sustainability - Buonamici\" \/>\n<meta property=\"og:url\" content=\"https:\/\/buonamici.it\/en\/sustainability\/\" \/>\n<meta property=\"og:site_name\" content=\"Buonamici\" \/>\n<meta property=\"article:modified_time\" content=\"2022-06-21T08:54:23+00:00\" \/>\n<meta name=\"twitter:card\" content=\"summary_large_image\" \/>\n<meta name=\"twitter:label1\" content=\"Est. reading time\" \/>\n\t<meta name=\"twitter:data1\" content=\"1 minute\" \/>\n<script type=\"application\/ld+json\" class=\"yoast-schema-graph\">{\"@context\":\"https:\/\/schema.org\",\"@graph\":[{\"@type\":\"WebPage\",\"@id\":\"https:\/\/buonamici.it\/en\/sustainability\/\",\"url\":\"https:\/\/buonamici.it\/en\/sustainability\/\",\"name\":\"Sustainability - Buonamici\",\"isPartOf\":{\"@id\":\"https:\/\/buonamici.it\/en\/#website\"},\"datePublished\":\"2022-06-01T09:40:12+00:00\",\"dateModified\":\"2022-06-21T08:54:23+00:00\",\"breadcrumb\":{\"@id\":\"https:\/\/buonamici.it\/en\/sustainability\/#breadcrumb\"},\"inLanguage\":\"en-US\",\"potentialAction\":[{\"@type\":\"ReadAction\",\"target\":[\"https:\/\/buonamici.it\/en\/sustainability\/\"]}]},{\"@type\":\"BreadcrumbList\",\"@id\":\"https:\/\/buonamici.it\/en\/sustainability\/#breadcrumb\",\"itemListElement\":[{\"@type\":\"ListItem\",\"position\":1,\"name\":\"Home\",\"item\":\"https:\/\/buonamici.it\/en\/\"},{\"@type\":\"ListItem\",\"position\":2,\"name\":\"Sustainability\"}]},{\"@type\":\"WebSite\",\"@id\":\"https:\/\/buonamici.it\/en\/#website\",\"url\":\"https:\/\/buonamici.it\/en\/\",\"name\":\"Buonamici\",\"description\":\"Un nuovo sito targato WordPress\",\"potentialAction\":[{\"@type\":\"SearchAction\",\"target\":{\"@type\":\"EntryPoint\",\"urlTemplate\":\"https:\/\/buonamici.it\/en\/?s={search_term_string}\"},\"query-input\":{\"@type\":\"PropertyValueSpecification\",\"valueRequired\":true,\"valueName\":\"search_term_string\"}}],\"inLanguage\":\"en-US\"}]}<\/script>\n<!-- \/ Yoast SEO plugin. -->","yoast_head_json":{"title":"Sustainability - Buonamici","robots":{"index":"index","follow":"follow","max-snippet":"max-snippet:-1","max-image-preview":"max-image-preview:large","max-video-preview":"max-video-preview:-1"},"canonical":"https:\/\/buonamici.it\/en\/sustainability\/","og_locale":"en_US","og_type":"article","og_title":"Sustainability - Buonamici","og_url":"https:\/\/buonamici.it\/en\/sustainability\/","og_site_name":"Buonamici","article_modified_time":"2022-06-21T08:54:23+00:00","twitter_card":"summary_large_image","twitter_misc":{"Est. reading time":"1 minute"},"schema":{"@context":"https:\/\/schema.org","@graph":[{"@type":"WebPage","@id":"https:\/\/buonamici.it\/en\/sustainability\/","url":"https:\/\/buonamici.it\/en\/sustainability\/","name":"Sustainability - Buonamici","isPartOf":{"@id":"https:\/\/buonamici.it\/en\/#website"},"datePublished":"2022-06-01T09:40:12+00:00","dateModified":"2022-06-21T08:54:23+00:00","breadcrumb":{"@id":"https:\/\/buonamici.it\/en\/sustainability\/#breadcrumb"},"inLanguage":"en-US","potentialAction":[{"@type":"ReadAction","target":["https:\/\/buonamici.it\/en\/sustainability\/"]}]},{"@type":"BreadcrumbList","@id":"https:\/\/buonamici.it\/en\/sustainability\/#breadcrumb","itemListElement":[{"@type":"ListItem","position":1,"name":"Home","item":"https:\/\/buonamici.it\/en\/"},{"@type":"ListItem","position":2,"name":"Sustainability"}]},{"@type":"WebSite","@id":"https:\/\/buonamici.it\/en\/#website","url":"https:\/\/buonamici.it\/en\/","name":"Buonamici","description":"Un nuovo sito targato WordPress","potentialAction":[{"@type":"SearchAction","target":{"@type":"EntryPoint","urlTemplate":"https:\/\/buonamici.it\/en\/?s={search_term_string}"},"query-input":{"@type":"PropertyValueSpecification","valueRequired":true,"valueName":"search_term_string"}}],"inLanguage":"en-US"}]}},"uagb_featured_image_src":{"full":false,"thumbnail":false,"medium":false,"medium_large":false,"large":false,"1536x1536":false,"2048x2048":false,"woocommerce_thumbnail":false,"woocommerce_single":false,"woocommerce_gallery_thumbnail":false},"uagb_author_info":{"display_name":"MarcoGruppoCo","author_link":"https:\/\/buonamici.it\/en\/author\/marcogruppoco\/"},"uagb_comment_info":0,"uagb_excerpt":null,"_links":{"self":[{"href":"https:\/\/buonamici.it\/en\/wp-json\/wp\/v2\/pages\/308","targetHints":{"allow":["GET"]}}],"collection":[{"href":"https:\/\/buonamici.it\/en\/wp-json\/wp\/v2\/pages"}],"about":[{"href":"https:\/\/buonamici.it\/en\/wp-json\/wp\/v2\/types\/page"}],"author":[{"embeddable":true,"href":"https:\/\/buonamici.it\/en\/wp-json\/wp\/v2\/users\/1"}],"replies":[{"embeddable":true,"href":"https:\/\/buonamici.it\/en\/wp-json\/wp\/v2\/comments?post=308"}],"version-history":[{"count":3,"href":"https:\/\/buonamici.it\/en\/wp-json\/wp\/v2\/pages\/308\/revisions"}],"predecessor-version":[{"id":339,"href":"https:\/\/buonamici.it\/en\/wp-json\/wp\/v2\/pages\/308\/revisions\/339"}],"wp:attachment":[{"href":"https:\/\/buonamici.it\/en\/wp-json\/wp\/v2\/media?parent=308"}],"curies":[{"name":"wp","href":"https:\/\/api.w.org\/{rel}","templated":true}]}}